{"id":20349,"date":"2026-04-21T12:25:58","date_gmt":"2026-04-21T10:25:58","guid":{"rendered":"https:\/\/roadeu.com\/sklep\/?post_type=product&#038;p=20349"},"modified":"2026-04-21T12:30:29","modified_gmt":"2026-04-21T10:30:29","slug":"baustromverteiler-16a-cee-5-polig-3x-230v-schuko-ip44-wandverteiler-mit-sicherungsautomat-c16a","status":"publish","type":"product","link":"https:\/\/roadeu.com\/sklep\/de\/produkt\/baustromverteiler-16a-cee-5-polig-3x-230v-schuko-ip44-wandverteiler-mit-sicherungsautomat-c16a\/","title":{"rendered":"Baustromverteiler 16A \u2013 CEE 5-polig + 3x 230V Schuko IP44 \u2013 Wandverteiler mit Sicherungsautomat C16A"},"content":{"rendered":"<p><strong>Info zu diesem Artikel<\/strong><\/p>\n<p>\ud83d\udd0c<strong> 1x CEE 16A 5P<\/strong> + 3x 230V Schuko IP44 &#8211; Perfekt f\u00fcr gleichzeitige Nutzung von Starkstrom- und Haushaltsger\u00e4ten \u2013 mit Klappdeckeln gegen Feuchtigkeit und Staub.<br \/>\n\u26a1 <strong>Vorverdrahtet<\/strong> &amp; anschlussbereit &#8211; Schnelle Installation durch vorkonfektionierte Verkabelung mit N+PE-Klemmen \u2013 spart Zeit und Aufwand.<br \/>\n\ud83d\udee1\ufe0f <strong>Sicher mit<\/strong> LS-Automaten C16A 3P + 1P &#8211; Schutz vor \u00dcberlastung &amp; Kurzschluss \u2013 mit T\u00dcV-gepr\u00fcften Komponenten f\u00fcr h\u00f6chste Sicherheit.<br \/>\n\ud83d\udca7 <strong>Witterungsbest\u00e4ndig<\/strong> \u2013 IP44 Geh\u00e4use &#8211; Staub- und spritzwassergesch\u00fctzt \u2013 f\u00fcr Baustelle, Werkstatt, Garage und Au\u00dfenanlagen.<br \/>\n\ud83e\uddf0 <strong>Wandmontage<\/strong> oder mobil einsetzbar &#8211; Flexible Verwendung je nach Bedarf \u2013 inklusive PG16-Kabelverschraubung f\u00fcr sicheren Leitungseinlass.<\/p>\n<p>&nbsp;<\/p>\n","protected":false},"excerpt":{"rendered":"<p><strong>Stromverteiler<\/strong><\/p>\n","protected":false},"featured_media":20352,"template":"","meta":[],"product_brand":[377],"product_cat":[363],"product_tag":[],"class_list":{"0":"post-20349","1":"product","2":"type-product","3":"status-publish","4":"has-post-thumbnail","6":"product_brand-roadeu-de","7":"product_cat-verteilerschranke-steckschlusselsatze","9":"first","10":"instock","11":"taxable","12":"shipping-taxable","13":"purchasable","14":"product-type-simple"},"yoast_head":"<!-- This site is optimized with the Yoast SEO plugin v27.4 - https:\/\/yoast.com\/product\/yoast-seo-wordpress\/ -->\n<title>Baustromverteiler 16A \u2013 CEE 5-polig + 3x 230V Schuko IP44 \u2013 Wandverteiler mit Sicherungsautomat C16A - Road<\/title>\n<meta name=\"robots\" content=\"index, follow, max-snippet:-1, max-image-preview:large, max-video-preview:-1\" \/>\n<link rel=\"canonical\" href=\"https:\/\/roadeu.com\/sklep\/de\/produkt\/baustromverteiler-16a-cee-5-polig-3x-230v-schuko-ip44-wandverteiler-mit-sicherungsautomat-c16a\/\" \/>\n<meta property=\"og:locale\" content=\"de_DE\" \/>\n<meta property=\"og:type\" content=\"article\" \/>\n<meta property=\"og:title\" content=\"Baustromverteiler 16A \u2013 CEE 5-polig + 3x 230V Schuko IP44 \u2013 Wandverteiler mit Sicherungsautomat C16A - Road\" \/>\n<meta property=\"og:description\" content=\"Stromverteiler\" \/>\n<meta property=\"og:url\" content=\"https:\/\/roadeu.com\/sklep\/de\/produkt\/baustromverteiler-16a-cee-5-polig-3x-230v-schuko-ip44-wandverteiler-mit-sicherungsautomat-c16a\/\" \/>\n<meta property=\"og:site_name\" content=\"Road\" \/>\n<meta property=\"article:modified_time\" content=\"2026-04-21T10:30:29+00:00\" \/>\n<meta property=\"og:image\" content=\"https:\/\/roadeu.com\/sklep\/wp-content\/uploads\/2026\/04\/1-54.jpg\" \/>\n\t<meta property=\"og:image:width\" content=\"1274\" \/>\n\t<meta property=\"og:image:height\" content=\"1500\" \/>\n\t<meta property=\"og:image:type\" content=\"image\/jpeg\" \/>\n<meta name=\"twitter:card\" content=\"summary_large_image\" \/>\n<meta name=\"twitter:label1\" content=\"Gesch\u00e4tzte Lesezeit\" \/>\n\t<meta name=\"twitter:data1\" content=\"1\u00a0Minute\" \/>\n<script type=\"application\/ld+json\" class=\"yoast-schema-graph\">{\"@context\":\"https:\\\/\\\/schema.org\",\"@graph\":[{\"@type\":\"WebPage\",\"@id\":\"https:\\\/\\\/roadeu.com\\\/sklep\\\/de\\\/produkt\\\/baustromverteiler-16a-cee-5-polig-3x-230v-schuko-ip44-wandverteiler-mit-sicherungsautomat-c16a\\\/\",\"url\":\"https:\\\/\\\/roadeu.com\\\/sklep\\\/de\\\/produkt\\\/baustromverteiler-16a-cee-5-polig-3x-230v-schuko-ip44-wandverteiler-mit-sicherungsautomat-c16a\\\/\",\"name\":\"Baustromverteiler 16A \u2013 CEE 5-polig + 3x 230V Schuko IP44 \u2013 Wandverteiler mit Sicherungsautomat C16A - Road\",\"isPartOf\":{\"@id\":\"https:\\\/\\\/roadeu.com\\\/sklep\\\/de\\\/#website\"},\"primaryImageOfPage\":{\"@id\":\"https:\\\/\\\/roadeu.com\\\/sklep\\\/de\\\/produkt\\\/baustromverteiler-16a-cee-5-polig-3x-230v-schuko-ip44-wandverteiler-mit-sicherungsautomat-c16a\\\/#primaryimage\"},\"image\":{\"@id\":\"https:\\\/\\\/roadeu.com\\\/sklep\\\/de\\\/produkt\\\/baustromverteiler-16a-cee-5-polig-3x-230v-schuko-ip44-wandverteiler-mit-sicherungsautomat-c16a\\\/#primaryimage\"},\"thumbnailUrl\":\"https:\\\/\\\/roadeu.com\\\/sklep\\\/wp-content\\\/uploads\\\/2026\\\/04\\\/1-54.jpg\",\"datePublished\":\"2026-04-21T10:25:58+00:00\",\"dateModified\":\"2026-04-21T10:30:29+00:00\",\"breadcrumb\":{\"@id\":\"https:\\\/\\\/roadeu.com\\\/sklep\\\/de\\\/produkt\\\/baustromverteiler-16a-cee-5-polig-3x-230v-schuko-ip44-wandverteiler-mit-sicherungsautomat-c16a\\\/#breadcrumb\"},\"inLanguage\":\"de\",\"potentialAction\":[{\"@type\":\"ReadAction\",\"target\":[\"https:\\\/\\\/roadeu.com\\\/sklep\\\/de\\\/produkt\\\/baustromverteiler-16a-cee-5-polig-3x-230v-schuko-ip44-wandverteiler-mit-sicherungsautomat-c16a\\\/\"]}]},{\"@type\":\"ImageObject\",\"inLanguage\":\"de\",\"@id\":\"https:\\\/\\\/roadeu.com\\\/sklep\\\/de\\\/produkt\\\/baustromverteiler-16a-cee-5-polig-3x-230v-schuko-ip44-wandverteiler-mit-sicherungsautomat-c16a\\\/#primaryimage\",\"url\":\"https:\\\/\\\/roadeu.com\\\/sklep\\\/wp-content\\\/uploads\\\/2026\\\/04\\\/1-54.jpg\",\"contentUrl\":\"https:\\\/\\\/roadeu.com\\\/sklep\\\/wp-content\\\/uploads\\\/2026\\\/04\\\/1-54.jpg\",\"width\":1274,\"height\":1500},{\"@type\":\"BreadcrumbList\",\"@id\":\"https:\\\/\\\/roadeu.com\\\/sklep\\\/de\\\/produkt\\\/baustromverteiler-16a-cee-5-polig-3x-230v-schuko-ip44-wandverteiler-mit-sicherungsautomat-c16a\\\/#breadcrumb\",\"itemListElement\":[{\"@type\":\"ListItem\",\"position\":1,\"name\":\"Strona g\u0142\u00f3wna\",\"item\":\"https:\\\/\\\/roadeu.com\\\/sklep\\\/de\\\/shop\\\/\"},{\"@type\":\"ListItem\",\"position\":2,\"name\":\"Shop\",\"item\":\"https:\\\/\\\/roadeu.com\\\/sklep\\\/de\\\/shop\\\/\"},{\"@type\":\"ListItem\",\"position\":3,\"name\":\"Baustromverteiler 16A \u2013 CEE 5-polig + 3x 230V Schuko IP44 \u2013 Wandverteiler mit Sicherungsautomat C16A\"}]},{\"@type\":\"WebSite\",\"@id\":\"https:\\\/\\\/roadeu.com\\\/sklep\\\/de\\\/#website\",\"url\":\"https:\\\/\\\/roadeu.com\\\/sklep\\\/de\\\/\",\"name\":\"Road\",\"description\":\"Hurtownia Elektryczna w Dzier\u017coniowie. Producent sprz\u0119tu elektrycznego.\",\"publisher\":{\"@id\":\"https:\\\/\\\/roadeu.com\\\/sklep\\\/de\\\/#organization\"},\"potentialAction\":[{\"@type\":\"SearchAction\",\"target\":{\"@type\":\"EntryPoint\",\"urlTemplate\":\"https:\\\/\\\/roadeu.com\\\/sklep\\\/de\\\/?s={search_term_string}\"},\"query-input\":{\"@type\":\"PropertyValueSpecification\",\"valueRequired\":true,\"valueName\":\"search_term_string\"}}],\"inLanguage\":\"de\"},{\"@type\":\"Organization\",\"@id\":\"https:\\\/\\\/roadeu.com\\\/sklep\\\/de\\\/#organization\",\"name\":\"Road\",\"url\":\"https:\\\/\\\/roadeu.com\\\/sklep\\\/de\\\/\",\"logo\":{\"@type\":\"ImageObject\",\"inLanguage\":\"de\",\"@id\":\"https:\\\/\\\/roadeu.com\\\/sklep\\\/de\\\/#\\\/schema\\\/logo\\\/image\\\/\",\"url\":\"https:\\\/\\\/roadeu.com\\\/sklep\\\/wp-content\\\/uploads\\\/2025\\\/05\\\/logotype-lg-pl.png\",\"contentUrl\":\"https:\\\/\\\/roadeu.com\\\/sklep\\\/wp-content\\\/uploads\\\/2025\\\/05\\\/logotype-lg-pl.png\",\"width\":300,\"height\":70,\"caption\":\"Road\"},\"image\":{\"@id\":\"https:\\\/\\\/roadeu.com\\\/sklep\\\/de\\\/#\\\/schema\\\/logo\\\/image\\\/\"}}]}<\/script>\n<!-- \/ Yoast SEO plugin. -->","yoast_head_json":{"title":"Baustromverteiler 16A \u2013 CEE 5-polig + 3x 230V Schuko IP44 \u2013 Wandverteiler mit Sicherungsautomat C16A - Road","robots":{"index":"index","follow":"follow","max-snippet":"max-snippet:-1","max-image-preview":"max-image-preview:large","max-video-preview":"max-video-preview:-1"},"canonical":"https:\/\/roadeu.com\/sklep\/de\/produkt\/baustromverteiler-16a-cee-5-polig-3x-230v-schuko-ip44-wandverteiler-mit-sicherungsautomat-c16a\/","og_locale":"de_DE","og_type":"article","og_title":"Baustromverteiler 16A \u2013 CEE 5-polig + 3x 230V Schuko IP44 \u2013 Wandverteiler mit Sicherungsautomat C16A - Road","og_description":"Stromverteiler","og_url":"https:\/\/roadeu.com\/sklep\/de\/produkt\/baustromverteiler-16a-cee-5-polig-3x-230v-schuko-ip44-wandverteiler-mit-sicherungsautomat-c16a\/","og_site_name":"Road","article_modified_time":"2026-04-21T10:30:29+00:00","og_image":[{"width":1274,"height":1500,"url":"https:\/\/roadeu.com\/sklep\/wp-content\/uploads\/2026\/04\/1-54.jpg","type":"image\/jpeg"}],"twitter_card":"summary_large_image","twitter_misc":{"Gesch\u00e4tzte Lesezeit":"1\u00a0Minute"},"schema":{"@context":"https:\/\/schema.org","@graph":[{"@type":"WebPage","@id":"https:\/\/roadeu.com\/sklep\/de\/produkt\/baustromverteiler-16a-cee-5-polig-3x-230v-schuko-ip44-wandverteiler-mit-sicherungsautomat-c16a\/","url":"https:\/\/roadeu.com\/sklep\/de\/produkt\/baustromverteiler-16a-cee-5-polig-3x-230v-schuko-ip44-wandverteiler-mit-sicherungsautomat-c16a\/","name":"Baustromverteiler 16A \u2013 CEE 5-polig + 3x 230V Schuko IP44 \u2013 Wandverteiler mit Sicherungsautomat C16A - Road","isPartOf":{"@id":"https:\/\/roadeu.com\/sklep\/de\/#website"},"primaryImageOfPage":{"@id":"https:\/\/roadeu.com\/sklep\/de\/produkt\/baustromverteiler-16a-cee-5-polig-3x-230v-schuko-ip44-wandverteiler-mit-sicherungsautomat-c16a\/#primaryimage"},"image":{"@id":"https:\/\/roadeu.com\/sklep\/de\/produkt\/baustromverteiler-16a-cee-5-polig-3x-230v-schuko-ip44-wandverteiler-mit-sicherungsautomat-c16a\/#primaryimage"},"thumbnailUrl":"https:\/\/roadeu.com\/sklep\/wp-content\/uploads\/2026\/04\/1-54.jpg","datePublished":"2026-04-21T10:25:58+00:00","dateModified":"2026-04-21T10:30:29+00:00","breadcrumb":{"@id":"https:\/\/roadeu.com\/sklep\/de\/produkt\/baustromverteiler-16a-cee-5-polig-3x-230v-schuko-ip44-wandverteiler-mit-sicherungsautomat-c16a\/#breadcrumb"},"inLanguage":"de","potentialAction":[{"@type":"ReadAction","target":["https:\/\/roadeu.com\/sklep\/de\/produkt\/baustromverteiler-16a-cee-5-polig-3x-230v-schuko-ip44-wandverteiler-mit-sicherungsautomat-c16a\/"]}]},{"@type":"ImageObject","inLanguage":"de","@id":"https:\/\/roadeu.com\/sklep\/de\/produkt\/baustromverteiler-16a-cee-5-polig-3x-230v-schuko-ip44-wandverteiler-mit-sicherungsautomat-c16a\/#primaryimage","url":"https:\/\/roadeu.com\/sklep\/wp-content\/uploads\/2026\/04\/1-54.jpg","contentUrl":"https:\/\/roadeu.com\/sklep\/wp-content\/uploads\/2026\/04\/1-54.jpg","width":1274,"height":1500},{"@type":"BreadcrumbList","@id":"https:\/\/roadeu.com\/sklep\/de\/produkt\/baustromverteiler-16a-cee-5-polig-3x-230v-schuko-ip44-wandverteiler-mit-sicherungsautomat-c16a\/#breadcrumb","itemListElement":[{"@type":"ListItem","position":1,"name":"Strona g\u0142\u00f3wna","item":"https:\/\/roadeu.com\/sklep\/de\/shop\/"},{"@type":"ListItem","position":2,"name":"Shop","item":"https:\/\/roadeu.com\/sklep\/de\/shop\/"},{"@type":"ListItem","position":3,"name":"Baustromverteiler 16A \u2013 CEE 5-polig + 3x 230V Schuko IP44 \u2013 Wandverteiler mit Sicherungsautomat C16A"}]},{"@type":"WebSite","@id":"https:\/\/roadeu.com\/sklep\/de\/#website","url":"https:\/\/roadeu.com\/sklep\/de\/","name":"Road","description":"Hurtownia Elektryczna w Dzier\u017coniowie. Producent sprz\u0119tu elektrycznego.","publisher":{"@id":"https:\/\/roadeu.com\/sklep\/de\/#organization"},"potentialAction":[{"@type":"SearchAction","target":{"@type":"EntryPoint","urlTemplate":"https:\/\/roadeu.com\/sklep\/de\/?s={search_term_string}"},"query-input":{"@type":"PropertyValueSpecification","valueRequired":true,"valueName":"search_term_string"}}],"inLanguage":"de"},{"@type":"Organization","@id":"https:\/\/roadeu.com\/sklep\/de\/#organization","name":"Road","url":"https:\/\/roadeu.com\/sklep\/de\/","logo":{"@type":"ImageObject","inLanguage":"de","@id":"https:\/\/roadeu.com\/sklep\/de\/#\/schema\/logo\/image\/","url":"https:\/\/roadeu.com\/sklep\/wp-content\/uploads\/2025\/05\/logotype-lg-pl.png","contentUrl":"https:\/\/roadeu.com\/sklep\/wp-content\/uploads\/2025\/05\/logotype-lg-pl.png","width":300,"height":70,"caption":"Road"},"image":{"@id":"https:\/\/roadeu.com\/sklep\/de\/#\/schema\/logo\/image\/"}}]}},"_links":{"self":[{"href":"https:\/\/roadeu.com\/sklep\/de\/wp-json\/wp\/v2\/product\/20349","targetHints":{"allow":["GET"]}}],"collection":[{"href":"https:\/\/roadeu.com\/sklep\/de\/wp-json\/wp\/v2\/product"}],"about":[{"href":"https:\/\/roadeu.com\/sklep\/de\/wp-json\/wp\/v2\/types\/product"}],"wp:featuredmedia":[{"embeddable":true,"href":"https:\/\/roadeu.com\/sklep\/de\/wp-json\/wp\/v2\/media\/20352"}],"wp:attachment":[{"href":"https:\/\/roadeu.com\/sklep\/de\/wp-json\/wp\/v2\/media?parent=20349"}],"wp:term":[{"taxonomy":"product_brand","embeddable":true,"href":"https:\/\/roadeu.com\/sklep\/de\/wp-json\/wp\/v2\/product_brand?post=20349"},{"taxonomy":"product_cat","embeddable":true,"href":"https:\/\/roadeu.com\/sklep\/de\/wp-json\/wp\/v2\/product_cat?post=20349"},{"taxonomy":"product_tag","embeddable":true,"href":"https:\/\/roadeu.com\/sklep\/de\/wp-json\/wp\/v2\/product_tag?post=20349"}],"curies":[{"name":"wp","href":"https:\/\/api.w.org\/{rel}","templated":true}]}}