{"id":20321,"date":"2026-04-21T12:16:34","date_gmt":"2026-04-21T10:16:34","guid":{"rendered":"https:\/\/roadeu.com\/sklep\/?post_type=product&#038;p=20321"},"modified":"2026-04-21T12:23:03","modified_gmt":"2026-04-21T10:23:03","slug":"stromverteiler-16a-5p-2x-schuko-steckdosen-mit-hauptschalter-0-1-ip44-cee-verteiler-mit-sicherungsautomat-c16a-3p-c16a-1p","status":"publish","type":"product","link":"https:\/\/roadeu.com\/sklep\/de\/produkt\/stromverteiler-16a-5p-2x-schuko-steckdosen-mit-hauptschalter-0-1-ip44-cee-verteiler-mit-sicherungsautomat-c16a-3p-c16a-1p\/","title":{"rendered":"Stromverteiler 16A 5P, 2x Schuko Steckdosen mit Hauptschalter 0-1. IP44 CEE Verteiler mit Sicherungsautomat C16A 3P, C16A 1P"},"content":{"rendered":"<p><strong>Info zu diesem Artikel<\/strong><\/p>\n<p><strong>Hochwertige<\/strong> externe PCE Steckdosen mit Drehschalter und Leitungsschutzschalter. Der Stromverteiler ist vorverdrahtet und anschlussfertig. Die Verteilerkasten enth\u00e4lt auch eine PG16-Kabelverschraubung.<br \/>\n<strong>Dank des<\/strong> 0-1 Nockenschalter k\u00f6nnen Sie die Spannung in den Steckdosen jederzeit ein- oder ausschalten. CEE Verteiler 16A ist IP44-zertifiziert f\u00fcr den Innen- und Au\u00dfenbereich.<br \/>\n<strong>Starkstrom<\/strong> Verteiler &#8211; Absicherung: Sicherungsautomat &#8211; 1 x LS C16A 3P, 1 x LS C16A 1P &#8211; Schutz gegen die Auswirkungen elektrischer Kurzschl\u00fcsse. Herstellerzertifikate : T\u00dcV.<br \/>\n<strong>Wandverteiler<\/strong> Best\u00fcckung: CEE 16A 5P Steckdose, 2x 230V 16A IP44 Schuko dosen mit Klappen ausgestattet. Verteiler ist f\u00fcr die Wandmontage vorgesehen. Robuste und schlagfeste Stromkasten.<\/p>\n<p>&nbsp;<\/p>\n","protected":false},"excerpt":{"rendered":"<p><strong>Stromverteiler<\/strong><\/p>\n","protected":false},"featured_media":20328,"template":"","meta":[],"product_brand":[377],"product_cat":[363],"product_tag":[],"class_list":{"0":"post-20321","1":"product","2":"type-product","3":"status-publish","4":"has-post-thumbnail","6":"product_brand-roadeu-de","7":"product_cat-verteilerschranke-steckschlusselsatze","9":"first","10":"instock","11":"taxable","12":"shipping-taxable","13":"purchasable","14":"product-type-simple"},"yoast_head":"<!-- This site is optimized with the Yoast SEO plugin v27.4 - https:\/\/yoast.com\/product\/yoast-seo-wordpress\/ -->\n<title>Stromverteiler 16A 5P, 2x Schuko Steckdosen mit Hauptschalter 0-1. IP44 CEE Verteiler mit Sicherungsautomat C16A 3P, C16A 1P - Road<\/title>\n<meta name=\"robots\" content=\"index, follow, max-snippet:-1, max-image-preview:large, max-video-preview:-1\" \/>\n<link rel=\"canonical\" href=\"https:\/\/roadeu.com\/sklep\/de\/produkt\/stromverteiler-16a-5p-2x-schuko-steckdosen-mit-hauptschalter-0-1-ip44-cee-verteiler-mit-sicherungsautomat-c16a-3p-c16a-1p\/\" \/>\n<meta property=\"og:locale\" content=\"de_DE\" \/>\n<meta property=\"og:type\" content=\"article\" \/>\n<meta property=\"og:title\" content=\"Stromverteiler 16A 5P, 2x Schuko Steckdosen mit Hauptschalter 0-1. IP44 CEE Verteiler mit Sicherungsautomat C16A 3P, C16A 1P - Road\" \/>\n<meta property=\"og:description\" content=\"Stromverteiler\" \/>\n<meta property=\"og:url\" content=\"https:\/\/roadeu.com\/sklep\/de\/produkt\/stromverteiler-16a-5p-2x-schuko-steckdosen-mit-hauptschalter-0-1-ip44-cee-verteiler-mit-sicherungsautomat-c16a-3p-c16a-1p\/\" \/>\n<meta property=\"og:site_name\" content=\"Road\" \/>\n<meta property=\"article:modified_time\" content=\"2026-04-21T10:23:03+00:00\" \/>\n<meta property=\"og:image\" content=\"https:\/\/roadeu.com\/sklep\/wp-content\/uploads\/2026\/04\/5-53.jpg\" \/>\n\t<meta property=\"og:image:width\" content=\"1153\" \/>\n\t<meta property=\"og:image:height\" content=\"1500\" \/>\n\t<meta property=\"og:image:type\" content=\"image\/jpeg\" \/>\n<meta name=\"twitter:card\" content=\"summary_large_image\" \/>\n<meta name=\"twitter:label1\" content=\"Gesch\u00e4tzte Lesezeit\" \/>\n\t<meta name=\"twitter:data1\" content=\"1\u00a0Minute\" \/>\n<script type=\"application\/ld+json\" class=\"yoast-schema-graph\">{\"@context\":\"https:\\\/\\\/schema.org\",\"@graph\":[{\"@type\":\"WebPage\",\"@id\":\"https:\\\/\\\/roadeu.com\\\/sklep\\\/de\\\/produkt\\\/stromverteiler-16a-5p-2x-schuko-steckdosen-mit-hauptschalter-0-1-ip44-cee-verteiler-mit-sicherungsautomat-c16a-3p-c16a-1p\\\/\",\"url\":\"https:\\\/\\\/roadeu.com\\\/sklep\\\/de\\\/produkt\\\/stromverteiler-16a-5p-2x-schuko-steckdosen-mit-hauptschalter-0-1-ip44-cee-verteiler-mit-sicherungsautomat-c16a-3p-c16a-1p\\\/\",\"name\":\"Stromverteiler 16A 5P, 2x Schuko Steckdosen mit Hauptschalter 0-1. IP44 CEE Verteiler mit Sicherungsautomat C16A 3P, C16A 1P - Road\",\"isPartOf\":{\"@id\":\"https:\\\/\\\/roadeu.com\\\/sklep\\\/de\\\/#website\"},\"primaryImageOfPage\":{\"@id\":\"https:\\\/\\\/roadeu.com\\\/sklep\\\/de\\\/produkt\\\/stromverteiler-16a-5p-2x-schuko-steckdosen-mit-hauptschalter-0-1-ip44-cee-verteiler-mit-sicherungsautomat-c16a-3p-c16a-1p\\\/#primaryimage\"},\"image\":{\"@id\":\"https:\\\/\\\/roadeu.com\\\/sklep\\\/de\\\/produkt\\\/stromverteiler-16a-5p-2x-schuko-steckdosen-mit-hauptschalter-0-1-ip44-cee-verteiler-mit-sicherungsautomat-c16a-3p-c16a-1p\\\/#primaryimage\"},\"thumbnailUrl\":\"https:\\\/\\\/roadeu.com\\\/sklep\\\/wp-content\\\/uploads\\\/2026\\\/04\\\/5-53.jpg\",\"datePublished\":\"2026-04-21T10:16:34+00:00\",\"dateModified\":\"2026-04-21T10:23:03+00:00\",\"breadcrumb\":{\"@id\":\"https:\\\/\\\/roadeu.com\\\/sklep\\\/de\\\/produkt\\\/stromverteiler-16a-5p-2x-schuko-steckdosen-mit-hauptschalter-0-1-ip44-cee-verteiler-mit-sicherungsautomat-c16a-3p-c16a-1p\\\/#breadcrumb\"},\"inLanguage\":\"de\",\"potentialAction\":[{\"@type\":\"ReadAction\",\"target\":[\"https:\\\/\\\/roadeu.com\\\/sklep\\\/de\\\/produkt\\\/stromverteiler-16a-5p-2x-schuko-steckdosen-mit-hauptschalter-0-1-ip44-cee-verteiler-mit-sicherungsautomat-c16a-3p-c16a-1p\\\/\"]}]},{\"@type\":\"ImageObject\",\"inLanguage\":\"de\",\"@id\":\"https:\\\/\\\/roadeu.com\\\/sklep\\\/de\\\/produkt\\\/stromverteiler-16a-5p-2x-schuko-steckdosen-mit-hauptschalter-0-1-ip44-cee-verteiler-mit-sicherungsautomat-c16a-3p-c16a-1p\\\/#primaryimage\",\"url\":\"https:\\\/\\\/roadeu.com\\\/sklep\\\/wp-content\\\/uploads\\\/2026\\\/04\\\/5-53.jpg\",\"contentUrl\":\"https:\\\/\\\/roadeu.com\\\/sklep\\\/wp-content\\\/uploads\\\/2026\\\/04\\\/5-53.jpg\",\"width\":1153,\"height\":1500},{\"@type\":\"BreadcrumbList\",\"@id\":\"https:\\\/\\\/roadeu.com\\\/sklep\\\/de\\\/produkt\\\/stromverteiler-16a-5p-2x-schuko-steckdosen-mit-hauptschalter-0-1-ip44-cee-verteiler-mit-sicherungsautomat-c16a-3p-c16a-1p\\\/#breadcrumb\",\"itemListElement\":[{\"@type\":\"ListItem\",\"position\":1,\"name\":\"Strona g\u0142\u00f3wna\",\"item\":\"https:\\\/\\\/roadeu.com\\\/sklep\\\/de\\\/shop\\\/\"},{\"@type\":\"ListItem\",\"position\":2,\"name\":\"Shop\",\"item\":\"https:\\\/\\\/roadeu.com\\\/sklep\\\/de\\\/shop\\\/\"},{\"@type\":\"ListItem\",\"position\":3,\"name\":\"Stromverteiler 16A 5P, 2x Schuko Steckdosen mit Hauptschalter 0-1. IP44 CEE Verteiler mit Sicherungsautomat C16A 3P, C16A 1P\"}]},{\"@type\":\"WebSite\",\"@id\":\"https:\\\/\\\/roadeu.com\\\/sklep\\\/de\\\/#website\",\"url\":\"https:\\\/\\\/roadeu.com\\\/sklep\\\/de\\\/\",\"name\":\"Road\",\"description\":\"Hurtownia Elektryczna w Dzier\u017coniowie. Producent sprz\u0119tu elektrycznego.\",\"publisher\":{\"@id\":\"https:\\\/\\\/roadeu.com\\\/sklep\\\/de\\\/#organization\"},\"potentialAction\":[{\"@type\":\"SearchAction\",\"target\":{\"@type\":\"EntryPoint\",\"urlTemplate\":\"https:\\\/\\\/roadeu.com\\\/sklep\\\/de\\\/?s={search_term_string}\"},\"query-input\":{\"@type\":\"PropertyValueSpecification\",\"valueRequired\":true,\"valueName\":\"search_term_string\"}}],\"inLanguage\":\"de\"},{\"@type\":\"Organization\",\"@id\":\"https:\\\/\\\/roadeu.com\\\/sklep\\\/de\\\/#organization\",\"name\":\"Road\",\"url\":\"https:\\\/\\\/roadeu.com\\\/sklep\\\/de\\\/\",\"logo\":{\"@type\":\"ImageObject\",\"inLanguage\":\"de\",\"@id\":\"https:\\\/\\\/roadeu.com\\\/sklep\\\/de\\\/#\\\/schema\\\/logo\\\/image\\\/\",\"url\":\"https:\\\/\\\/roadeu.com\\\/sklep\\\/wp-content\\\/uploads\\\/2025\\\/05\\\/logotype-lg-pl.png\",\"contentUrl\":\"https:\\\/\\\/roadeu.com\\\/sklep\\\/wp-content\\\/uploads\\\/2025\\\/05\\\/logotype-lg-pl.png\",\"width\":300,\"height\":70,\"caption\":\"Road\"},\"image\":{\"@id\":\"https:\\\/\\\/roadeu.com\\\/sklep\\\/de\\\/#\\\/schema\\\/logo\\\/image\\\/\"}}]}<\/script>\n<!-- \/ Yoast SEO plugin. -->","yoast_head_json":{"title":"Stromverteiler 16A 5P, 2x Schuko Steckdosen mit Hauptschalter 0-1. IP44 CEE Verteiler mit Sicherungsautomat C16A 3P, C16A 1P - Road","robots":{"index":"index","follow":"follow","max-snippet":"max-snippet:-1","max-image-preview":"max-image-preview:large","max-video-preview":"max-video-preview:-1"},"canonical":"https:\/\/roadeu.com\/sklep\/de\/produkt\/stromverteiler-16a-5p-2x-schuko-steckdosen-mit-hauptschalter-0-1-ip44-cee-verteiler-mit-sicherungsautomat-c16a-3p-c16a-1p\/","og_locale":"de_DE","og_type":"article","og_title":"Stromverteiler 16A 5P, 2x Schuko Steckdosen mit Hauptschalter 0-1. IP44 CEE Verteiler mit Sicherungsautomat C16A 3P, C16A 1P - Road","og_description":"Stromverteiler","og_url":"https:\/\/roadeu.com\/sklep\/de\/produkt\/stromverteiler-16a-5p-2x-schuko-steckdosen-mit-hauptschalter-0-1-ip44-cee-verteiler-mit-sicherungsautomat-c16a-3p-c16a-1p\/","og_site_name":"Road","article_modified_time":"2026-04-21T10:23:03+00:00","og_image":[{"width":1153,"height":1500,"url":"https:\/\/roadeu.com\/sklep\/wp-content\/uploads\/2026\/04\/5-53.jpg","type":"image\/jpeg"}],"twitter_card":"summary_large_image","twitter_misc":{"Gesch\u00e4tzte Lesezeit":"1\u00a0Minute"},"schema":{"@context":"https:\/\/schema.org","@graph":[{"@type":"WebPage","@id":"https:\/\/roadeu.com\/sklep\/de\/produkt\/stromverteiler-16a-5p-2x-schuko-steckdosen-mit-hauptschalter-0-1-ip44-cee-verteiler-mit-sicherungsautomat-c16a-3p-c16a-1p\/","url":"https:\/\/roadeu.com\/sklep\/de\/produkt\/stromverteiler-16a-5p-2x-schuko-steckdosen-mit-hauptschalter-0-1-ip44-cee-verteiler-mit-sicherungsautomat-c16a-3p-c16a-1p\/","name":"Stromverteiler 16A 5P, 2x Schuko Steckdosen mit Hauptschalter 0-1. IP44 CEE Verteiler mit Sicherungsautomat C16A 3P, C16A 1P - Road","isPartOf":{"@id":"https:\/\/roadeu.com\/sklep\/de\/#website"},"primaryImageOfPage":{"@id":"https:\/\/roadeu.com\/sklep\/de\/produkt\/stromverteiler-16a-5p-2x-schuko-steckdosen-mit-hauptschalter-0-1-ip44-cee-verteiler-mit-sicherungsautomat-c16a-3p-c16a-1p\/#primaryimage"},"image":{"@id":"https:\/\/roadeu.com\/sklep\/de\/produkt\/stromverteiler-16a-5p-2x-schuko-steckdosen-mit-hauptschalter-0-1-ip44-cee-verteiler-mit-sicherungsautomat-c16a-3p-c16a-1p\/#primaryimage"},"thumbnailUrl":"https:\/\/roadeu.com\/sklep\/wp-content\/uploads\/2026\/04\/5-53.jpg","datePublished":"2026-04-21T10:16:34+00:00","dateModified":"2026-04-21T10:23:03+00:00","breadcrumb":{"@id":"https:\/\/roadeu.com\/sklep\/de\/produkt\/stromverteiler-16a-5p-2x-schuko-steckdosen-mit-hauptschalter-0-1-ip44-cee-verteiler-mit-sicherungsautomat-c16a-3p-c16a-1p\/#breadcrumb"},"inLanguage":"de","potentialAction":[{"@type":"ReadAction","target":["https:\/\/roadeu.com\/sklep\/de\/produkt\/stromverteiler-16a-5p-2x-schuko-steckdosen-mit-hauptschalter-0-1-ip44-cee-verteiler-mit-sicherungsautomat-c16a-3p-c16a-1p\/"]}]},{"@type":"ImageObject","inLanguage":"de","@id":"https:\/\/roadeu.com\/sklep\/de\/produkt\/stromverteiler-16a-5p-2x-schuko-steckdosen-mit-hauptschalter-0-1-ip44-cee-verteiler-mit-sicherungsautomat-c16a-3p-c16a-1p\/#primaryimage","url":"https:\/\/roadeu.com\/sklep\/wp-content\/uploads\/2026\/04\/5-53.jpg","contentUrl":"https:\/\/roadeu.com\/sklep\/wp-content\/uploads\/2026\/04\/5-53.jpg","width":1153,"height":1500},{"@type":"BreadcrumbList","@id":"https:\/\/roadeu.com\/sklep\/de\/produkt\/stromverteiler-16a-5p-2x-schuko-steckdosen-mit-hauptschalter-0-1-ip44-cee-verteiler-mit-sicherungsautomat-c16a-3p-c16a-1p\/#breadcrumb","itemListElement":[{"@type":"ListItem","position":1,"name":"Strona g\u0142\u00f3wna","item":"https:\/\/roadeu.com\/sklep\/de\/shop\/"},{"@type":"ListItem","position":2,"name":"Shop","item":"https:\/\/roadeu.com\/sklep\/de\/shop\/"},{"@type":"ListItem","position":3,"name":"Stromverteiler 16A 5P, 2x Schuko Steckdosen mit Hauptschalter 0-1. IP44 CEE Verteiler mit Sicherungsautomat C16A 3P, C16A 1P"}]},{"@type":"WebSite","@id":"https:\/\/roadeu.com\/sklep\/de\/#website","url":"https:\/\/roadeu.com\/sklep\/de\/","name":"Road","description":"Hurtownia Elektryczna w Dzier\u017coniowie. Producent sprz\u0119tu elektrycznego.","publisher":{"@id":"https:\/\/roadeu.com\/sklep\/de\/#organization"},"potentialAction":[{"@type":"SearchAction","target":{"@type":"EntryPoint","urlTemplate":"https:\/\/roadeu.com\/sklep\/de\/?s={search_term_string}"},"query-input":{"@type":"PropertyValueSpecification","valueRequired":true,"valueName":"search_term_string"}}],"inLanguage":"de"},{"@type":"Organization","@id":"https:\/\/roadeu.com\/sklep\/de\/#organization","name":"Road","url":"https:\/\/roadeu.com\/sklep\/de\/","logo":{"@type":"ImageObject","inLanguage":"de","@id":"https:\/\/roadeu.com\/sklep\/de\/#\/schema\/logo\/image\/","url":"https:\/\/roadeu.com\/sklep\/wp-content\/uploads\/2025\/05\/logotype-lg-pl.png","contentUrl":"https:\/\/roadeu.com\/sklep\/wp-content\/uploads\/2025\/05\/logotype-lg-pl.png","width":300,"height":70,"caption":"Road"},"image":{"@id":"https:\/\/roadeu.com\/sklep\/de\/#\/schema\/logo\/image\/"}}]}},"_links":{"self":[{"href":"https:\/\/roadeu.com\/sklep\/de\/wp-json\/wp\/v2\/product\/20321","targetHints":{"allow":["GET"]}}],"collection":[{"href":"https:\/\/roadeu.com\/sklep\/de\/wp-json\/wp\/v2\/product"}],"about":[{"href":"https:\/\/roadeu.com\/sklep\/de\/wp-json\/wp\/v2\/types\/product"}],"wp:featuredmedia":[{"embeddable":true,"href":"https:\/\/roadeu.com\/sklep\/de\/wp-json\/wp\/v2\/media\/20328"}],"wp:attachment":[{"href":"https:\/\/roadeu.com\/sklep\/de\/wp-json\/wp\/v2\/media?parent=20321"}],"wp:term":[{"taxonomy":"product_brand","embeddable":true,"href":"https:\/\/roadeu.com\/sklep\/de\/wp-json\/wp\/v2\/product_brand?post=20321"},{"taxonomy":"product_cat","embeddable":true,"href":"https:\/\/roadeu.com\/sklep\/de\/wp-json\/wp\/v2\/product_cat?post=20321"},{"taxonomy":"product_tag","embeddable":true,"href":"https:\/\/roadeu.com\/sklep\/de\/wp-json\/wp\/v2\/product_tag?post=20321"}],"curies":[{"name":"wp","href":"https:\/\/api.w.org\/{rel}","templated":true}]}}