{"id":20243,"date":"2026-04-20T15:07:27","date_gmt":"2026-04-20T13:07:27","guid":{"rendered":"https:\/\/roadeu.com\/sklep\/?post_type=product&#038;p=20243"},"modified":"2026-04-20T15:11:19","modified_gmt":"2026-04-20T13:11:19","slug":"stromverteiler-16a-5p-steckdose-2x-230v-schuko-baustromverteiler-16a-mit-sicherungsautomat-c-16a-cee-verteiler-ip44","status":"publish","type":"product","link":"https:\/\/roadeu.com\/sklep\/de\/produkt\/stromverteiler-16a-5p-steckdose-2x-230v-schuko-baustromverteiler-16a-mit-sicherungsautomat-c-16a-cee-verteiler-ip44\/","title":{"rendered":"Stromverteiler 16A 5P Steckdose &#8211; 2x 230V Schuko &#8211; Baustromverteiler 16A mit Sicherungsautomat C 16A &#8211; CEE Verteiler IP44"},"content":{"rendered":"<p><strong>Info zu diesem Artikel<\/strong><\/p>\n<p><strong>ANSCHLUSSFERTIG VORVERDRAHTETER STROMVERTEILER<\/strong>: Der Stromverteiler ist bereits vorverdrahtet und anschlussfertig, sodass eine einfache und schnelle Installation gew\u00e4hrleistet ist.<br \/>\n<strong>FLEXIBLER EINSATZ IM INNEN- UND AUSSENBEREICH<\/strong>: Der Verteiler ist f\u00fcr den Innen- und Au\u00dfenbereich konzipiert und minimiert den Installationsaufwand durch nur eine Zuleitung, weniger Bohrl\u00f6cher und eine reduzierte Anzahl an Kabel- und Rohrschellen.<br \/>\n<strong>VIELSEITIGE BEST\u00dcCKUNG<\/strong>: Der Verteiler ist mit 1x 16A 5P 400V IP44 Dose und 2x 230V 16A IP44 Schuko-Dosen ausgestattet, um eine breite Palette von Anwendungen und Ger\u00e4ten abzudecken.<br \/>\n<strong>ZUVERL\u00c4SSIGE ABSICHERUNG<\/strong>: Der Verteiler ist mit 1x LS Leitungsschutzschalter C16A 3P und 2x LS C16A 6kA 1P abgesichert. Alle Schalter verf\u00fcgen \u00fcber Herstellerzertifikate von T\u00dcV, was h\u00f6chste Sicherheitsstandards gew\u00e4hrleistet.<\/p>\n<p>&nbsp;<\/p>\n","protected":false},"excerpt":{"rendered":"<p><strong>Stromverteiler<\/strong><\/p>\n","protected":false},"featured_media":20246,"template":"","meta":[],"product_brand":[377],"product_cat":[363],"product_tag":[],"class_list":{"0":"post-20243","1":"product","2":"type-product","3":"status-publish","4":"has-post-thumbnail","6":"product_brand-roadeu-de","7":"product_cat-verteilerschranke-steckschlusselsatze","9":"first","10":"instock","11":"taxable","12":"shipping-taxable","13":"purchasable","14":"product-type-simple"},"yoast_head":"<!-- This site is optimized with the Yoast SEO plugin v27.4 - https:\/\/yoast.com\/product\/yoast-seo-wordpress\/ -->\n<title>Stromverteiler 16A 5P Steckdose - 2x 230V Schuko - Baustromverteiler 16A mit Sicherungsautomat C 16A - CEE Verteiler IP44 - Road<\/title>\n<meta name=\"robots\" content=\"index, follow, max-snippet:-1, max-image-preview:large, max-video-preview:-1\" \/>\n<link rel=\"canonical\" href=\"https:\/\/roadeu.com\/sklep\/de\/produkt\/stromverteiler-16a-5p-steckdose-2x-230v-schuko-baustromverteiler-16a-mit-sicherungsautomat-c-16a-cee-verteiler-ip44\/\" \/>\n<meta property=\"og:locale\" content=\"de_DE\" \/>\n<meta property=\"og:type\" content=\"article\" \/>\n<meta property=\"og:title\" content=\"Stromverteiler 16A 5P Steckdose - 2x 230V Schuko - Baustromverteiler 16A mit Sicherungsautomat C 16A - CEE Verteiler IP44 - Road\" \/>\n<meta property=\"og:description\" content=\"Stromverteiler\" \/>\n<meta property=\"og:url\" content=\"https:\/\/roadeu.com\/sklep\/de\/produkt\/stromverteiler-16a-5p-steckdose-2x-230v-schuko-baustromverteiler-16a-mit-sicherungsautomat-c-16a-cee-verteiler-ip44\/\" \/>\n<meta property=\"og:site_name\" content=\"Road\" \/>\n<meta property=\"article:modified_time\" content=\"2026-04-20T13:11:19+00:00\" \/>\n<meta property=\"og:image\" content=\"https:\/\/roadeu.com\/sklep\/wp-content\/uploads\/2026\/04\/1-50.jpg\" \/>\n\t<meta property=\"og:image:width\" content=\"1296\" \/>\n\t<meta property=\"og:image:height\" content=\"1500\" \/>\n\t<meta property=\"og:image:type\" content=\"image\/jpeg\" \/>\n<meta name=\"twitter:card\" content=\"summary_large_image\" \/>\n<meta name=\"twitter:label1\" content=\"Gesch\u00e4tzte Lesezeit\" \/>\n\t<meta name=\"twitter:data1\" content=\"1\u00a0Minute\" \/>\n<script type=\"application\/ld+json\" class=\"yoast-schema-graph\">{\"@context\":\"https:\\\/\\\/schema.org\",\"@graph\":[{\"@type\":\"WebPage\",\"@id\":\"https:\\\/\\\/roadeu.com\\\/sklep\\\/de\\\/produkt\\\/stromverteiler-16a-5p-steckdose-2x-230v-schuko-baustromverteiler-16a-mit-sicherungsautomat-c-16a-cee-verteiler-ip44\\\/\",\"url\":\"https:\\\/\\\/roadeu.com\\\/sklep\\\/de\\\/produkt\\\/stromverteiler-16a-5p-steckdose-2x-230v-schuko-baustromverteiler-16a-mit-sicherungsautomat-c-16a-cee-verteiler-ip44\\\/\",\"name\":\"Stromverteiler 16A 5P Steckdose - 2x 230V Schuko - Baustromverteiler 16A mit Sicherungsautomat C 16A - CEE Verteiler IP44 - Road\",\"isPartOf\":{\"@id\":\"https:\\\/\\\/roadeu.com\\\/sklep\\\/de\\\/#website\"},\"primaryImageOfPage\":{\"@id\":\"https:\\\/\\\/roadeu.com\\\/sklep\\\/de\\\/produkt\\\/stromverteiler-16a-5p-steckdose-2x-230v-schuko-baustromverteiler-16a-mit-sicherungsautomat-c-16a-cee-verteiler-ip44\\\/#primaryimage\"},\"image\":{\"@id\":\"https:\\\/\\\/roadeu.com\\\/sklep\\\/de\\\/produkt\\\/stromverteiler-16a-5p-steckdose-2x-230v-schuko-baustromverteiler-16a-mit-sicherungsautomat-c-16a-cee-verteiler-ip44\\\/#primaryimage\"},\"thumbnailUrl\":\"https:\\\/\\\/roadeu.com\\\/sklep\\\/wp-content\\\/uploads\\\/2026\\\/04\\\/1-50.jpg\",\"datePublished\":\"2026-04-20T13:07:27+00:00\",\"dateModified\":\"2026-04-20T13:11:19+00:00\",\"breadcrumb\":{\"@id\":\"https:\\\/\\\/roadeu.com\\\/sklep\\\/de\\\/produkt\\\/stromverteiler-16a-5p-steckdose-2x-230v-schuko-baustromverteiler-16a-mit-sicherungsautomat-c-16a-cee-verteiler-ip44\\\/#breadcrumb\"},\"inLanguage\":\"de\",\"potentialAction\":[{\"@type\":\"ReadAction\",\"target\":[\"https:\\\/\\\/roadeu.com\\\/sklep\\\/de\\\/produkt\\\/stromverteiler-16a-5p-steckdose-2x-230v-schuko-baustromverteiler-16a-mit-sicherungsautomat-c-16a-cee-verteiler-ip44\\\/\"]}]},{\"@type\":\"ImageObject\",\"inLanguage\":\"de\",\"@id\":\"https:\\\/\\\/roadeu.com\\\/sklep\\\/de\\\/produkt\\\/stromverteiler-16a-5p-steckdose-2x-230v-schuko-baustromverteiler-16a-mit-sicherungsautomat-c-16a-cee-verteiler-ip44\\\/#primaryimage\",\"url\":\"https:\\\/\\\/roadeu.com\\\/sklep\\\/wp-content\\\/uploads\\\/2026\\\/04\\\/1-50.jpg\",\"contentUrl\":\"https:\\\/\\\/roadeu.com\\\/sklep\\\/wp-content\\\/uploads\\\/2026\\\/04\\\/1-50.jpg\",\"width\":1296,\"height\":1500},{\"@type\":\"BreadcrumbList\",\"@id\":\"https:\\\/\\\/roadeu.com\\\/sklep\\\/de\\\/produkt\\\/stromverteiler-16a-5p-steckdose-2x-230v-schuko-baustromverteiler-16a-mit-sicherungsautomat-c-16a-cee-verteiler-ip44\\\/#breadcrumb\",\"itemListElement\":[{\"@type\":\"ListItem\",\"position\":1,\"name\":\"Strona g\u0142\u00f3wna\",\"item\":\"https:\\\/\\\/roadeu.com\\\/sklep\\\/de\\\/shop\\\/\"},{\"@type\":\"ListItem\",\"position\":2,\"name\":\"Shop\",\"item\":\"https:\\\/\\\/roadeu.com\\\/sklep\\\/de\\\/shop\\\/\"},{\"@type\":\"ListItem\",\"position\":3,\"name\":\"Stromverteiler 16A 5P Steckdose &#8211; 2x 230V Schuko &#8211; Baustromverteiler 16A mit Sicherungsautomat C 16A &#8211; CEE Verteiler IP44\"}]},{\"@type\":\"WebSite\",\"@id\":\"https:\\\/\\\/roadeu.com\\\/sklep\\\/de\\\/#website\",\"url\":\"https:\\\/\\\/roadeu.com\\\/sklep\\\/de\\\/\",\"name\":\"Road\",\"description\":\"Hurtownia Elektryczna w Dzier\u017coniowie. Producent sprz\u0119tu elektrycznego.\",\"publisher\":{\"@id\":\"https:\\\/\\\/roadeu.com\\\/sklep\\\/de\\\/#organization\"},\"potentialAction\":[{\"@type\":\"SearchAction\",\"target\":{\"@type\":\"EntryPoint\",\"urlTemplate\":\"https:\\\/\\\/roadeu.com\\\/sklep\\\/de\\\/?s={search_term_string}\"},\"query-input\":{\"@type\":\"PropertyValueSpecification\",\"valueRequired\":true,\"valueName\":\"search_term_string\"}}],\"inLanguage\":\"de\"},{\"@type\":\"Organization\",\"@id\":\"https:\\\/\\\/roadeu.com\\\/sklep\\\/de\\\/#organization\",\"name\":\"Road\",\"url\":\"https:\\\/\\\/roadeu.com\\\/sklep\\\/de\\\/\",\"logo\":{\"@type\":\"ImageObject\",\"inLanguage\":\"de\",\"@id\":\"https:\\\/\\\/roadeu.com\\\/sklep\\\/de\\\/#\\\/schema\\\/logo\\\/image\\\/\",\"url\":\"https:\\\/\\\/roadeu.com\\\/sklep\\\/wp-content\\\/uploads\\\/2025\\\/05\\\/logotype-lg-pl.png\",\"contentUrl\":\"https:\\\/\\\/roadeu.com\\\/sklep\\\/wp-content\\\/uploads\\\/2025\\\/05\\\/logotype-lg-pl.png\",\"width\":300,\"height\":70,\"caption\":\"Road\"},\"image\":{\"@id\":\"https:\\\/\\\/roadeu.com\\\/sklep\\\/de\\\/#\\\/schema\\\/logo\\\/image\\\/\"}}]}<\/script>\n<!-- \/ Yoast SEO plugin. -->","yoast_head_json":{"title":"Stromverteiler 16A 5P Steckdose - 2x 230V Schuko - Baustromverteiler 16A mit Sicherungsautomat C 16A - CEE Verteiler IP44 - Road","robots":{"index":"index","follow":"follow","max-snippet":"max-snippet:-1","max-image-preview":"max-image-preview:large","max-video-preview":"max-video-preview:-1"},"canonical":"https:\/\/roadeu.com\/sklep\/de\/produkt\/stromverteiler-16a-5p-steckdose-2x-230v-schuko-baustromverteiler-16a-mit-sicherungsautomat-c-16a-cee-verteiler-ip44\/","og_locale":"de_DE","og_type":"article","og_title":"Stromverteiler 16A 5P Steckdose - 2x 230V Schuko - Baustromverteiler 16A mit Sicherungsautomat C 16A - CEE Verteiler IP44 - Road","og_description":"Stromverteiler","og_url":"https:\/\/roadeu.com\/sklep\/de\/produkt\/stromverteiler-16a-5p-steckdose-2x-230v-schuko-baustromverteiler-16a-mit-sicherungsautomat-c-16a-cee-verteiler-ip44\/","og_site_name":"Road","article_modified_time":"2026-04-20T13:11:19+00:00","og_image":[{"width":1296,"height":1500,"url":"https:\/\/roadeu.com\/sklep\/wp-content\/uploads\/2026\/04\/1-50.jpg","type":"image\/jpeg"}],"twitter_card":"summary_large_image","twitter_misc":{"Gesch\u00e4tzte Lesezeit":"1\u00a0Minute"},"schema":{"@context":"https:\/\/schema.org","@graph":[{"@type":"WebPage","@id":"https:\/\/roadeu.com\/sklep\/de\/produkt\/stromverteiler-16a-5p-steckdose-2x-230v-schuko-baustromverteiler-16a-mit-sicherungsautomat-c-16a-cee-verteiler-ip44\/","url":"https:\/\/roadeu.com\/sklep\/de\/produkt\/stromverteiler-16a-5p-steckdose-2x-230v-schuko-baustromverteiler-16a-mit-sicherungsautomat-c-16a-cee-verteiler-ip44\/","name":"Stromverteiler 16A 5P Steckdose - 2x 230V Schuko - Baustromverteiler 16A mit Sicherungsautomat C 16A - CEE Verteiler IP44 - Road","isPartOf":{"@id":"https:\/\/roadeu.com\/sklep\/de\/#website"},"primaryImageOfPage":{"@id":"https:\/\/roadeu.com\/sklep\/de\/produkt\/stromverteiler-16a-5p-steckdose-2x-230v-schuko-baustromverteiler-16a-mit-sicherungsautomat-c-16a-cee-verteiler-ip44\/#primaryimage"},"image":{"@id":"https:\/\/roadeu.com\/sklep\/de\/produkt\/stromverteiler-16a-5p-steckdose-2x-230v-schuko-baustromverteiler-16a-mit-sicherungsautomat-c-16a-cee-verteiler-ip44\/#primaryimage"},"thumbnailUrl":"https:\/\/roadeu.com\/sklep\/wp-content\/uploads\/2026\/04\/1-50.jpg","datePublished":"2026-04-20T13:07:27+00:00","dateModified":"2026-04-20T13:11:19+00:00","breadcrumb":{"@id":"https:\/\/roadeu.com\/sklep\/de\/produkt\/stromverteiler-16a-5p-steckdose-2x-230v-schuko-baustromverteiler-16a-mit-sicherungsautomat-c-16a-cee-verteiler-ip44\/#breadcrumb"},"inLanguage":"de","potentialAction":[{"@type":"ReadAction","target":["https:\/\/roadeu.com\/sklep\/de\/produkt\/stromverteiler-16a-5p-steckdose-2x-230v-schuko-baustromverteiler-16a-mit-sicherungsautomat-c-16a-cee-verteiler-ip44\/"]}]},{"@type":"ImageObject","inLanguage":"de","@id":"https:\/\/roadeu.com\/sklep\/de\/produkt\/stromverteiler-16a-5p-steckdose-2x-230v-schuko-baustromverteiler-16a-mit-sicherungsautomat-c-16a-cee-verteiler-ip44\/#primaryimage","url":"https:\/\/roadeu.com\/sklep\/wp-content\/uploads\/2026\/04\/1-50.jpg","contentUrl":"https:\/\/roadeu.com\/sklep\/wp-content\/uploads\/2026\/04\/1-50.jpg","width":1296,"height":1500},{"@type":"BreadcrumbList","@id":"https:\/\/roadeu.com\/sklep\/de\/produkt\/stromverteiler-16a-5p-steckdose-2x-230v-schuko-baustromverteiler-16a-mit-sicherungsautomat-c-16a-cee-verteiler-ip44\/#breadcrumb","itemListElement":[{"@type":"ListItem","position":1,"name":"Strona g\u0142\u00f3wna","item":"https:\/\/roadeu.com\/sklep\/de\/shop\/"},{"@type":"ListItem","position":2,"name":"Shop","item":"https:\/\/roadeu.com\/sklep\/de\/shop\/"},{"@type":"ListItem","position":3,"name":"Stromverteiler 16A 5P Steckdose &#8211; 2x 230V Schuko &#8211; Baustromverteiler 16A mit Sicherungsautomat C 16A &#8211; CEE Verteiler IP44"}]},{"@type":"WebSite","@id":"https:\/\/roadeu.com\/sklep\/de\/#website","url":"https:\/\/roadeu.com\/sklep\/de\/","name":"Road","description":"Hurtownia Elektryczna w Dzier\u017coniowie. Producent sprz\u0119tu elektrycznego.","publisher":{"@id":"https:\/\/roadeu.com\/sklep\/de\/#organization"},"potentialAction":[{"@type":"SearchAction","target":{"@type":"EntryPoint","urlTemplate":"https:\/\/roadeu.com\/sklep\/de\/?s={search_term_string}"},"query-input":{"@type":"PropertyValueSpecification","valueRequired":true,"valueName":"search_term_string"}}],"inLanguage":"de"},{"@type":"Organization","@id":"https:\/\/roadeu.com\/sklep\/de\/#organization","name":"Road","url":"https:\/\/roadeu.com\/sklep\/de\/","logo":{"@type":"ImageObject","inLanguage":"de","@id":"https:\/\/roadeu.com\/sklep\/de\/#\/schema\/logo\/image\/","url":"https:\/\/roadeu.com\/sklep\/wp-content\/uploads\/2025\/05\/logotype-lg-pl.png","contentUrl":"https:\/\/roadeu.com\/sklep\/wp-content\/uploads\/2025\/05\/logotype-lg-pl.png","width":300,"height":70,"caption":"Road"},"image":{"@id":"https:\/\/roadeu.com\/sklep\/de\/#\/schema\/logo\/image\/"}}]}},"_links":{"self":[{"href":"https:\/\/roadeu.com\/sklep\/de\/wp-json\/wp\/v2\/product\/20243","targetHints":{"allow":["GET"]}}],"collection":[{"href":"https:\/\/roadeu.com\/sklep\/de\/wp-json\/wp\/v2\/product"}],"about":[{"href":"https:\/\/roadeu.com\/sklep\/de\/wp-json\/wp\/v2\/types\/product"}],"wp:featuredmedia":[{"embeddable":true,"href":"https:\/\/roadeu.com\/sklep\/de\/wp-json\/wp\/v2\/media\/20246"}],"wp:attachment":[{"href":"https:\/\/roadeu.com\/sklep\/de\/wp-json\/wp\/v2\/media?parent=20243"}],"wp:term":[{"taxonomy":"product_brand","embeddable":true,"href":"https:\/\/roadeu.com\/sklep\/de\/wp-json\/wp\/v2\/product_brand?post=20243"},{"taxonomy":"product_cat","embeddable":true,"href":"https:\/\/roadeu.com\/sklep\/de\/wp-json\/wp\/v2\/product_cat?post=20243"},{"taxonomy":"product_tag","embeddable":true,"href":"https:\/\/roadeu.com\/sklep\/de\/wp-json\/wp\/v2\/product_tag?post=20243"}],"curies":[{"name":"wp","href":"https:\/\/api.w.org\/{rel}","templated":true}]}}