{"id":20224,"date":"2026-04-20T15:01:18","date_gmt":"2026-04-20T13:01:18","guid":{"rendered":"https:\/\/roadeu.com\/sklep\/?post_type=product&#038;p=20224"},"modified":"2026-04-20T15:04:59","modified_gmt":"2026-04-20T13:04:59","slug":"stromverteiler-16a-wandverteiler-4x-230v-16a-schuko-steckdosen-wandsteckdose-fuer-den-innen-und-aussenbereich-ip54","status":"publish","type":"product","link":"https:\/\/roadeu.com\/sklep\/de\/produkt\/stromverteiler-16a-wandverteiler-4x-230v-16a-schuko-steckdosen-wandsteckdose-fuer-den-innen-und-aussenbereich-ip54\/","title":{"rendered":"Stromverteiler 16A &#8211; Wandverteiler 4x 230V 16A Schuko Steckdosen &#8211; Wandsteckdose f\u00fcr den Innen- und Au\u00dfenbereich IP54"},"content":{"rendered":"<p><strong> Info zu diesem Artikel<\/strong><\/p>\n<p><strong>HOCHWERTIGE EXTERNE PCE STECKDOSEN<\/strong>: Der Stromverteiler ist vorverdrahtet und anschlussfertig, was die Installation erleichtert und Zeit spart. Die Verteilerkasten enth\u00e4lt zudem eine PG16-Kabelverschraubung, die f\u00fcr eine sichere und feste Verbindung des Kabels sorgt und zus\u00e4tzlichen Schutz bietet.<br \/>\n<strong>VERTEILERKASTEN<\/strong>: Der Verteilerkasten ben\u00f6tigt nur eine Zuleitung, was weniger Bohrl\u00f6cher und Kabel bedeutet und somit den Installationsaufwand reduziert. Das versiegelte IP54-Geh\u00e4use ist sowohl f\u00fcr den Innen- als auch f\u00fcr den Au\u00dfenbereich geeignet und sch\u00fctzt vor Staub und Spritzwasser. F\u00fcr die n\u00f6tige Sicherheit sorgt unsere isolierte Bauform, die elektrische Schl\u00e4ge und andere Gefahren verhindert.<br \/>\n<strong>STROMVERTEILER<\/strong> 230V: Der Stromverteiler ist innen vorverdrahtet und kann von jedem mit Grundkenntnissen in der Elektrik verkabelt werden. Dies erm\u00f6glicht eine einfache und flexible Handhabung. Sie k\u00f6nnen diesen Adapter an der Wand montieren oder als tragbares Ger\u00e4t verwenden, je nach Ihren Bed\u00fcrfnissen und Anforderungen.<br \/>\n<strong>WANDVERTEILER<\/strong>: Die Best\u00fcckung umfasst 4x 230V 16A IP54 Schuko Steckdosen, die f\u00fcr zahlreiche Anwendungen geeignet sind. Die Kombination aus 230V Schuko-Steckdosen ist eine praktische L\u00f6sung f\u00fcr viele Einsatzbereiche, sowohl im Innen- als auch im Au\u00dfenbereich, und erm\u00f6glicht den Anschluss verschiedener Ger\u00e4te.<\/p>\n","protected":false},"excerpt":{"rendered":"<p><strong>Stromverteiler<\/strong><\/p>\n","protected":false},"featured_media":20227,"template":"","meta":[],"product_brand":[377],"product_cat":[363],"product_tag":[],"class_list":{"0":"post-20224","1":"product","2":"type-product","3":"status-publish","4":"has-post-thumbnail","6":"product_brand-roadeu-de","7":"product_cat-verteilerschranke-steckschlusselsatze","9":"first","10":"instock","11":"taxable","12":"shipping-taxable","13":"purchasable","14":"product-type-simple"},"yoast_head":"<!-- This site is optimized with the Yoast SEO plugin v27.4 - https:\/\/yoast.com\/product\/yoast-seo-wordpress\/ -->\n<title>Stromverteiler 16A - Wandverteiler 4x 230V 16A Schuko Steckdosen - Wandsteckdose f\u00fcr den Innen- und Au\u00dfenbereich IP54 - Road<\/title>\n<meta name=\"robots\" content=\"index, follow, max-snippet:-1, max-image-preview:large, max-video-preview:-1\" \/>\n<link rel=\"canonical\" href=\"https:\/\/roadeu.com\/sklep\/de\/produkt\/stromverteiler-16a-wandverteiler-4x-230v-16a-schuko-steckdosen-wandsteckdose-fuer-den-innen-und-aussenbereich-ip54\/\" \/>\n<meta property=\"og:locale\" content=\"de_DE\" \/>\n<meta property=\"og:type\" content=\"article\" \/>\n<meta property=\"og:title\" content=\"Stromverteiler 16A - Wandverteiler 4x 230V 16A Schuko Steckdosen - Wandsteckdose f\u00fcr den Innen- und Au\u00dfenbereich IP54 - Road\" \/>\n<meta property=\"og:description\" content=\"Stromverteiler\" \/>\n<meta property=\"og:url\" content=\"https:\/\/roadeu.com\/sklep\/de\/produkt\/stromverteiler-16a-wandverteiler-4x-230v-16a-schuko-steckdosen-wandsteckdose-fuer-den-innen-und-aussenbereich-ip54\/\" \/>\n<meta property=\"og:site_name\" content=\"Road\" \/>\n<meta property=\"article:modified_time\" content=\"2026-04-20T13:04:59+00:00\" \/>\n<meta property=\"og:image\" content=\"https:\/\/roadeu.com\/sklep\/wp-content\/uploads\/2026\/04\/1-49.jpg\" \/>\n\t<meta property=\"og:image:width\" content=\"1500\" \/>\n\t<meta property=\"og:image:height\" content=\"1313\" \/>\n\t<meta property=\"og:image:type\" content=\"image\/jpeg\" \/>\n<meta name=\"twitter:card\" content=\"summary_large_image\" \/>\n<meta name=\"twitter:label1\" content=\"Gesch\u00e4tzte Lesezeit\" \/>\n\t<meta name=\"twitter:data1\" content=\"2\u00a0Minute\" \/>\n<script type=\"application\/ld+json\" class=\"yoast-schema-graph\">{\"@context\":\"https:\\\/\\\/schema.org\",\"@graph\":[{\"@type\":\"WebPage\",\"@id\":\"https:\\\/\\\/roadeu.com\\\/sklep\\\/de\\\/produkt\\\/stromverteiler-16a-wandverteiler-4x-230v-16a-schuko-steckdosen-wandsteckdose-fuer-den-innen-und-aussenbereich-ip54\\\/\",\"url\":\"https:\\\/\\\/roadeu.com\\\/sklep\\\/de\\\/produkt\\\/stromverteiler-16a-wandverteiler-4x-230v-16a-schuko-steckdosen-wandsteckdose-fuer-den-innen-und-aussenbereich-ip54\\\/\",\"name\":\"Stromverteiler 16A - Wandverteiler 4x 230V 16A Schuko Steckdosen - Wandsteckdose f\u00fcr den Innen- und Au\u00dfenbereich IP54 - Road\",\"isPartOf\":{\"@id\":\"https:\\\/\\\/roadeu.com\\\/sklep\\\/de\\\/#website\"},\"primaryImageOfPage\":{\"@id\":\"https:\\\/\\\/roadeu.com\\\/sklep\\\/de\\\/produkt\\\/stromverteiler-16a-wandverteiler-4x-230v-16a-schuko-steckdosen-wandsteckdose-fuer-den-innen-und-aussenbereich-ip54\\\/#primaryimage\"},\"image\":{\"@id\":\"https:\\\/\\\/roadeu.com\\\/sklep\\\/de\\\/produkt\\\/stromverteiler-16a-wandverteiler-4x-230v-16a-schuko-steckdosen-wandsteckdose-fuer-den-innen-und-aussenbereich-ip54\\\/#primaryimage\"},\"thumbnailUrl\":\"https:\\\/\\\/roadeu.com\\\/sklep\\\/wp-content\\\/uploads\\\/2026\\\/04\\\/1-49.jpg\",\"datePublished\":\"2026-04-20T13:01:18+00:00\",\"dateModified\":\"2026-04-20T13:04:59+00:00\",\"breadcrumb\":{\"@id\":\"https:\\\/\\\/roadeu.com\\\/sklep\\\/de\\\/produkt\\\/stromverteiler-16a-wandverteiler-4x-230v-16a-schuko-steckdosen-wandsteckdose-fuer-den-innen-und-aussenbereich-ip54\\\/#breadcrumb\"},\"inLanguage\":\"de\",\"potentialAction\":[{\"@type\":\"ReadAction\",\"target\":[\"https:\\\/\\\/roadeu.com\\\/sklep\\\/de\\\/produkt\\\/stromverteiler-16a-wandverteiler-4x-230v-16a-schuko-steckdosen-wandsteckdose-fuer-den-innen-und-aussenbereich-ip54\\\/\"]}]},{\"@type\":\"ImageObject\",\"inLanguage\":\"de\",\"@id\":\"https:\\\/\\\/roadeu.com\\\/sklep\\\/de\\\/produkt\\\/stromverteiler-16a-wandverteiler-4x-230v-16a-schuko-steckdosen-wandsteckdose-fuer-den-innen-und-aussenbereich-ip54\\\/#primaryimage\",\"url\":\"https:\\\/\\\/roadeu.com\\\/sklep\\\/wp-content\\\/uploads\\\/2026\\\/04\\\/1-49.jpg\",\"contentUrl\":\"https:\\\/\\\/roadeu.com\\\/sklep\\\/wp-content\\\/uploads\\\/2026\\\/04\\\/1-49.jpg\",\"width\":1500,\"height\":1313},{\"@type\":\"BreadcrumbList\",\"@id\":\"https:\\\/\\\/roadeu.com\\\/sklep\\\/de\\\/produkt\\\/stromverteiler-16a-wandverteiler-4x-230v-16a-schuko-steckdosen-wandsteckdose-fuer-den-innen-und-aussenbereich-ip54\\\/#breadcrumb\",\"itemListElement\":[{\"@type\":\"ListItem\",\"position\":1,\"name\":\"Strona g\u0142\u00f3wna\",\"item\":\"https:\\\/\\\/roadeu.com\\\/sklep\\\/de\\\/shop\\\/\"},{\"@type\":\"ListItem\",\"position\":2,\"name\":\"Shop\",\"item\":\"https:\\\/\\\/roadeu.com\\\/sklep\\\/de\\\/shop\\\/\"},{\"@type\":\"ListItem\",\"position\":3,\"name\":\"Stromverteiler 16A &#8211; Wandverteiler 4x 230V 16A Schuko Steckdosen &#8211; Wandsteckdose f\u00fcr den Innen- und Au\u00dfenbereich IP54\"}]},{\"@type\":\"WebSite\",\"@id\":\"https:\\\/\\\/roadeu.com\\\/sklep\\\/de\\\/#website\",\"url\":\"https:\\\/\\\/roadeu.com\\\/sklep\\\/de\\\/\",\"name\":\"Road\",\"description\":\"Hurtownia Elektryczna w Dzier\u017coniowie. Producent sprz\u0119tu elektrycznego.\",\"publisher\":{\"@id\":\"https:\\\/\\\/roadeu.com\\\/sklep\\\/de\\\/#organization\"},\"potentialAction\":[{\"@type\":\"SearchAction\",\"target\":{\"@type\":\"EntryPoint\",\"urlTemplate\":\"https:\\\/\\\/roadeu.com\\\/sklep\\\/de\\\/?s={search_term_string}\"},\"query-input\":{\"@type\":\"PropertyValueSpecification\",\"valueRequired\":true,\"valueName\":\"search_term_string\"}}],\"inLanguage\":\"de\"},{\"@type\":\"Organization\",\"@id\":\"https:\\\/\\\/roadeu.com\\\/sklep\\\/de\\\/#organization\",\"name\":\"Road\",\"url\":\"https:\\\/\\\/roadeu.com\\\/sklep\\\/de\\\/\",\"logo\":{\"@type\":\"ImageObject\",\"inLanguage\":\"de\",\"@id\":\"https:\\\/\\\/roadeu.com\\\/sklep\\\/de\\\/#\\\/schema\\\/logo\\\/image\\\/\",\"url\":\"https:\\\/\\\/roadeu.com\\\/sklep\\\/wp-content\\\/uploads\\\/2025\\\/05\\\/logotype-lg-pl.png\",\"contentUrl\":\"https:\\\/\\\/roadeu.com\\\/sklep\\\/wp-content\\\/uploads\\\/2025\\\/05\\\/logotype-lg-pl.png\",\"width\":300,\"height\":70,\"caption\":\"Road\"},\"image\":{\"@id\":\"https:\\\/\\\/roadeu.com\\\/sklep\\\/de\\\/#\\\/schema\\\/logo\\\/image\\\/\"}}]}<\/script>\n<!-- \/ Yoast SEO plugin. -->","yoast_head_json":{"title":"Stromverteiler 16A - Wandverteiler 4x 230V 16A Schuko Steckdosen - Wandsteckdose f\u00fcr den Innen- und Au\u00dfenbereich IP54 - Road","robots":{"index":"index","follow":"follow","max-snippet":"max-snippet:-1","max-image-preview":"max-image-preview:large","max-video-preview":"max-video-preview:-1"},"canonical":"https:\/\/roadeu.com\/sklep\/de\/produkt\/stromverteiler-16a-wandverteiler-4x-230v-16a-schuko-steckdosen-wandsteckdose-fuer-den-innen-und-aussenbereich-ip54\/","og_locale":"de_DE","og_type":"article","og_title":"Stromverteiler 16A - Wandverteiler 4x 230V 16A Schuko Steckdosen - Wandsteckdose f\u00fcr den Innen- und Au\u00dfenbereich IP54 - Road","og_description":"Stromverteiler","og_url":"https:\/\/roadeu.com\/sklep\/de\/produkt\/stromverteiler-16a-wandverteiler-4x-230v-16a-schuko-steckdosen-wandsteckdose-fuer-den-innen-und-aussenbereich-ip54\/","og_site_name":"Road","article_modified_time":"2026-04-20T13:04:59+00:00","og_image":[{"width":1500,"height":1313,"url":"https:\/\/roadeu.com\/sklep\/wp-content\/uploads\/2026\/04\/1-49.jpg","type":"image\/jpeg"}],"twitter_card":"summary_large_image","twitter_misc":{"Gesch\u00e4tzte Lesezeit":"2\u00a0Minute"},"schema":{"@context":"https:\/\/schema.org","@graph":[{"@type":"WebPage","@id":"https:\/\/roadeu.com\/sklep\/de\/produkt\/stromverteiler-16a-wandverteiler-4x-230v-16a-schuko-steckdosen-wandsteckdose-fuer-den-innen-und-aussenbereich-ip54\/","url":"https:\/\/roadeu.com\/sklep\/de\/produkt\/stromverteiler-16a-wandverteiler-4x-230v-16a-schuko-steckdosen-wandsteckdose-fuer-den-innen-und-aussenbereich-ip54\/","name":"Stromverteiler 16A - Wandverteiler 4x 230V 16A Schuko Steckdosen - Wandsteckdose f\u00fcr den Innen- und Au\u00dfenbereich IP54 - Road","isPartOf":{"@id":"https:\/\/roadeu.com\/sklep\/de\/#website"},"primaryImageOfPage":{"@id":"https:\/\/roadeu.com\/sklep\/de\/produkt\/stromverteiler-16a-wandverteiler-4x-230v-16a-schuko-steckdosen-wandsteckdose-fuer-den-innen-und-aussenbereich-ip54\/#primaryimage"},"image":{"@id":"https:\/\/roadeu.com\/sklep\/de\/produkt\/stromverteiler-16a-wandverteiler-4x-230v-16a-schuko-steckdosen-wandsteckdose-fuer-den-innen-und-aussenbereich-ip54\/#primaryimage"},"thumbnailUrl":"https:\/\/roadeu.com\/sklep\/wp-content\/uploads\/2026\/04\/1-49.jpg","datePublished":"2026-04-20T13:01:18+00:00","dateModified":"2026-04-20T13:04:59+00:00","breadcrumb":{"@id":"https:\/\/roadeu.com\/sklep\/de\/produkt\/stromverteiler-16a-wandverteiler-4x-230v-16a-schuko-steckdosen-wandsteckdose-fuer-den-innen-und-aussenbereich-ip54\/#breadcrumb"},"inLanguage":"de","potentialAction":[{"@type":"ReadAction","target":["https:\/\/roadeu.com\/sklep\/de\/produkt\/stromverteiler-16a-wandverteiler-4x-230v-16a-schuko-steckdosen-wandsteckdose-fuer-den-innen-und-aussenbereich-ip54\/"]}]},{"@type":"ImageObject","inLanguage":"de","@id":"https:\/\/roadeu.com\/sklep\/de\/produkt\/stromverteiler-16a-wandverteiler-4x-230v-16a-schuko-steckdosen-wandsteckdose-fuer-den-innen-und-aussenbereich-ip54\/#primaryimage","url":"https:\/\/roadeu.com\/sklep\/wp-content\/uploads\/2026\/04\/1-49.jpg","contentUrl":"https:\/\/roadeu.com\/sklep\/wp-content\/uploads\/2026\/04\/1-49.jpg","width":1500,"height":1313},{"@type":"BreadcrumbList","@id":"https:\/\/roadeu.com\/sklep\/de\/produkt\/stromverteiler-16a-wandverteiler-4x-230v-16a-schuko-steckdosen-wandsteckdose-fuer-den-innen-und-aussenbereich-ip54\/#breadcrumb","itemListElement":[{"@type":"ListItem","position":1,"name":"Strona g\u0142\u00f3wna","item":"https:\/\/roadeu.com\/sklep\/de\/shop\/"},{"@type":"ListItem","position":2,"name":"Shop","item":"https:\/\/roadeu.com\/sklep\/de\/shop\/"},{"@type":"ListItem","position":3,"name":"Stromverteiler 16A &#8211; Wandverteiler 4x 230V 16A Schuko Steckdosen &#8211; Wandsteckdose f\u00fcr den Innen- und Au\u00dfenbereich IP54"}]},{"@type":"WebSite","@id":"https:\/\/roadeu.com\/sklep\/de\/#website","url":"https:\/\/roadeu.com\/sklep\/de\/","name":"Road","description":"Hurtownia Elektryczna w Dzier\u017coniowie. Producent sprz\u0119tu elektrycznego.","publisher":{"@id":"https:\/\/roadeu.com\/sklep\/de\/#organization"},"potentialAction":[{"@type":"SearchAction","target":{"@type":"EntryPoint","urlTemplate":"https:\/\/roadeu.com\/sklep\/de\/?s={search_term_string}"},"query-input":{"@type":"PropertyValueSpecification","valueRequired":true,"valueName":"search_term_string"}}],"inLanguage":"de"},{"@type":"Organization","@id":"https:\/\/roadeu.com\/sklep\/de\/#organization","name":"Road","url":"https:\/\/roadeu.com\/sklep\/de\/","logo":{"@type":"ImageObject","inLanguage":"de","@id":"https:\/\/roadeu.com\/sklep\/de\/#\/schema\/logo\/image\/","url":"https:\/\/roadeu.com\/sklep\/wp-content\/uploads\/2025\/05\/logotype-lg-pl.png","contentUrl":"https:\/\/roadeu.com\/sklep\/wp-content\/uploads\/2025\/05\/logotype-lg-pl.png","width":300,"height":70,"caption":"Road"},"image":{"@id":"https:\/\/roadeu.com\/sklep\/de\/#\/schema\/logo\/image\/"}}]}},"_links":{"self":[{"href":"https:\/\/roadeu.com\/sklep\/de\/wp-json\/wp\/v2\/product\/20224","targetHints":{"allow":["GET"]}}],"collection":[{"href":"https:\/\/roadeu.com\/sklep\/de\/wp-json\/wp\/v2\/product"}],"about":[{"href":"https:\/\/roadeu.com\/sklep\/de\/wp-json\/wp\/v2\/types\/product"}],"wp:featuredmedia":[{"embeddable":true,"href":"https:\/\/roadeu.com\/sklep\/de\/wp-json\/wp\/v2\/media\/20227"}],"wp:attachment":[{"href":"https:\/\/roadeu.com\/sklep\/de\/wp-json\/wp\/v2\/media?parent=20224"}],"wp:term":[{"taxonomy":"product_brand","embeddable":true,"href":"https:\/\/roadeu.com\/sklep\/de\/wp-json\/wp\/v2\/product_brand?post=20224"},{"taxonomy":"product_cat","embeddable":true,"href":"https:\/\/roadeu.com\/sklep\/de\/wp-json\/wp\/v2\/product_cat?post=20224"},{"taxonomy":"product_tag","embeddable":true,"href":"https:\/\/roadeu.com\/sklep\/de\/wp-json\/wp\/v2\/product_tag?post=20224"}],"curies":[{"name":"wp","href":"https:\/\/api.w.org\/{rel}","templated":true}]}}