{"id":20199,"date":"2026-04-20T14:54:07","date_gmt":"2026-04-20T12:54:07","guid":{"rendered":"https:\/\/roadeu.com\/sklep\/?post_type=product&#038;p=20199"},"modified":"2026-04-20T14:59:01","modified_gmt":"2026-04-20T12:59:01","slug":"cee-kombistecker-16a-3p-caravan-adapter-2x-schuko-steckdosen-230v-wandgeraetestecker-ip44","status":"publish","type":"product","link":"https:\/\/roadeu.com\/sklep\/de\/produkt\/cee-kombistecker-16a-3p-caravan-adapter-2x-schuko-steckdosen-230v-wandgeraetestecker-ip44\/","title":{"rendered":"CEE Kombistecker 16A 3P, Caravan Adapter, 2x Schuko Steckdosen 230V, Wandger\u00e4testecker IP44"},"content":{"rendered":"<p><strong> Info zu diesem Artikel<\/strong><\/p>\n<p><strong>Kombistecker 16A 3P<\/strong><br \/>\n<strong>Der Adapter<\/strong> ist flexibel einsetzbar und kann entweder an der Wand montiert oder als tragbares Ger\u00e4t verwendet werden.<\/p>\n<p>Zudem ist er spritzwassergesch\u00fctzt nach IP44-Standard und somit auch f\u00fcr den Einsatz in feuchter Umgebung geeignet.<\/p>\n<p><strong>Der Adapter<\/strong> verf\u00fcgt \u00fcber einen PCE Stecker mit einer Leistung von 16A und 3 Polen sowie einer Spannung von 220-250V.<\/p>\n<p>Des Weiteren bietet er zwei Schuko PCE Steckdosen mit einer Leistung von 16A und einer Spannung von 230V.<\/p>\n<p>Diese technischen Daten machen den Adapter zu einem zuverl\u00e4ssigen und leistungsstarken Ger\u00e4t f\u00fcr diverse Anwendungen.<\/p>\n<p><strong>Die gute<\/strong> Nachricht ist, dass alle Komponenten des Adapters bereits vorverdrahtet sind, was bedeutet, dass Sie keine komplizierten Verdrahtungsarbeiten durchf\u00fchren m\u00fcssen.<\/p>\n<p>Mit Grundkenntnissen ist es daher m\u00f6glich, den Adapter einfach und unkompliziert anzuschlie\u00dfen.<\/p>\n","protected":false},"excerpt":{"rendered":"<p>CEE Kombistecker<\/p>\n","protected":false},"featured_media":20202,"template":"","meta":[],"product_brand":[377],"product_cat":[363],"product_tag":[],"class_list":{"0":"post-20199","1":"product","2":"type-product","3":"status-publish","4":"has-post-thumbnail","6":"product_brand-roadeu-de","7":"product_cat-verteilerschranke-steckschlusselsatze","9":"first","10":"instock","11":"taxable","12":"shipping-taxable","13":"purchasable","14":"product-type-simple"},"yoast_head":"<!-- This site is optimized with the Yoast SEO plugin v27.4 - https:\/\/yoast.com\/product\/yoast-seo-wordpress\/ -->\n<title>CEE Kombistecker 16A 3P, Caravan Adapter, 2x Schuko Steckdosen 230V, Wandger\u00e4testecker IP44 - Road<\/title>\n<meta name=\"robots\" content=\"index, follow, max-snippet:-1, max-image-preview:large, max-video-preview:-1\" \/>\n<link rel=\"canonical\" href=\"https:\/\/roadeu.com\/sklep\/de\/produkt\/cee-kombistecker-16a-3p-caravan-adapter-2x-schuko-steckdosen-230v-wandgeraetestecker-ip44\/\" \/>\n<meta property=\"og:locale\" content=\"de_DE\" \/>\n<meta property=\"og:type\" content=\"article\" \/>\n<meta property=\"og:title\" content=\"CEE Kombistecker 16A 3P, Caravan Adapter, 2x Schuko Steckdosen 230V, Wandger\u00e4testecker IP44 - Road\" \/>\n<meta property=\"og:description\" content=\"CEE Kombistecker\" \/>\n<meta property=\"og:url\" content=\"https:\/\/roadeu.com\/sklep\/de\/produkt\/cee-kombistecker-16a-3p-caravan-adapter-2x-schuko-steckdosen-230v-wandgeraetestecker-ip44\/\" \/>\n<meta property=\"og:site_name\" content=\"Road\" \/>\n<meta property=\"article:modified_time\" content=\"2026-04-20T12:59:01+00:00\" \/>\n<meta property=\"og:image\" content=\"https:\/\/roadeu.com\/sklep\/wp-content\/uploads\/2026\/04\/1-48.jpg\" \/>\n\t<meta property=\"og:image:width\" content=\"1216\" \/>\n\t<meta property=\"og:image:height\" content=\"1500\" \/>\n\t<meta property=\"og:image:type\" content=\"image\/jpeg\" \/>\n<meta name=\"twitter:card\" content=\"summary_large_image\" \/>\n<meta name=\"twitter:label1\" content=\"Gesch\u00e4tzte Lesezeit\" \/>\n\t<meta name=\"twitter:data1\" content=\"1\u00a0Minute\" \/>\n<script type=\"application\/ld+json\" class=\"yoast-schema-graph\">{\"@context\":\"https:\\\/\\\/schema.org\",\"@graph\":[{\"@type\":\"WebPage\",\"@id\":\"https:\\\/\\\/roadeu.com\\\/sklep\\\/de\\\/produkt\\\/cee-kombistecker-16a-3p-caravan-adapter-2x-schuko-steckdosen-230v-wandgeraetestecker-ip44\\\/\",\"url\":\"https:\\\/\\\/roadeu.com\\\/sklep\\\/de\\\/produkt\\\/cee-kombistecker-16a-3p-caravan-adapter-2x-schuko-steckdosen-230v-wandgeraetestecker-ip44\\\/\",\"name\":\"CEE Kombistecker 16A 3P, Caravan Adapter, 2x Schuko Steckdosen 230V, Wandger\u00e4testecker IP44 - Road\",\"isPartOf\":{\"@id\":\"https:\\\/\\\/roadeu.com\\\/sklep\\\/de\\\/#website\"},\"primaryImageOfPage\":{\"@id\":\"https:\\\/\\\/roadeu.com\\\/sklep\\\/de\\\/produkt\\\/cee-kombistecker-16a-3p-caravan-adapter-2x-schuko-steckdosen-230v-wandgeraetestecker-ip44\\\/#primaryimage\"},\"image\":{\"@id\":\"https:\\\/\\\/roadeu.com\\\/sklep\\\/de\\\/produkt\\\/cee-kombistecker-16a-3p-caravan-adapter-2x-schuko-steckdosen-230v-wandgeraetestecker-ip44\\\/#primaryimage\"},\"thumbnailUrl\":\"https:\\\/\\\/roadeu.com\\\/sklep\\\/wp-content\\\/uploads\\\/2026\\\/04\\\/1-48.jpg\",\"datePublished\":\"2026-04-20T12:54:07+00:00\",\"dateModified\":\"2026-04-20T12:59:01+00:00\",\"breadcrumb\":{\"@id\":\"https:\\\/\\\/roadeu.com\\\/sklep\\\/de\\\/produkt\\\/cee-kombistecker-16a-3p-caravan-adapter-2x-schuko-steckdosen-230v-wandgeraetestecker-ip44\\\/#breadcrumb\"},\"inLanguage\":\"de\",\"potentialAction\":[{\"@type\":\"ReadAction\",\"target\":[\"https:\\\/\\\/roadeu.com\\\/sklep\\\/de\\\/produkt\\\/cee-kombistecker-16a-3p-caravan-adapter-2x-schuko-steckdosen-230v-wandgeraetestecker-ip44\\\/\"]}]},{\"@type\":\"ImageObject\",\"inLanguage\":\"de\",\"@id\":\"https:\\\/\\\/roadeu.com\\\/sklep\\\/de\\\/produkt\\\/cee-kombistecker-16a-3p-caravan-adapter-2x-schuko-steckdosen-230v-wandgeraetestecker-ip44\\\/#primaryimage\",\"url\":\"https:\\\/\\\/roadeu.com\\\/sklep\\\/wp-content\\\/uploads\\\/2026\\\/04\\\/1-48.jpg\",\"contentUrl\":\"https:\\\/\\\/roadeu.com\\\/sklep\\\/wp-content\\\/uploads\\\/2026\\\/04\\\/1-48.jpg\",\"width\":1216,\"height\":1500},{\"@type\":\"BreadcrumbList\",\"@id\":\"https:\\\/\\\/roadeu.com\\\/sklep\\\/de\\\/produkt\\\/cee-kombistecker-16a-3p-caravan-adapter-2x-schuko-steckdosen-230v-wandgeraetestecker-ip44\\\/#breadcrumb\",\"itemListElement\":[{\"@type\":\"ListItem\",\"position\":1,\"name\":\"Strona g\u0142\u00f3wna\",\"item\":\"https:\\\/\\\/roadeu.com\\\/sklep\\\/de\\\/shop\\\/\"},{\"@type\":\"ListItem\",\"position\":2,\"name\":\"Shop\",\"item\":\"https:\\\/\\\/roadeu.com\\\/sklep\\\/de\\\/shop\\\/\"},{\"@type\":\"ListItem\",\"position\":3,\"name\":\"CEE Kombistecker 16A 3P, Caravan Adapter, 2x Schuko Steckdosen 230V, Wandger\u00e4testecker IP44\"}]},{\"@type\":\"WebSite\",\"@id\":\"https:\\\/\\\/roadeu.com\\\/sklep\\\/de\\\/#website\",\"url\":\"https:\\\/\\\/roadeu.com\\\/sklep\\\/de\\\/\",\"name\":\"Road\",\"description\":\"Hurtownia Elektryczna w Dzier\u017coniowie. Producent sprz\u0119tu elektrycznego.\",\"publisher\":{\"@id\":\"https:\\\/\\\/roadeu.com\\\/sklep\\\/de\\\/#organization\"},\"potentialAction\":[{\"@type\":\"SearchAction\",\"target\":{\"@type\":\"EntryPoint\",\"urlTemplate\":\"https:\\\/\\\/roadeu.com\\\/sklep\\\/de\\\/?s={search_term_string}\"},\"query-input\":{\"@type\":\"PropertyValueSpecification\",\"valueRequired\":true,\"valueName\":\"search_term_string\"}}],\"inLanguage\":\"de\"},{\"@type\":\"Organization\",\"@id\":\"https:\\\/\\\/roadeu.com\\\/sklep\\\/de\\\/#organization\",\"name\":\"Road\",\"url\":\"https:\\\/\\\/roadeu.com\\\/sklep\\\/de\\\/\",\"logo\":{\"@type\":\"ImageObject\",\"inLanguage\":\"de\",\"@id\":\"https:\\\/\\\/roadeu.com\\\/sklep\\\/de\\\/#\\\/schema\\\/logo\\\/image\\\/\",\"url\":\"https:\\\/\\\/roadeu.com\\\/sklep\\\/wp-content\\\/uploads\\\/2025\\\/05\\\/logotype-lg-pl.png\",\"contentUrl\":\"https:\\\/\\\/roadeu.com\\\/sklep\\\/wp-content\\\/uploads\\\/2025\\\/05\\\/logotype-lg-pl.png\",\"width\":300,\"height\":70,\"caption\":\"Road\"},\"image\":{\"@id\":\"https:\\\/\\\/roadeu.com\\\/sklep\\\/de\\\/#\\\/schema\\\/logo\\\/image\\\/\"}}]}<\/script>\n<!-- \/ Yoast SEO plugin. -->","yoast_head_json":{"title":"CEE Kombistecker 16A 3P, Caravan Adapter, 2x Schuko Steckdosen 230V, Wandger\u00e4testecker IP44 - Road","robots":{"index":"index","follow":"follow","max-snippet":"max-snippet:-1","max-image-preview":"max-image-preview:large","max-video-preview":"max-video-preview:-1"},"canonical":"https:\/\/roadeu.com\/sklep\/de\/produkt\/cee-kombistecker-16a-3p-caravan-adapter-2x-schuko-steckdosen-230v-wandgeraetestecker-ip44\/","og_locale":"de_DE","og_type":"article","og_title":"CEE Kombistecker 16A 3P, Caravan Adapter, 2x Schuko Steckdosen 230V, Wandger\u00e4testecker IP44 - Road","og_description":"CEE Kombistecker","og_url":"https:\/\/roadeu.com\/sklep\/de\/produkt\/cee-kombistecker-16a-3p-caravan-adapter-2x-schuko-steckdosen-230v-wandgeraetestecker-ip44\/","og_site_name":"Road","article_modified_time":"2026-04-20T12:59:01+00:00","og_image":[{"width":1216,"height":1500,"url":"https:\/\/roadeu.com\/sklep\/wp-content\/uploads\/2026\/04\/1-48.jpg","type":"image\/jpeg"}],"twitter_card":"summary_large_image","twitter_misc":{"Gesch\u00e4tzte Lesezeit":"1\u00a0Minute"},"schema":{"@context":"https:\/\/schema.org","@graph":[{"@type":"WebPage","@id":"https:\/\/roadeu.com\/sklep\/de\/produkt\/cee-kombistecker-16a-3p-caravan-adapter-2x-schuko-steckdosen-230v-wandgeraetestecker-ip44\/","url":"https:\/\/roadeu.com\/sklep\/de\/produkt\/cee-kombistecker-16a-3p-caravan-adapter-2x-schuko-steckdosen-230v-wandgeraetestecker-ip44\/","name":"CEE Kombistecker 16A 3P, Caravan Adapter, 2x Schuko Steckdosen 230V, Wandger\u00e4testecker IP44 - Road","isPartOf":{"@id":"https:\/\/roadeu.com\/sklep\/de\/#website"},"primaryImageOfPage":{"@id":"https:\/\/roadeu.com\/sklep\/de\/produkt\/cee-kombistecker-16a-3p-caravan-adapter-2x-schuko-steckdosen-230v-wandgeraetestecker-ip44\/#primaryimage"},"image":{"@id":"https:\/\/roadeu.com\/sklep\/de\/produkt\/cee-kombistecker-16a-3p-caravan-adapter-2x-schuko-steckdosen-230v-wandgeraetestecker-ip44\/#primaryimage"},"thumbnailUrl":"https:\/\/roadeu.com\/sklep\/wp-content\/uploads\/2026\/04\/1-48.jpg","datePublished":"2026-04-20T12:54:07+00:00","dateModified":"2026-04-20T12:59:01+00:00","breadcrumb":{"@id":"https:\/\/roadeu.com\/sklep\/de\/produkt\/cee-kombistecker-16a-3p-caravan-adapter-2x-schuko-steckdosen-230v-wandgeraetestecker-ip44\/#breadcrumb"},"inLanguage":"de","potentialAction":[{"@type":"ReadAction","target":["https:\/\/roadeu.com\/sklep\/de\/produkt\/cee-kombistecker-16a-3p-caravan-adapter-2x-schuko-steckdosen-230v-wandgeraetestecker-ip44\/"]}]},{"@type":"ImageObject","inLanguage":"de","@id":"https:\/\/roadeu.com\/sklep\/de\/produkt\/cee-kombistecker-16a-3p-caravan-adapter-2x-schuko-steckdosen-230v-wandgeraetestecker-ip44\/#primaryimage","url":"https:\/\/roadeu.com\/sklep\/wp-content\/uploads\/2026\/04\/1-48.jpg","contentUrl":"https:\/\/roadeu.com\/sklep\/wp-content\/uploads\/2026\/04\/1-48.jpg","width":1216,"height":1500},{"@type":"BreadcrumbList","@id":"https:\/\/roadeu.com\/sklep\/de\/produkt\/cee-kombistecker-16a-3p-caravan-adapter-2x-schuko-steckdosen-230v-wandgeraetestecker-ip44\/#breadcrumb","itemListElement":[{"@type":"ListItem","position":1,"name":"Strona g\u0142\u00f3wna","item":"https:\/\/roadeu.com\/sklep\/de\/shop\/"},{"@type":"ListItem","position":2,"name":"Shop","item":"https:\/\/roadeu.com\/sklep\/de\/shop\/"},{"@type":"ListItem","position":3,"name":"CEE Kombistecker 16A 3P, Caravan Adapter, 2x Schuko Steckdosen 230V, Wandger\u00e4testecker IP44"}]},{"@type":"WebSite","@id":"https:\/\/roadeu.com\/sklep\/de\/#website","url":"https:\/\/roadeu.com\/sklep\/de\/","name":"Road","description":"Hurtownia Elektryczna w Dzier\u017coniowie. Producent sprz\u0119tu elektrycznego.","publisher":{"@id":"https:\/\/roadeu.com\/sklep\/de\/#organization"},"potentialAction":[{"@type":"SearchAction","target":{"@type":"EntryPoint","urlTemplate":"https:\/\/roadeu.com\/sklep\/de\/?s={search_term_string}"},"query-input":{"@type":"PropertyValueSpecification","valueRequired":true,"valueName":"search_term_string"}}],"inLanguage":"de"},{"@type":"Organization","@id":"https:\/\/roadeu.com\/sklep\/de\/#organization","name":"Road","url":"https:\/\/roadeu.com\/sklep\/de\/","logo":{"@type":"ImageObject","inLanguage":"de","@id":"https:\/\/roadeu.com\/sklep\/de\/#\/schema\/logo\/image\/","url":"https:\/\/roadeu.com\/sklep\/wp-content\/uploads\/2025\/05\/logotype-lg-pl.png","contentUrl":"https:\/\/roadeu.com\/sklep\/wp-content\/uploads\/2025\/05\/logotype-lg-pl.png","width":300,"height":70,"caption":"Road"},"image":{"@id":"https:\/\/roadeu.com\/sklep\/de\/#\/schema\/logo\/image\/"}}]}},"_links":{"self":[{"href":"https:\/\/roadeu.com\/sklep\/de\/wp-json\/wp\/v2\/product\/20199","targetHints":{"allow":["GET"]}}],"collection":[{"href":"https:\/\/roadeu.com\/sklep\/de\/wp-json\/wp\/v2\/product"}],"about":[{"href":"https:\/\/roadeu.com\/sklep\/de\/wp-json\/wp\/v2\/types\/product"}],"wp:featuredmedia":[{"embeddable":true,"href":"https:\/\/roadeu.com\/sklep\/de\/wp-json\/wp\/v2\/media\/20202"}],"wp:attachment":[{"href":"https:\/\/roadeu.com\/sklep\/de\/wp-json\/wp\/v2\/media?parent=20199"}],"wp:term":[{"taxonomy":"product_brand","embeddable":true,"href":"https:\/\/roadeu.com\/sklep\/de\/wp-json\/wp\/v2\/product_brand?post=20199"},{"taxonomy":"product_cat","embeddable":true,"href":"https:\/\/roadeu.com\/sklep\/de\/wp-json\/wp\/v2\/product_cat?post=20199"},{"taxonomy":"product_tag","embeddable":true,"href":"https:\/\/roadeu.com\/sklep\/de\/wp-json\/wp\/v2\/product_tag?post=20199"}],"curies":[{"name":"wp","href":"https:\/\/api.w.org\/{rel}","templated":true}]}}