{"id":17564,"date":"2026-01-21T13:19:45","date_gmt":"2026-01-21T12:19:45","guid":{"rendered":"https:\/\/roadeu.com\/sklep\/?post_type=product&#038;p=17564"},"modified":"2026-04-03T09:44:18","modified_gmt":"2026-04-03T07:44:18","slug":"leitungsschutzschalter-set-fi-schutzschalter-40a-4p-typ-a-ac-8x-b-16a-sicherungsautomat-in-einem-aufputz-verteilerkasten-sicherungskasten-aufputz","status":"publish","type":"product","link":"https:\/\/roadeu.com\/sklep\/de\/produkt\/leitungsschutzschalter-set-fi-schutzschalter-40a-4p-typ-a-ac-8x-b-16a-sicherungsautomat-in-einem-aufputz-verteilerkasten-sicherungskasten-aufputz\/","title":{"rendered":"Leitungsschutzschalter &#8211; Set Fi Schutzschalter 40A 4P typ A\/AC &#8211; 8x B 16A Sicherungsautomat in einem Aufputz Verteilerkasten &#8211; Sicherungskasten Aufputz"},"content":{"rendered":"<p><strong> Info zu diesem Artikel<\/strong><\/p>\n<p><strong>SICHERUNGSKASTEN<\/strong> wurde entwickelt, um versehentliches Auslaufen und Kurzschl\u00fcsse zu verhindern. Der anschlussfertig vorverdrahtete Stromverteiler und der Wandverteiler mit N+PE Klemmen sorgen f\u00fcr eine sichere Installation. Der Verteilerkasten aufputz kann erfolgreich als Unterverteilung aufputz verwendet werden, um eine optimale Energieverteilung zu gew\u00e4hrleisten.<br \/>\n<strong>WANDVERTEILER<\/strong> ist \u00e4u\u00dferst einfach zu installieren und eignet sich hervorragend f\u00fcr den Heim- und Werkstattgebrauch. Mit der Schutzklasse IP40 ist der Verteiler speziell f\u00fcr den Innenbereich konzipiert und bietet zuverl\u00e4ssigen Schutz vor Staub und Ber\u00fchrung.<br \/>\n<strong>ABSICHERUNG<\/strong> umfasst 1x Fehlerstromschutzschalter 40A 30mA 4P Typ A\/AC und 8x Sicherungsautomat 16A 1P B. Herstellerzertifikate: T\u00dcV. Der Anschluss von \u00dcberstromschutzschaltern erfolgt durch Trennung der Phasen, daher ist eine 3-phasige Stromversorgung erforderlich, um maximale Sicherheit zu gew\u00e4hrleisten.<br \/>\n<strong>DIE SICHERUNGEN<\/strong> sind mit einer speziellen Tragschiene und &#8222;N&#8220;-Leiter vorkonfektioniert. Schlie\u00dfen Sie einfach die 380V Stromversorgung und die Empf\u00e4nger an, um eine schnelle und unkomplizierte Installation zu erm\u00f6glichen. Dieses Design vereinfacht den Installationsprozess und spart Zeit und Ressourcen.<\/p>\n<p>&nbsp;<\/p>\n","protected":false},"excerpt":{"rendered":"<p><strong>Leitungsschutzschalter<\/strong><\/p>\n","protected":false},"featured_media":17580,"template":"","meta":[],"product_brand":[377],"product_cat":[374],"product_tag":[],"class_list":{"0":"post-17564","1":"product","2":"type-product","3":"status-publish","4":"has-post-thumbnail","6":"product_brand-roadeu-de","7":"product_cat-schaltanlage-mit-schutz","9":"first","10":"instock","11":"taxable","12":"shipping-taxable","13":"purchasable","14":"product-type-simple"},"yoast_head":"<!-- This site is optimized with the Yoast SEO plugin v27.3 - https:\/\/yoast.com\/product\/yoast-seo-wordpress\/ -->\n<title>Leitungsschutzschalter - Set Fi Schutzschalter 40A 4P typ A\/AC - 8x B 16A Sicherungsautomat in einem Aufputz Verteilerkasten - Sicherungskasten Aufputz - Road<\/title>\n<meta name=\"robots\" content=\"index, follow, max-snippet:-1, max-image-preview:large, max-video-preview:-1\" \/>\n<link rel=\"canonical\" href=\"https:\/\/roadeu.com\/sklep\/de\/produkt\/leitungsschutzschalter-set-fi-schutzschalter-40a-4p-typ-a-ac-8x-b-16a-sicherungsautomat-in-einem-aufputz-verteilerkasten-sicherungskasten-aufputz\/\" \/>\n<meta property=\"og:locale\" content=\"de_DE\" \/>\n<meta property=\"og:type\" content=\"article\" \/>\n<meta property=\"og:title\" content=\"Leitungsschutzschalter - Set Fi Schutzschalter 40A 4P typ A\/AC - 8x B 16A Sicherungsautomat in einem Aufputz Verteilerkasten - Sicherungskasten Aufputz - Road\" \/>\n<meta property=\"og:description\" content=\"Leitungsschutzschalter\" \/>\n<meta property=\"og:url\" content=\"https:\/\/roadeu.com\/sklep\/de\/produkt\/leitungsschutzschalter-set-fi-schutzschalter-40a-4p-typ-a-ac-8x-b-16a-sicherungsautomat-in-einem-aufputz-verteilerkasten-sicherungskasten-aufputz\/\" \/>\n<meta property=\"og:site_name\" content=\"Road\" \/>\n<meta property=\"article:modified_time\" content=\"2026-04-03T07:44:18+00:00\" \/>\n<meta property=\"og:image\" content=\"https:\/\/roadeu.com\/sklep\/wp-content\/uploads\/2026\/01\/3-42.jpg\" \/>\n\t<meta property=\"og:image:width\" content=\"1500\" \/>\n\t<meta property=\"og:image:height\" content=\"1025\" \/>\n\t<meta property=\"og:image:type\" content=\"image\/jpeg\" \/>\n<meta name=\"twitter:card\" content=\"summary_large_image\" \/>\n<meta name=\"twitter:label1\" content=\"Gesch\u00e4tzte Lesezeit\" \/>\n\t<meta name=\"twitter:data1\" content=\"2\u00a0Minute\" \/>\n<script type=\"application\/ld+json\" class=\"yoast-schema-graph\">{\"@context\":\"https:\\\/\\\/schema.org\",\"@graph\":[{\"@type\":\"WebPage\",\"@id\":\"https:\\\/\\\/roadeu.com\\\/sklep\\\/de\\\/produkt\\\/leitungsschutzschalter-set-fi-schutzschalter-40a-4p-typ-a-ac-8x-b-16a-sicherungsautomat-in-einem-aufputz-verteilerkasten-sicherungskasten-aufputz\\\/\",\"url\":\"https:\\\/\\\/roadeu.com\\\/sklep\\\/de\\\/produkt\\\/leitungsschutzschalter-set-fi-schutzschalter-40a-4p-typ-a-ac-8x-b-16a-sicherungsautomat-in-einem-aufputz-verteilerkasten-sicherungskasten-aufputz\\\/\",\"name\":\"Leitungsschutzschalter - Set Fi Schutzschalter 40A 4P typ A\\\/AC - 8x B 16A Sicherungsautomat in einem Aufputz Verteilerkasten - Sicherungskasten Aufputz - Road\",\"isPartOf\":{\"@id\":\"https:\\\/\\\/roadeu.com\\\/sklep\\\/de\\\/#website\"},\"primaryImageOfPage\":{\"@id\":\"https:\\\/\\\/roadeu.com\\\/sklep\\\/de\\\/produkt\\\/leitungsschutzschalter-set-fi-schutzschalter-40a-4p-typ-a-ac-8x-b-16a-sicherungsautomat-in-einem-aufputz-verteilerkasten-sicherungskasten-aufputz\\\/#primaryimage\"},\"image\":{\"@id\":\"https:\\\/\\\/roadeu.com\\\/sklep\\\/de\\\/produkt\\\/leitungsschutzschalter-set-fi-schutzschalter-40a-4p-typ-a-ac-8x-b-16a-sicherungsautomat-in-einem-aufputz-verteilerkasten-sicherungskasten-aufputz\\\/#primaryimage\"},\"thumbnailUrl\":\"https:\\\/\\\/roadeu.com\\\/sklep\\\/wp-content\\\/uploads\\\/2026\\\/01\\\/3-42.jpg\",\"datePublished\":\"2026-01-21T12:19:45+00:00\",\"dateModified\":\"2026-04-03T07:44:18+00:00\",\"breadcrumb\":{\"@id\":\"https:\\\/\\\/roadeu.com\\\/sklep\\\/de\\\/produkt\\\/leitungsschutzschalter-set-fi-schutzschalter-40a-4p-typ-a-ac-8x-b-16a-sicherungsautomat-in-einem-aufputz-verteilerkasten-sicherungskasten-aufputz\\\/#breadcrumb\"},\"inLanguage\":\"de\",\"potentialAction\":[{\"@type\":\"ReadAction\",\"target\":[\"https:\\\/\\\/roadeu.com\\\/sklep\\\/de\\\/produkt\\\/leitungsschutzschalter-set-fi-schutzschalter-40a-4p-typ-a-ac-8x-b-16a-sicherungsautomat-in-einem-aufputz-verteilerkasten-sicherungskasten-aufputz\\\/\"]}]},{\"@type\":\"ImageObject\",\"inLanguage\":\"de\",\"@id\":\"https:\\\/\\\/roadeu.com\\\/sklep\\\/de\\\/produkt\\\/leitungsschutzschalter-set-fi-schutzschalter-40a-4p-typ-a-ac-8x-b-16a-sicherungsautomat-in-einem-aufputz-verteilerkasten-sicherungskasten-aufputz\\\/#primaryimage\",\"url\":\"https:\\\/\\\/roadeu.com\\\/sklep\\\/wp-content\\\/uploads\\\/2026\\\/01\\\/3-42.jpg\",\"contentUrl\":\"https:\\\/\\\/roadeu.com\\\/sklep\\\/wp-content\\\/uploads\\\/2026\\\/01\\\/3-42.jpg\",\"width\":1500,\"height\":1025},{\"@type\":\"BreadcrumbList\",\"@id\":\"https:\\\/\\\/roadeu.com\\\/sklep\\\/de\\\/produkt\\\/leitungsschutzschalter-set-fi-schutzschalter-40a-4p-typ-a-ac-8x-b-16a-sicherungsautomat-in-einem-aufputz-verteilerkasten-sicherungskasten-aufputz\\\/#breadcrumb\",\"itemListElement\":[{\"@type\":\"ListItem\",\"position\":1,\"name\":\"Strona g\u0142\u00f3wna\",\"item\":\"https:\\\/\\\/roadeu.com\\\/sklep\\\/de\\\/shop\\\/\"},{\"@type\":\"ListItem\",\"position\":2,\"name\":\"Shop\",\"item\":\"https:\\\/\\\/roadeu.com\\\/sklep\\\/de\\\/shop\\\/\"},{\"@type\":\"ListItem\",\"position\":3,\"name\":\"Leitungsschutzschalter &#8211; Set Fi Schutzschalter 40A 4P typ A\\\/AC &#8211; 8x B 16A Sicherungsautomat in einem Aufputz Verteilerkasten &#8211; Sicherungskasten Aufputz\"}]},{\"@type\":\"WebSite\",\"@id\":\"https:\\\/\\\/roadeu.com\\\/sklep\\\/de\\\/#website\",\"url\":\"https:\\\/\\\/roadeu.com\\\/sklep\\\/de\\\/\",\"name\":\"Road\",\"description\":\"Hurtownia Elektryczna w Dzier\u017coniowie. Producent sprz\u0119tu elektrycznego.\",\"publisher\":{\"@id\":\"https:\\\/\\\/roadeu.com\\\/sklep\\\/de\\\/#organization\"},\"potentialAction\":[{\"@type\":\"SearchAction\",\"target\":{\"@type\":\"EntryPoint\",\"urlTemplate\":\"https:\\\/\\\/roadeu.com\\\/sklep\\\/de\\\/?s={search_term_string}\"},\"query-input\":{\"@type\":\"PropertyValueSpecification\",\"valueRequired\":true,\"valueName\":\"search_term_string\"}}],\"inLanguage\":\"de\"},{\"@type\":\"Organization\",\"@id\":\"https:\\\/\\\/roadeu.com\\\/sklep\\\/de\\\/#organization\",\"name\":\"Road\",\"url\":\"https:\\\/\\\/roadeu.com\\\/sklep\\\/de\\\/\",\"logo\":{\"@type\":\"ImageObject\",\"inLanguage\":\"de\",\"@id\":\"https:\\\/\\\/roadeu.com\\\/sklep\\\/de\\\/#\\\/schema\\\/logo\\\/image\\\/\",\"url\":\"https:\\\/\\\/roadeu.com\\\/sklep\\\/wp-content\\\/uploads\\\/2025\\\/05\\\/logotype-lg-pl.png\",\"contentUrl\":\"https:\\\/\\\/roadeu.com\\\/sklep\\\/wp-content\\\/uploads\\\/2025\\\/05\\\/logotype-lg-pl.png\",\"width\":300,\"height\":70,\"caption\":\"Road\"},\"image\":{\"@id\":\"https:\\\/\\\/roadeu.com\\\/sklep\\\/de\\\/#\\\/schema\\\/logo\\\/image\\\/\"}}]}<\/script>\n<!-- \/ Yoast SEO plugin. -->","yoast_head_json":{"title":"Leitungsschutzschalter - Set Fi Schutzschalter 40A 4P typ A\/AC - 8x B 16A Sicherungsautomat in einem Aufputz Verteilerkasten - Sicherungskasten Aufputz - Road","robots":{"index":"index","follow":"follow","max-snippet":"max-snippet:-1","max-image-preview":"max-image-preview:large","max-video-preview":"max-video-preview:-1"},"canonical":"https:\/\/roadeu.com\/sklep\/de\/produkt\/leitungsschutzschalter-set-fi-schutzschalter-40a-4p-typ-a-ac-8x-b-16a-sicherungsautomat-in-einem-aufputz-verteilerkasten-sicherungskasten-aufputz\/","og_locale":"de_DE","og_type":"article","og_title":"Leitungsschutzschalter - Set Fi Schutzschalter 40A 4P typ A\/AC - 8x B 16A Sicherungsautomat in einem Aufputz Verteilerkasten - Sicherungskasten Aufputz - Road","og_description":"Leitungsschutzschalter","og_url":"https:\/\/roadeu.com\/sklep\/de\/produkt\/leitungsschutzschalter-set-fi-schutzschalter-40a-4p-typ-a-ac-8x-b-16a-sicherungsautomat-in-einem-aufputz-verteilerkasten-sicherungskasten-aufputz\/","og_site_name":"Road","article_modified_time":"2026-04-03T07:44:18+00:00","og_image":[{"width":1500,"height":1025,"url":"https:\/\/roadeu.com\/sklep\/wp-content\/uploads\/2026\/01\/3-42.jpg","type":"image\/jpeg"}],"twitter_card":"summary_large_image","twitter_misc":{"Gesch\u00e4tzte Lesezeit":"2\u00a0Minute"},"schema":{"@context":"https:\/\/schema.org","@graph":[{"@type":"WebPage","@id":"https:\/\/roadeu.com\/sklep\/de\/produkt\/leitungsschutzschalter-set-fi-schutzschalter-40a-4p-typ-a-ac-8x-b-16a-sicherungsautomat-in-einem-aufputz-verteilerkasten-sicherungskasten-aufputz\/","url":"https:\/\/roadeu.com\/sklep\/de\/produkt\/leitungsschutzschalter-set-fi-schutzschalter-40a-4p-typ-a-ac-8x-b-16a-sicherungsautomat-in-einem-aufputz-verteilerkasten-sicherungskasten-aufputz\/","name":"Leitungsschutzschalter - Set Fi Schutzschalter 40A 4P typ A\/AC - 8x B 16A Sicherungsautomat in einem Aufputz Verteilerkasten - Sicherungskasten Aufputz - Road","isPartOf":{"@id":"https:\/\/roadeu.com\/sklep\/de\/#website"},"primaryImageOfPage":{"@id":"https:\/\/roadeu.com\/sklep\/de\/produkt\/leitungsschutzschalter-set-fi-schutzschalter-40a-4p-typ-a-ac-8x-b-16a-sicherungsautomat-in-einem-aufputz-verteilerkasten-sicherungskasten-aufputz\/#primaryimage"},"image":{"@id":"https:\/\/roadeu.com\/sklep\/de\/produkt\/leitungsschutzschalter-set-fi-schutzschalter-40a-4p-typ-a-ac-8x-b-16a-sicherungsautomat-in-einem-aufputz-verteilerkasten-sicherungskasten-aufputz\/#primaryimage"},"thumbnailUrl":"https:\/\/roadeu.com\/sklep\/wp-content\/uploads\/2026\/01\/3-42.jpg","datePublished":"2026-01-21T12:19:45+00:00","dateModified":"2026-04-03T07:44:18+00:00","breadcrumb":{"@id":"https:\/\/roadeu.com\/sklep\/de\/produkt\/leitungsschutzschalter-set-fi-schutzschalter-40a-4p-typ-a-ac-8x-b-16a-sicherungsautomat-in-einem-aufputz-verteilerkasten-sicherungskasten-aufputz\/#breadcrumb"},"inLanguage":"de","potentialAction":[{"@type":"ReadAction","target":["https:\/\/roadeu.com\/sklep\/de\/produkt\/leitungsschutzschalter-set-fi-schutzschalter-40a-4p-typ-a-ac-8x-b-16a-sicherungsautomat-in-einem-aufputz-verteilerkasten-sicherungskasten-aufputz\/"]}]},{"@type":"ImageObject","inLanguage":"de","@id":"https:\/\/roadeu.com\/sklep\/de\/produkt\/leitungsschutzschalter-set-fi-schutzschalter-40a-4p-typ-a-ac-8x-b-16a-sicherungsautomat-in-einem-aufputz-verteilerkasten-sicherungskasten-aufputz\/#primaryimage","url":"https:\/\/roadeu.com\/sklep\/wp-content\/uploads\/2026\/01\/3-42.jpg","contentUrl":"https:\/\/roadeu.com\/sklep\/wp-content\/uploads\/2026\/01\/3-42.jpg","width":1500,"height":1025},{"@type":"BreadcrumbList","@id":"https:\/\/roadeu.com\/sklep\/de\/produkt\/leitungsschutzschalter-set-fi-schutzschalter-40a-4p-typ-a-ac-8x-b-16a-sicherungsautomat-in-einem-aufputz-verteilerkasten-sicherungskasten-aufputz\/#breadcrumb","itemListElement":[{"@type":"ListItem","position":1,"name":"Strona g\u0142\u00f3wna","item":"https:\/\/roadeu.com\/sklep\/de\/shop\/"},{"@type":"ListItem","position":2,"name":"Shop","item":"https:\/\/roadeu.com\/sklep\/de\/shop\/"},{"@type":"ListItem","position":3,"name":"Leitungsschutzschalter &#8211; Set Fi Schutzschalter 40A 4P typ A\/AC &#8211; 8x B 16A Sicherungsautomat in einem Aufputz Verteilerkasten &#8211; Sicherungskasten Aufputz"}]},{"@type":"WebSite","@id":"https:\/\/roadeu.com\/sklep\/de\/#website","url":"https:\/\/roadeu.com\/sklep\/de\/","name":"Road","description":"Hurtownia Elektryczna w Dzier\u017coniowie. Producent sprz\u0119tu elektrycznego.","publisher":{"@id":"https:\/\/roadeu.com\/sklep\/de\/#organization"},"potentialAction":[{"@type":"SearchAction","target":{"@type":"EntryPoint","urlTemplate":"https:\/\/roadeu.com\/sklep\/de\/?s={search_term_string}"},"query-input":{"@type":"PropertyValueSpecification","valueRequired":true,"valueName":"search_term_string"}}],"inLanguage":"de"},{"@type":"Organization","@id":"https:\/\/roadeu.com\/sklep\/de\/#organization","name":"Road","url":"https:\/\/roadeu.com\/sklep\/de\/","logo":{"@type":"ImageObject","inLanguage":"de","@id":"https:\/\/roadeu.com\/sklep\/de\/#\/schema\/logo\/image\/","url":"https:\/\/roadeu.com\/sklep\/wp-content\/uploads\/2025\/05\/logotype-lg-pl.png","contentUrl":"https:\/\/roadeu.com\/sklep\/wp-content\/uploads\/2025\/05\/logotype-lg-pl.png","width":300,"height":70,"caption":"Road"},"image":{"@id":"https:\/\/roadeu.com\/sklep\/de\/#\/schema\/logo\/image\/"}}]}},"_links":{"self":[{"href":"https:\/\/roadeu.com\/sklep\/de\/wp-json\/wp\/v2\/product\/17564","targetHints":{"allow":["GET"]}}],"collection":[{"href":"https:\/\/roadeu.com\/sklep\/de\/wp-json\/wp\/v2\/product"}],"about":[{"href":"https:\/\/roadeu.com\/sklep\/de\/wp-json\/wp\/v2\/types\/product"}],"wp:featuredmedia":[{"embeddable":true,"href":"https:\/\/roadeu.com\/sklep\/de\/wp-json\/wp\/v2\/media\/17580"}],"wp:attachment":[{"href":"https:\/\/roadeu.com\/sklep\/de\/wp-json\/wp\/v2\/media?parent=17564"}],"wp:term":[{"taxonomy":"product_brand","embeddable":true,"href":"https:\/\/roadeu.com\/sklep\/de\/wp-json\/wp\/v2\/product_brand?post=17564"},{"taxonomy":"product_cat","embeddable":true,"href":"https:\/\/roadeu.com\/sklep\/de\/wp-json\/wp\/v2\/product_cat?post=17564"},{"taxonomy":"product_tag","embeddable":true,"href":"https:\/\/roadeu.com\/sklep\/de\/wp-json\/wp\/v2\/product_tag?post=17564"}],"curies":[{"name":"wp","href":"https:\/\/api.w.org\/{rel}","templated":true}]}}