{"id":16268,"date":"2026-01-13T08:54:11","date_gmt":"2026-01-13T07:54:11","guid":{"rendered":"https:\/\/roadeu.com\/sklep\/?post_type=product&#038;p=16268"},"modified":"2026-04-03T09:44:33","modified_gmt":"2026-04-03T07:44:33","slug":"stromverteiler-230v-2x-schuko-steckdose-baustromverteiler-mit-fi-schutzschalter-und-leistungsschalter-c-16a-verdrahtet-steckdosenverteiler-indoor-outdoor-bereich-ip44","status":"publish","type":"product","link":"https:\/\/roadeu.com\/sklep\/de\/produkt\/stromverteiler-230v-2x-schuko-steckdose-baustromverteiler-mit-fi-schutzschalter-und-leistungsschalter-c-16a-verdrahtet-steckdosenverteiler-indoor-outdoor-bereich-ip44\/","title":{"rendered":"Stromverteiler 230V &#8211; 2x Schuko Steckdose &#8211; Baustromverteiler mit Fi Schutzschalter und Leistungsschalter C 16A &#8211; Verdrahtet, Steckdosenverteiler Indoor\/Outdoor-Bereich IP44"},"content":{"rendered":"<p><strong>Info zu diesem Artikel<\/strong><\/p>\n<p><strong>HOCHWERTIGE<\/strong> 2x 230V Schuko Indoor \/ Outdoor Steckdose. Stromverteiler ist anschlussfertig vorverdrahtet. Der Wandverteiler ist mit N+PE reihenklemmen versehen. Eine PG16 Kabelverschraubung ist ebenfalls enthalten.<br \/>\n<strong>VERTEILERKASTEN<\/strong> Nur eine Zuleitung, weniger Bohrl\u00f6cher, weniger Kabel. Versiegeltes IP44-Geh\u00e4use f\u00fcr den Innen- und Au\u00dfenbereich. Der Fi schalter sorgt f\u00fcr die n\u00f6tige Sicherheit<br \/>\n<strong>VERTEILER ABSICHERUNG<\/strong>: 1x Fi schalter 25A typ A\/AC 30mA 2P, 1x Leistungsschalter LS C16A 1P mit phasenschiene.<br \/>\n<strong>BEST\u00dcCKUNG<\/strong>: Der Verteiler bietet 2x 230V 16A IP44 Schuko Dosen, die mit jedem geraden oder gewinkelten 230V Stecker kompatibel sind. Das Design ist f\u00fcr eine einfache Wandmontage ausgelegt und eignet sich ideal f\u00fcr den Einsatz im Innen- und Au\u00dfenbereich.<\/p>\n<p>Mit dieser Best\u00fcckung ist der Verteiler eine praktische L\u00f6sung f\u00fcr den Anschluss von Elektroger\u00e4ten und Werkzeugen an Baustellen, Veranstaltungen oder anderen tempor\u00e4ren Standorten<\/p>\n<p>\u00a0<\/p>\n","protected":false},"excerpt":{"rendered":"<p><strong>Stromverteiler<\/strong><\/p>\n","protected":false},"featured_media":16283,"template":"","meta":[],"product_brand":[377],"product_cat":[363],"product_tag":[],"class_list":{"0":"post-16268","1":"product","2":"type-product","3":"status-publish","4":"has-post-thumbnail","6":"product_brand-roadeu-de","7":"product_cat-verteilerschranke-steckschlusselsatze","9":"first","10":"instock","11":"taxable","12":"shipping-taxable","13":"purchasable","14":"product-type-simple"},"yoast_head":"<!-- This site is optimized with the Yoast SEO plugin v27.5 - https:\/\/yoast.com\/product\/yoast-seo-wordpress\/ -->\n<title>Stromverteiler 230V - 2x Schuko Steckdose - Baustromverteiler mit Fi Schutzschalter und Leistungsschalter C 16A - Verdrahtet, Steckdosenverteiler Indoor\/Outdoor-Bereich IP44 - Road<\/title>\n<meta name=\"robots\" content=\"index, follow, max-snippet:-1, max-image-preview:large, max-video-preview:-1\" \/>\n<link rel=\"canonical\" href=\"https:\/\/roadeu.com\/sklep\/de\/produkt\/stromverteiler-230v-2x-schuko-steckdose-baustromverteiler-mit-fi-schutzschalter-und-leistungsschalter-c-16a-verdrahtet-steckdosenverteiler-indoor-outdoor-bereich-ip44\/\" \/>\n<meta property=\"og:locale\" content=\"de_DE\" \/>\n<meta property=\"og:type\" content=\"article\" \/>\n<meta property=\"og:title\" content=\"Stromverteiler 230V - 2x Schuko Steckdose - Baustromverteiler mit Fi Schutzschalter und Leistungsschalter C 16A - Verdrahtet, Steckdosenverteiler Indoor\/Outdoor-Bereich IP44 - Road\" \/>\n<meta property=\"og:description\" content=\"Stromverteiler\" \/>\n<meta property=\"og:url\" content=\"https:\/\/roadeu.com\/sklep\/de\/produkt\/stromverteiler-230v-2x-schuko-steckdose-baustromverteiler-mit-fi-schutzschalter-und-leistungsschalter-c-16a-verdrahtet-steckdosenverteiler-indoor-outdoor-bereich-ip44\/\" \/>\n<meta property=\"og:site_name\" content=\"Road\" \/>\n<meta property=\"article:modified_time\" content=\"2026-04-03T07:44:33+00:00\" \/>\n<meta property=\"og:image\" content=\"https:\/\/roadeu.com\/sklep\/wp-content\/uploads\/2026\/01\/3-14.jpg\" \/>\n\t<meta property=\"og:image:width\" content=\"894\" \/>\n\t<meta property=\"og:image:height\" content=\"1500\" \/>\n\t<meta property=\"og:image:type\" content=\"image\/jpeg\" \/>\n<meta name=\"twitter:card\" content=\"summary_large_image\" \/>\n<meta name=\"twitter:label1\" content=\"Gesch\u00e4tzte Lesezeit\" \/>\n\t<meta name=\"twitter:data1\" content=\"1\u00a0Minute\" \/>\n<script type=\"application\/ld+json\" class=\"yoast-schema-graph\">{\"@context\":\"https:\\\/\\\/schema.org\",\"@graph\":[{\"@type\":\"WebPage\",\"@id\":\"https:\\\/\\\/roadeu.com\\\/sklep\\\/de\\\/produkt\\\/stromverteiler-230v-2x-schuko-steckdose-baustromverteiler-mit-fi-schutzschalter-und-leistungsschalter-c-16a-verdrahtet-steckdosenverteiler-indoor-outdoor-bereich-ip44\\\/\",\"url\":\"https:\\\/\\\/roadeu.com\\\/sklep\\\/de\\\/produkt\\\/stromverteiler-230v-2x-schuko-steckdose-baustromverteiler-mit-fi-schutzschalter-und-leistungsschalter-c-16a-verdrahtet-steckdosenverteiler-indoor-outdoor-bereich-ip44\\\/\",\"name\":\"Stromverteiler 230V - 2x Schuko Steckdose - Baustromverteiler mit Fi Schutzschalter und Leistungsschalter C 16A - Verdrahtet, Steckdosenverteiler Indoor\\\/Outdoor-Bereich IP44 - Road\",\"isPartOf\":{\"@id\":\"https:\\\/\\\/roadeu.com\\\/sklep\\\/de\\\/#website\"},\"primaryImageOfPage\":{\"@id\":\"https:\\\/\\\/roadeu.com\\\/sklep\\\/de\\\/produkt\\\/stromverteiler-230v-2x-schuko-steckdose-baustromverteiler-mit-fi-schutzschalter-und-leistungsschalter-c-16a-verdrahtet-steckdosenverteiler-indoor-outdoor-bereich-ip44\\\/#primaryimage\"},\"image\":{\"@id\":\"https:\\\/\\\/roadeu.com\\\/sklep\\\/de\\\/produkt\\\/stromverteiler-230v-2x-schuko-steckdose-baustromverteiler-mit-fi-schutzschalter-und-leistungsschalter-c-16a-verdrahtet-steckdosenverteiler-indoor-outdoor-bereich-ip44\\\/#primaryimage\"},\"thumbnailUrl\":\"https:\\\/\\\/roadeu.com\\\/sklep\\\/wp-content\\\/uploads\\\/2026\\\/01\\\/3-14.jpg\",\"datePublished\":\"2026-01-13T07:54:11+00:00\",\"dateModified\":\"2026-04-03T07:44:33+00:00\",\"breadcrumb\":{\"@id\":\"https:\\\/\\\/roadeu.com\\\/sklep\\\/de\\\/produkt\\\/stromverteiler-230v-2x-schuko-steckdose-baustromverteiler-mit-fi-schutzschalter-und-leistungsschalter-c-16a-verdrahtet-steckdosenverteiler-indoor-outdoor-bereich-ip44\\\/#breadcrumb\"},\"inLanguage\":\"de\",\"potentialAction\":[{\"@type\":\"ReadAction\",\"target\":[\"https:\\\/\\\/roadeu.com\\\/sklep\\\/de\\\/produkt\\\/stromverteiler-230v-2x-schuko-steckdose-baustromverteiler-mit-fi-schutzschalter-und-leistungsschalter-c-16a-verdrahtet-steckdosenverteiler-indoor-outdoor-bereich-ip44\\\/\"]}]},{\"@type\":\"ImageObject\",\"inLanguage\":\"de\",\"@id\":\"https:\\\/\\\/roadeu.com\\\/sklep\\\/de\\\/produkt\\\/stromverteiler-230v-2x-schuko-steckdose-baustromverteiler-mit-fi-schutzschalter-und-leistungsschalter-c-16a-verdrahtet-steckdosenverteiler-indoor-outdoor-bereich-ip44\\\/#primaryimage\",\"url\":\"https:\\\/\\\/roadeu.com\\\/sklep\\\/wp-content\\\/uploads\\\/2026\\\/01\\\/3-14.jpg\",\"contentUrl\":\"https:\\\/\\\/roadeu.com\\\/sklep\\\/wp-content\\\/uploads\\\/2026\\\/01\\\/3-14.jpg\",\"width\":894,\"height\":1500},{\"@type\":\"BreadcrumbList\",\"@id\":\"https:\\\/\\\/roadeu.com\\\/sklep\\\/de\\\/produkt\\\/stromverteiler-230v-2x-schuko-steckdose-baustromverteiler-mit-fi-schutzschalter-und-leistungsschalter-c-16a-verdrahtet-steckdosenverteiler-indoor-outdoor-bereich-ip44\\\/#breadcrumb\",\"itemListElement\":[{\"@type\":\"ListItem\",\"position\":1,\"name\":\"Strona g\u0142\u00f3wna\",\"item\":\"https:\\\/\\\/roadeu.com\\\/sklep\\\/de\\\/shop\\\/\"},{\"@type\":\"ListItem\",\"position\":2,\"name\":\"Shop\",\"item\":\"https:\\\/\\\/roadeu.com\\\/sklep\\\/de\\\/shop\\\/\"},{\"@type\":\"ListItem\",\"position\":3,\"name\":\"Stromverteiler 230V &#8211; 2x Schuko Steckdose &#8211; Baustromverteiler mit Fi Schutzschalter und Leistungsschalter C 16A &#8211; Verdrahtet, Steckdosenverteiler Indoor\\\/Outdoor-Bereich IP44\"}]},{\"@type\":\"WebSite\",\"@id\":\"https:\\\/\\\/roadeu.com\\\/sklep\\\/de\\\/#website\",\"url\":\"https:\\\/\\\/roadeu.com\\\/sklep\\\/de\\\/\",\"name\":\"Road\",\"description\":\"Hurtownia Elektryczna w Dzier\u017coniowie. Producent sprz\u0119tu elektrycznego.\",\"publisher\":{\"@id\":\"https:\\\/\\\/roadeu.com\\\/sklep\\\/de\\\/#organization\"},\"potentialAction\":[{\"@type\":\"SearchAction\",\"target\":{\"@type\":\"EntryPoint\",\"urlTemplate\":\"https:\\\/\\\/roadeu.com\\\/sklep\\\/de\\\/?s={search_term_string}\"},\"query-input\":{\"@type\":\"PropertyValueSpecification\",\"valueRequired\":true,\"valueName\":\"search_term_string\"}}],\"inLanguage\":\"de\"},{\"@type\":\"Organization\",\"@id\":\"https:\\\/\\\/roadeu.com\\\/sklep\\\/de\\\/#organization\",\"name\":\"Road\",\"url\":\"https:\\\/\\\/roadeu.com\\\/sklep\\\/de\\\/\",\"logo\":{\"@type\":\"ImageObject\",\"inLanguage\":\"de\",\"@id\":\"https:\\\/\\\/roadeu.com\\\/sklep\\\/de\\\/#\\\/schema\\\/logo\\\/image\\\/\",\"url\":\"https:\\\/\\\/roadeu.com\\\/sklep\\\/wp-content\\\/uploads\\\/2025\\\/05\\\/logotype-lg-pl.png\",\"contentUrl\":\"https:\\\/\\\/roadeu.com\\\/sklep\\\/wp-content\\\/uploads\\\/2025\\\/05\\\/logotype-lg-pl.png\",\"width\":300,\"height\":70,\"caption\":\"Road\"},\"image\":{\"@id\":\"https:\\\/\\\/roadeu.com\\\/sklep\\\/de\\\/#\\\/schema\\\/logo\\\/image\\\/\"}}]}<\/script>\n<!-- \/ Yoast SEO plugin. -->","yoast_head_json":{"title":"Stromverteiler 230V - 2x Schuko Steckdose - Baustromverteiler mit Fi Schutzschalter und Leistungsschalter C 16A - Verdrahtet, Steckdosenverteiler Indoor\/Outdoor-Bereich IP44 - Road","robots":{"index":"index","follow":"follow","max-snippet":"max-snippet:-1","max-image-preview":"max-image-preview:large","max-video-preview":"max-video-preview:-1"},"canonical":"https:\/\/roadeu.com\/sklep\/de\/produkt\/stromverteiler-230v-2x-schuko-steckdose-baustromverteiler-mit-fi-schutzschalter-und-leistungsschalter-c-16a-verdrahtet-steckdosenverteiler-indoor-outdoor-bereich-ip44\/","og_locale":"de_DE","og_type":"article","og_title":"Stromverteiler 230V - 2x Schuko Steckdose - Baustromverteiler mit Fi Schutzschalter und Leistungsschalter C 16A - Verdrahtet, Steckdosenverteiler Indoor\/Outdoor-Bereich IP44 - Road","og_description":"Stromverteiler","og_url":"https:\/\/roadeu.com\/sklep\/de\/produkt\/stromverteiler-230v-2x-schuko-steckdose-baustromverteiler-mit-fi-schutzschalter-und-leistungsschalter-c-16a-verdrahtet-steckdosenverteiler-indoor-outdoor-bereich-ip44\/","og_site_name":"Road","article_modified_time":"2026-04-03T07:44:33+00:00","og_image":[{"width":894,"height":1500,"url":"https:\/\/roadeu.com\/sklep\/wp-content\/uploads\/2026\/01\/3-14.jpg","type":"image\/jpeg"}],"twitter_card":"summary_large_image","twitter_misc":{"Gesch\u00e4tzte Lesezeit":"1\u00a0Minute"},"schema":{"@context":"https:\/\/schema.org","@graph":[{"@type":"WebPage","@id":"https:\/\/roadeu.com\/sklep\/de\/produkt\/stromverteiler-230v-2x-schuko-steckdose-baustromverteiler-mit-fi-schutzschalter-und-leistungsschalter-c-16a-verdrahtet-steckdosenverteiler-indoor-outdoor-bereich-ip44\/","url":"https:\/\/roadeu.com\/sklep\/de\/produkt\/stromverteiler-230v-2x-schuko-steckdose-baustromverteiler-mit-fi-schutzschalter-und-leistungsschalter-c-16a-verdrahtet-steckdosenverteiler-indoor-outdoor-bereich-ip44\/","name":"Stromverteiler 230V - 2x Schuko Steckdose - Baustromverteiler mit Fi Schutzschalter und Leistungsschalter C 16A - Verdrahtet, Steckdosenverteiler Indoor\/Outdoor-Bereich IP44 - Road","isPartOf":{"@id":"https:\/\/roadeu.com\/sklep\/de\/#website"},"primaryImageOfPage":{"@id":"https:\/\/roadeu.com\/sklep\/de\/produkt\/stromverteiler-230v-2x-schuko-steckdose-baustromverteiler-mit-fi-schutzschalter-und-leistungsschalter-c-16a-verdrahtet-steckdosenverteiler-indoor-outdoor-bereich-ip44\/#primaryimage"},"image":{"@id":"https:\/\/roadeu.com\/sklep\/de\/produkt\/stromverteiler-230v-2x-schuko-steckdose-baustromverteiler-mit-fi-schutzschalter-und-leistungsschalter-c-16a-verdrahtet-steckdosenverteiler-indoor-outdoor-bereich-ip44\/#primaryimage"},"thumbnailUrl":"https:\/\/roadeu.com\/sklep\/wp-content\/uploads\/2026\/01\/3-14.jpg","datePublished":"2026-01-13T07:54:11+00:00","dateModified":"2026-04-03T07:44:33+00:00","breadcrumb":{"@id":"https:\/\/roadeu.com\/sklep\/de\/produkt\/stromverteiler-230v-2x-schuko-steckdose-baustromverteiler-mit-fi-schutzschalter-und-leistungsschalter-c-16a-verdrahtet-steckdosenverteiler-indoor-outdoor-bereich-ip44\/#breadcrumb"},"inLanguage":"de","potentialAction":[{"@type":"ReadAction","target":["https:\/\/roadeu.com\/sklep\/de\/produkt\/stromverteiler-230v-2x-schuko-steckdose-baustromverteiler-mit-fi-schutzschalter-und-leistungsschalter-c-16a-verdrahtet-steckdosenverteiler-indoor-outdoor-bereich-ip44\/"]}]},{"@type":"ImageObject","inLanguage":"de","@id":"https:\/\/roadeu.com\/sklep\/de\/produkt\/stromverteiler-230v-2x-schuko-steckdose-baustromverteiler-mit-fi-schutzschalter-und-leistungsschalter-c-16a-verdrahtet-steckdosenverteiler-indoor-outdoor-bereich-ip44\/#primaryimage","url":"https:\/\/roadeu.com\/sklep\/wp-content\/uploads\/2026\/01\/3-14.jpg","contentUrl":"https:\/\/roadeu.com\/sklep\/wp-content\/uploads\/2026\/01\/3-14.jpg","width":894,"height":1500},{"@type":"BreadcrumbList","@id":"https:\/\/roadeu.com\/sklep\/de\/produkt\/stromverteiler-230v-2x-schuko-steckdose-baustromverteiler-mit-fi-schutzschalter-und-leistungsschalter-c-16a-verdrahtet-steckdosenverteiler-indoor-outdoor-bereich-ip44\/#breadcrumb","itemListElement":[{"@type":"ListItem","position":1,"name":"Strona g\u0142\u00f3wna","item":"https:\/\/roadeu.com\/sklep\/de\/shop\/"},{"@type":"ListItem","position":2,"name":"Shop","item":"https:\/\/roadeu.com\/sklep\/de\/shop\/"},{"@type":"ListItem","position":3,"name":"Stromverteiler 230V &#8211; 2x Schuko Steckdose &#8211; Baustromverteiler mit Fi Schutzschalter und Leistungsschalter C 16A &#8211; Verdrahtet, Steckdosenverteiler Indoor\/Outdoor-Bereich IP44"}]},{"@type":"WebSite","@id":"https:\/\/roadeu.com\/sklep\/de\/#website","url":"https:\/\/roadeu.com\/sklep\/de\/","name":"Road","description":"Hurtownia Elektryczna w Dzier\u017coniowie. Producent sprz\u0119tu elektrycznego.","publisher":{"@id":"https:\/\/roadeu.com\/sklep\/de\/#organization"},"potentialAction":[{"@type":"SearchAction","target":{"@type":"EntryPoint","urlTemplate":"https:\/\/roadeu.com\/sklep\/de\/?s={search_term_string}"},"query-input":{"@type":"PropertyValueSpecification","valueRequired":true,"valueName":"search_term_string"}}],"inLanguage":"de"},{"@type":"Organization","@id":"https:\/\/roadeu.com\/sklep\/de\/#organization","name":"Road","url":"https:\/\/roadeu.com\/sklep\/de\/","logo":{"@type":"ImageObject","inLanguage":"de","@id":"https:\/\/roadeu.com\/sklep\/de\/#\/schema\/logo\/image\/","url":"https:\/\/roadeu.com\/sklep\/wp-content\/uploads\/2025\/05\/logotype-lg-pl.png","contentUrl":"https:\/\/roadeu.com\/sklep\/wp-content\/uploads\/2025\/05\/logotype-lg-pl.png","width":300,"height":70,"caption":"Road"},"image":{"@id":"https:\/\/roadeu.com\/sklep\/de\/#\/schema\/logo\/image\/"}}]}},"_links":{"self":[{"href":"https:\/\/roadeu.com\/sklep\/de\/wp-json\/wp\/v2\/product\/16268","targetHints":{"allow":["GET"]}}],"collection":[{"href":"https:\/\/roadeu.com\/sklep\/de\/wp-json\/wp\/v2\/product"}],"about":[{"href":"https:\/\/roadeu.com\/sklep\/de\/wp-json\/wp\/v2\/types\/product"}],"wp:featuredmedia":[{"embeddable":true,"href":"https:\/\/roadeu.com\/sklep\/de\/wp-json\/wp\/v2\/media\/16283"}],"wp:attachment":[{"href":"https:\/\/roadeu.com\/sklep\/de\/wp-json\/wp\/v2\/media?parent=16268"}],"wp:term":[{"taxonomy":"product_brand","embeddable":true,"href":"https:\/\/roadeu.com\/sklep\/de\/wp-json\/wp\/v2\/product_brand?post=16268"},{"taxonomy":"product_cat","embeddable":true,"href":"https:\/\/roadeu.com\/sklep\/de\/wp-json\/wp\/v2\/product_cat?post=16268"},{"taxonomy":"product_tag","embeddable":true,"href":"https:\/\/roadeu.com\/sklep\/de\/wp-json\/wp\/v2\/product_tag?post=16268"}],"curies":[{"name":"wp","href":"https:\/\/api.w.org\/{rel}","templated":true}]}}