{"id":15641,"date":"2026-01-09T09:23:07","date_gmt":"2026-01-09T08:23:07","guid":{"rendered":"https:\/\/roadeu.com\/sklep\/?post_type=product&#038;p=15641"},"modified":"2026-04-03T09:44:40","modified_gmt":"2026-04-03T07:44:40","slug":"leitungsschutzschalter-stromverteiler-c16a-1p-230v-leistungsschalter-sicherungskasten-aufputz-verteiler","status":"publish","type":"product","link":"https:\/\/roadeu.com\/sklep\/de\/produkt\/leitungsschutzschalter-stromverteiler-c16a-1p-230v-leistungsschalter-sicherungskasten-aufputz-verteiler\/","title":{"rendered":"Leitungsschutzschalter, Stromverteiler C16A 1P 230V &#8211; Leistungsschalter, Sicherungskasten, Aufputz Verteiler"},"content":{"rendered":"<p><strong> Info zu diesem Artikel<\/strong><\/p>\n<p>    <strong>AUFPUTZ VERTEILER<\/strong> wurde entwickelt, um versehentliches Auslaufen und Kurzschl\u00fcsse zu verhindern. Der Verteiler bietet einen hohen Schutz f\u00fcr Ihre Elektronik und ist ein wichtiger Bestandteil f\u00fcr eine sichere Stromversorgung in Geb\u00e4uden.<br \/>\n    <strong>WANDVERTEILER<\/strong> ist eine hervorragende L\u00f6sung f\u00fcr den Heim- und Werkstattgebrauch. Er ist sehr einfach zu installieren und bietet eine Schutzklasse von IP42 f\u00fcr den Innenbereich. Der Wandverteiler ist eine gute Wahl f\u00fcr jeden, der eine zuverl\u00e4ssige und sichere Stromversorgung ben\u00f6tigt.<br \/>\n    <strong>DIE ABSICHERUNG<\/strong> des Aufputz Verteilers besteht aus einem LS Leitungsschutzschalter C16A 1-Polig. Dieser sorgt f\u00fcr einen effektiven Schutz Ihrer Ger\u00e4te, indem er bei \u00dcberlast oder Kurzschluss die Stromzufuhr unterbricht und so Sch\u00e4den an den angeschlossenen Ger\u00e4ten vermeidet. Das Herstellerzertifikat von T\u00dcV garantiert die h\u00f6chste Qualit\u00e4t des Verteilers.<br \/>\n    <strong>DIE INSTALLATION<\/strong> des Aufputz Verteilers ist sehr einfach. Sie m\u00fcssen lediglich die 230-V-Stromversorgung und die Empf\u00e4nger anschlie\u00dfen. Danach ist Ihr Stromversorgungssystem einsatzbereit. Der Verteiler ist ein plug-and-play-Produkt, das sofort betriebsbereit ist. <\/p>\n","protected":false},"excerpt":{"rendered":"<p><strong>Stromverteiler C16A<\/strong><\/p>\n","protected":false},"featured_media":15662,"template":"","meta":[],"product_brand":[377],"product_cat":[374],"product_tag":[],"class_list":{"0":"post-15641","1":"product","2":"type-product","3":"status-publish","4":"has-post-thumbnail","6":"product_brand-roadeu-de","7":"product_cat-schaltanlage-mit-schutz","9":"first","10":"instock","11":"taxable","12":"shipping-taxable","13":"purchasable","14":"product-type-simple"},"yoast_head":"<!-- This site is optimized with the Yoast SEO plugin v27.3 - https:\/\/yoast.com\/product\/yoast-seo-wordpress\/ -->\n<title>Leitungsschutzschalter, Stromverteiler C16A 1P 230V - Leistungsschalter, Sicherungskasten, Aufputz Verteiler - Road<\/title>\n<meta name=\"robots\" content=\"index, follow, max-snippet:-1, max-image-preview:large, max-video-preview:-1\" \/>\n<link rel=\"canonical\" href=\"https:\/\/roadeu.com\/sklep\/de\/produkt\/leitungsschutzschalter-stromverteiler-c16a-1p-230v-leistungsschalter-sicherungskasten-aufputz-verteiler\/\" \/>\n<meta property=\"og:locale\" content=\"de_DE\" \/>\n<meta property=\"og:type\" content=\"article\" \/>\n<meta property=\"og:title\" content=\"Leitungsschutzschalter, Stromverteiler C16A 1P 230V - Leistungsschalter, Sicherungskasten, Aufputz Verteiler - Road\" \/>\n<meta property=\"og:description\" content=\"Stromverteiler C16A\" \/>\n<meta property=\"og:url\" content=\"https:\/\/roadeu.com\/sklep\/de\/produkt\/leitungsschutzschalter-stromverteiler-c16a-1p-230v-leistungsschalter-sicherungskasten-aufputz-verteiler\/\" \/>\n<meta property=\"og:site_name\" content=\"Road\" \/>\n<meta property=\"article:modified_time\" content=\"2026-04-03T07:44:40+00:00\" \/>\n<meta property=\"og:image\" content=\"https:\/\/roadeu.com\/sklep\/wp-content\/uploads\/2026\/01\/4.jpg\" \/>\n\t<meta property=\"og:image:width\" content=\"526\" \/>\n\t<meta property=\"og:image:height\" content=\"1500\" \/>\n\t<meta property=\"og:image:type\" content=\"image\/jpeg\" \/>\n<meta name=\"twitter:card\" content=\"summary_large_image\" \/>\n<meta name=\"twitter:label1\" content=\"Gesch\u00e4tzte Lesezeit\" \/>\n\t<meta name=\"twitter:data1\" content=\"2\u00a0Minute\" \/>\n<script type=\"application\/ld+json\" class=\"yoast-schema-graph\">{\"@context\":\"https:\\\/\\\/schema.org\",\"@graph\":[{\"@type\":\"WebPage\",\"@id\":\"https:\\\/\\\/roadeu.com\\\/sklep\\\/de\\\/produkt\\\/leitungsschutzschalter-stromverteiler-c16a-1p-230v-leistungsschalter-sicherungskasten-aufputz-verteiler\\\/\",\"url\":\"https:\\\/\\\/roadeu.com\\\/sklep\\\/de\\\/produkt\\\/leitungsschutzschalter-stromverteiler-c16a-1p-230v-leistungsschalter-sicherungskasten-aufputz-verteiler\\\/\",\"name\":\"Leitungsschutzschalter, Stromverteiler C16A 1P 230V - Leistungsschalter, Sicherungskasten, Aufputz Verteiler - Road\",\"isPartOf\":{\"@id\":\"https:\\\/\\\/roadeu.com\\\/sklep\\\/de\\\/#website\"},\"primaryImageOfPage\":{\"@id\":\"https:\\\/\\\/roadeu.com\\\/sklep\\\/de\\\/produkt\\\/leitungsschutzschalter-stromverteiler-c16a-1p-230v-leistungsschalter-sicherungskasten-aufputz-verteiler\\\/#primaryimage\"},\"image\":{\"@id\":\"https:\\\/\\\/roadeu.com\\\/sklep\\\/de\\\/produkt\\\/leitungsschutzschalter-stromverteiler-c16a-1p-230v-leistungsschalter-sicherungskasten-aufputz-verteiler\\\/#primaryimage\"},\"thumbnailUrl\":\"https:\\\/\\\/roadeu.com\\\/sklep\\\/wp-content\\\/uploads\\\/2026\\\/01\\\/4.jpg\",\"datePublished\":\"2026-01-09T08:23:07+00:00\",\"dateModified\":\"2026-04-03T07:44:40+00:00\",\"breadcrumb\":{\"@id\":\"https:\\\/\\\/roadeu.com\\\/sklep\\\/de\\\/produkt\\\/leitungsschutzschalter-stromverteiler-c16a-1p-230v-leistungsschalter-sicherungskasten-aufputz-verteiler\\\/#breadcrumb\"},\"inLanguage\":\"de\",\"potentialAction\":[{\"@type\":\"ReadAction\",\"target\":[\"https:\\\/\\\/roadeu.com\\\/sklep\\\/de\\\/produkt\\\/leitungsschutzschalter-stromverteiler-c16a-1p-230v-leistungsschalter-sicherungskasten-aufputz-verteiler\\\/\"]}]},{\"@type\":\"ImageObject\",\"inLanguage\":\"de\",\"@id\":\"https:\\\/\\\/roadeu.com\\\/sklep\\\/de\\\/produkt\\\/leitungsschutzschalter-stromverteiler-c16a-1p-230v-leistungsschalter-sicherungskasten-aufputz-verteiler\\\/#primaryimage\",\"url\":\"https:\\\/\\\/roadeu.com\\\/sklep\\\/wp-content\\\/uploads\\\/2026\\\/01\\\/4.jpg\",\"contentUrl\":\"https:\\\/\\\/roadeu.com\\\/sklep\\\/wp-content\\\/uploads\\\/2026\\\/01\\\/4.jpg\",\"width\":526,\"height\":1500},{\"@type\":\"BreadcrumbList\",\"@id\":\"https:\\\/\\\/roadeu.com\\\/sklep\\\/de\\\/produkt\\\/leitungsschutzschalter-stromverteiler-c16a-1p-230v-leistungsschalter-sicherungskasten-aufputz-verteiler\\\/#breadcrumb\",\"itemListElement\":[{\"@type\":\"ListItem\",\"position\":1,\"name\":\"Strona g\u0142\u00f3wna\",\"item\":\"https:\\\/\\\/roadeu.com\\\/sklep\\\/de\\\/shop\\\/\"},{\"@type\":\"ListItem\",\"position\":2,\"name\":\"Shop\",\"item\":\"https:\\\/\\\/roadeu.com\\\/sklep\\\/de\\\/shop\\\/\"},{\"@type\":\"ListItem\",\"position\":3,\"name\":\"Leitungsschutzschalter, Stromverteiler C16A 1P 230V &#8211; Leistungsschalter, Sicherungskasten, Aufputz Verteiler\"}]},{\"@type\":\"WebSite\",\"@id\":\"https:\\\/\\\/roadeu.com\\\/sklep\\\/de\\\/#website\",\"url\":\"https:\\\/\\\/roadeu.com\\\/sklep\\\/de\\\/\",\"name\":\"Road\",\"description\":\"Hurtownia Elektryczna w Dzier\u017coniowie. Producent sprz\u0119tu elektrycznego.\",\"publisher\":{\"@id\":\"https:\\\/\\\/roadeu.com\\\/sklep\\\/de\\\/#organization\"},\"potentialAction\":[{\"@type\":\"SearchAction\",\"target\":{\"@type\":\"EntryPoint\",\"urlTemplate\":\"https:\\\/\\\/roadeu.com\\\/sklep\\\/de\\\/?s={search_term_string}\"},\"query-input\":{\"@type\":\"PropertyValueSpecification\",\"valueRequired\":true,\"valueName\":\"search_term_string\"}}],\"inLanguage\":\"de\"},{\"@type\":\"Organization\",\"@id\":\"https:\\\/\\\/roadeu.com\\\/sklep\\\/de\\\/#organization\",\"name\":\"Road\",\"url\":\"https:\\\/\\\/roadeu.com\\\/sklep\\\/de\\\/\",\"logo\":{\"@type\":\"ImageObject\",\"inLanguage\":\"de\",\"@id\":\"https:\\\/\\\/roadeu.com\\\/sklep\\\/de\\\/#\\\/schema\\\/logo\\\/image\\\/\",\"url\":\"https:\\\/\\\/roadeu.com\\\/sklep\\\/wp-content\\\/uploads\\\/2025\\\/05\\\/logotype-lg-pl.png\",\"contentUrl\":\"https:\\\/\\\/roadeu.com\\\/sklep\\\/wp-content\\\/uploads\\\/2025\\\/05\\\/logotype-lg-pl.png\",\"width\":300,\"height\":70,\"caption\":\"Road\"},\"image\":{\"@id\":\"https:\\\/\\\/roadeu.com\\\/sklep\\\/de\\\/#\\\/schema\\\/logo\\\/image\\\/\"}}]}<\/script>\n<!-- \/ Yoast SEO plugin. -->","yoast_head_json":{"title":"Leitungsschutzschalter, Stromverteiler C16A 1P 230V - Leistungsschalter, Sicherungskasten, Aufputz Verteiler - Road","robots":{"index":"index","follow":"follow","max-snippet":"max-snippet:-1","max-image-preview":"max-image-preview:large","max-video-preview":"max-video-preview:-1"},"canonical":"https:\/\/roadeu.com\/sklep\/de\/produkt\/leitungsschutzschalter-stromverteiler-c16a-1p-230v-leistungsschalter-sicherungskasten-aufputz-verteiler\/","og_locale":"de_DE","og_type":"article","og_title":"Leitungsschutzschalter, Stromverteiler C16A 1P 230V - Leistungsschalter, Sicherungskasten, Aufputz Verteiler - Road","og_description":"Stromverteiler C16A","og_url":"https:\/\/roadeu.com\/sklep\/de\/produkt\/leitungsschutzschalter-stromverteiler-c16a-1p-230v-leistungsschalter-sicherungskasten-aufputz-verteiler\/","og_site_name":"Road","article_modified_time":"2026-04-03T07:44:40+00:00","og_image":[{"width":526,"height":1500,"url":"https:\/\/roadeu.com\/sklep\/wp-content\/uploads\/2026\/01\/4.jpg","type":"image\/jpeg"}],"twitter_card":"summary_large_image","twitter_misc":{"Gesch\u00e4tzte Lesezeit":"2\u00a0Minute"},"schema":{"@context":"https:\/\/schema.org","@graph":[{"@type":"WebPage","@id":"https:\/\/roadeu.com\/sklep\/de\/produkt\/leitungsschutzschalter-stromverteiler-c16a-1p-230v-leistungsschalter-sicherungskasten-aufputz-verteiler\/","url":"https:\/\/roadeu.com\/sklep\/de\/produkt\/leitungsschutzschalter-stromverteiler-c16a-1p-230v-leistungsschalter-sicherungskasten-aufputz-verteiler\/","name":"Leitungsschutzschalter, Stromverteiler C16A 1P 230V - Leistungsschalter, Sicherungskasten, Aufputz Verteiler - Road","isPartOf":{"@id":"https:\/\/roadeu.com\/sklep\/de\/#website"},"primaryImageOfPage":{"@id":"https:\/\/roadeu.com\/sklep\/de\/produkt\/leitungsschutzschalter-stromverteiler-c16a-1p-230v-leistungsschalter-sicherungskasten-aufputz-verteiler\/#primaryimage"},"image":{"@id":"https:\/\/roadeu.com\/sklep\/de\/produkt\/leitungsschutzschalter-stromverteiler-c16a-1p-230v-leistungsschalter-sicherungskasten-aufputz-verteiler\/#primaryimage"},"thumbnailUrl":"https:\/\/roadeu.com\/sklep\/wp-content\/uploads\/2026\/01\/4.jpg","datePublished":"2026-01-09T08:23:07+00:00","dateModified":"2026-04-03T07:44:40+00:00","breadcrumb":{"@id":"https:\/\/roadeu.com\/sklep\/de\/produkt\/leitungsschutzschalter-stromverteiler-c16a-1p-230v-leistungsschalter-sicherungskasten-aufputz-verteiler\/#breadcrumb"},"inLanguage":"de","potentialAction":[{"@type":"ReadAction","target":["https:\/\/roadeu.com\/sklep\/de\/produkt\/leitungsschutzschalter-stromverteiler-c16a-1p-230v-leistungsschalter-sicherungskasten-aufputz-verteiler\/"]}]},{"@type":"ImageObject","inLanguage":"de","@id":"https:\/\/roadeu.com\/sklep\/de\/produkt\/leitungsschutzschalter-stromverteiler-c16a-1p-230v-leistungsschalter-sicherungskasten-aufputz-verteiler\/#primaryimage","url":"https:\/\/roadeu.com\/sklep\/wp-content\/uploads\/2026\/01\/4.jpg","contentUrl":"https:\/\/roadeu.com\/sklep\/wp-content\/uploads\/2026\/01\/4.jpg","width":526,"height":1500},{"@type":"BreadcrumbList","@id":"https:\/\/roadeu.com\/sklep\/de\/produkt\/leitungsschutzschalter-stromverteiler-c16a-1p-230v-leistungsschalter-sicherungskasten-aufputz-verteiler\/#breadcrumb","itemListElement":[{"@type":"ListItem","position":1,"name":"Strona g\u0142\u00f3wna","item":"https:\/\/roadeu.com\/sklep\/de\/shop\/"},{"@type":"ListItem","position":2,"name":"Shop","item":"https:\/\/roadeu.com\/sklep\/de\/shop\/"},{"@type":"ListItem","position":3,"name":"Leitungsschutzschalter, Stromverteiler C16A 1P 230V &#8211; Leistungsschalter, Sicherungskasten, Aufputz Verteiler"}]},{"@type":"WebSite","@id":"https:\/\/roadeu.com\/sklep\/de\/#website","url":"https:\/\/roadeu.com\/sklep\/de\/","name":"Road","description":"Hurtownia Elektryczna w Dzier\u017coniowie. Producent sprz\u0119tu elektrycznego.","publisher":{"@id":"https:\/\/roadeu.com\/sklep\/de\/#organization"},"potentialAction":[{"@type":"SearchAction","target":{"@type":"EntryPoint","urlTemplate":"https:\/\/roadeu.com\/sklep\/de\/?s={search_term_string}"},"query-input":{"@type":"PropertyValueSpecification","valueRequired":true,"valueName":"search_term_string"}}],"inLanguage":"de"},{"@type":"Organization","@id":"https:\/\/roadeu.com\/sklep\/de\/#organization","name":"Road","url":"https:\/\/roadeu.com\/sklep\/de\/","logo":{"@type":"ImageObject","inLanguage":"de","@id":"https:\/\/roadeu.com\/sklep\/de\/#\/schema\/logo\/image\/","url":"https:\/\/roadeu.com\/sklep\/wp-content\/uploads\/2025\/05\/logotype-lg-pl.png","contentUrl":"https:\/\/roadeu.com\/sklep\/wp-content\/uploads\/2025\/05\/logotype-lg-pl.png","width":300,"height":70,"caption":"Road"},"image":{"@id":"https:\/\/roadeu.com\/sklep\/de\/#\/schema\/logo\/image\/"}}]}},"_links":{"self":[{"href":"https:\/\/roadeu.com\/sklep\/de\/wp-json\/wp\/v2\/product\/15641","targetHints":{"allow":["GET"]}}],"collection":[{"href":"https:\/\/roadeu.com\/sklep\/de\/wp-json\/wp\/v2\/product"}],"about":[{"href":"https:\/\/roadeu.com\/sklep\/de\/wp-json\/wp\/v2\/types\/product"}],"wp:featuredmedia":[{"embeddable":true,"href":"https:\/\/roadeu.com\/sklep\/de\/wp-json\/wp\/v2\/media\/15662"}],"wp:attachment":[{"href":"https:\/\/roadeu.com\/sklep\/de\/wp-json\/wp\/v2\/media?parent=15641"}],"wp:term":[{"taxonomy":"product_brand","embeddable":true,"href":"https:\/\/roadeu.com\/sklep\/de\/wp-json\/wp\/v2\/product_brand?post=15641"},{"taxonomy":"product_cat","embeddable":true,"href":"https:\/\/roadeu.com\/sklep\/de\/wp-json\/wp\/v2\/product_cat?post=15641"},{"taxonomy":"product_tag","embeddable":true,"href":"https:\/\/roadeu.com\/sklep\/de\/wp-json\/wp\/v2\/product_tag?post=15641"}],"curies":[{"name":"wp","href":"https:\/\/api.w.org\/{rel}","templated":true}]}}