{"id":11089,"date":"2025-10-21T12:40:47","date_gmt":"2025-10-21T10:40:47","guid":{"rendered":"https:\/\/roadeu.com\/sklep\/?post_type=product&#038;p=11089"},"modified":"2026-04-03T09:44:51","modified_gmt":"2026-04-03T07:44:51","slug":"steckdosenverteiler-2x-schuko-230v-baustromverteiler-16a-ip44-aufputz-vorverdrahtete-doppelsteckdose-mit-pg135-kabelverschraubung","status":"publish","type":"product","link":"https:\/\/roadeu.com\/sklep\/de\/produkt\/steckdosenverteiler-2x-schuko-230v-baustromverteiler-16a-ip44-aufputz-vorverdrahtete-doppelsteckdose-mit-pg135-kabelverschraubung\/","title":{"rendered":"Steckdosenverteiler 2x Schuko 230V, Baustromverteiler 16A IP44 Aufputz, vorverdrahtete Doppelsteckdose mit PG13,5 Kabelverschraubung."},"content":{"rendered":"<p><span style=\"font-size: 14pt;\"><strong>Info zu diesem Artikel<\/strong><\/span><\/p>\n<p>\u26a1 2 Schuko-Steckdosen f\u00fcr Ihre Ger\u00e4te \u2013 Anschlussbereit mit 2x 230V \/ 16A, kompatibel mit Standard- und Winkelsteckern. Ideal f\u00fcr flexible Anwendungen im Innen- und Au\u00dfenbereich.<br \/>\n\ud83d\udca7 IP44 Schutzklasse \u2013 Staub- und Spritzwasserschutz f\u00fcr den sicheren Betrieb in Garage, Werkstatt, Keller oder Garten (unter \u00dcberdachung).<br \/>\n\ud83d\udd27 Vorverdrahtet & anschlussfertig \u2013 Mit PG13,5 Kabelverschraubung ausgestattet. Einfach anschlie\u00dfen und sofort nutzen \u2013 keine aufw\u00e4ndige Installation.<br \/>\n\ud83d\udee1\ufe0f Robust & langlebig \u2013 Verdrahtet mit 2,5mm\u00b2 Leitungen, schlagfestes Geh\u00e4use f\u00fcr zuverl\u00e4ssige Leistung im t\u00e4glichen Einsatz.<br \/>\n\u2705 Ideal f\u00fcr Profis & Heimwerker \u2013 Kompakt, platzsparend und vielseitig \u2013 die perfekte L\u00f6sung f\u00fcr sichere Stromverteilung \u00fcberall.<\/p>\n","protected":false},"excerpt":{"rendered":"<p>&nbsp;<\/p>\n<h1 id=\"title\" class=\"a-size-large a-spacing-none\"><span id=\"productTitle\" class=\"a-size-large product-title-word-break\" style=\"font-size: 12pt;\">Baustromverteiler 16A<\/span><\/h1>\n","protected":false},"featured_media":11090,"template":"","meta":[],"product_brand":[377],"product_cat":[363],"product_tag":[],"class_list":{"0":"post-11089","1":"product","2":"type-product","3":"status-publish","4":"has-post-thumbnail","6":"product_brand-roadeu-de","7":"product_cat-verteilerschranke-steckschlusselsatze","9":"first","10":"instock","11":"taxable","12":"shipping-taxable","13":"purchasable","14":"product-type-simple"},"yoast_head":"<!-- This site is optimized with the Yoast SEO plugin v27.5 - https:\/\/yoast.com\/product\/yoast-seo-wordpress\/ -->\n<title>Steckdosenverteiler 2x Schuko 230V, Baustromverteiler 16A IP44 Aufputz, vorverdrahtete Doppelsteckdose mit PG13,5 Kabelverschraubung. - Road<\/title>\n<meta name=\"robots\" content=\"index, follow, max-snippet:-1, max-image-preview:large, max-video-preview:-1\" \/>\n<link rel=\"canonical\" href=\"https:\/\/roadeu.com\/sklep\/de\/produkt\/steckdosenverteiler-2x-schuko-230v-baustromverteiler-16a-ip44-aufputz-vorverdrahtete-doppelsteckdose-mit-pg135-kabelverschraubung\/\" \/>\n<meta property=\"og:locale\" content=\"de_DE\" \/>\n<meta property=\"og:type\" content=\"article\" \/>\n<meta property=\"og:title\" content=\"Steckdosenverteiler 2x Schuko 230V, Baustromverteiler 16A IP44 Aufputz, vorverdrahtete Doppelsteckdose mit PG13,5 Kabelverschraubung. - Road\" \/>\n<meta property=\"og:description\" content=\"&nbsp; Baustromverteiler 16A\" \/>\n<meta property=\"og:url\" content=\"https:\/\/roadeu.com\/sklep\/de\/produkt\/steckdosenverteiler-2x-schuko-230v-baustromverteiler-16a-ip44-aufputz-vorverdrahtete-doppelsteckdose-mit-pg135-kabelverschraubung\/\" \/>\n<meta property=\"og:site_name\" content=\"Road\" \/>\n<meta property=\"article:modified_time\" content=\"2026-04-03T07:44:51+00:00\" \/>\n<meta property=\"og:image\" content=\"https:\/\/roadeu.com\/sklep\/wp-content\/uploads\/2025\/10\/1.jpg\" \/>\n\t<meta property=\"og:image:width\" content=\"1500\" \/>\n\t<meta property=\"og:image:height\" content=\"1277\" \/>\n\t<meta property=\"og:image:type\" content=\"image\/jpeg\" \/>\n<meta name=\"twitter:card\" content=\"summary_large_image\" \/>\n<meta name=\"twitter:label1\" content=\"Gesch\u00e4tzte Lesezeit\" \/>\n\t<meta name=\"twitter:data1\" content=\"1\u00a0Minute\" \/>\n<script type=\"application\/ld+json\" class=\"yoast-schema-graph\">{\"@context\":\"https:\\\/\\\/schema.org\",\"@graph\":[{\"@type\":\"WebPage\",\"@id\":\"https:\\\/\\\/roadeu.com\\\/sklep\\\/de\\\/produkt\\\/steckdosenverteiler-2x-schuko-230v-baustromverteiler-16a-ip44-aufputz-vorverdrahtete-doppelsteckdose-mit-pg135-kabelverschraubung\\\/\",\"url\":\"https:\\\/\\\/roadeu.com\\\/sklep\\\/de\\\/produkt\\\/steckdosenverteiler-2x-schuko-230v-baustromverteiler-16a-ip44-aufputz-vorverdrahtete-doppelsteckdose-mit-pg135-kabelverschraubung\\\/\",\"name\":\"Steckdosenverteiler 2x Schuko 230V, Baustromverteiler 16A IP44 Aufputz, vorverdrahtete Doppelsteckdose mit PG13,5 Kabelverschraubung. - Road\",\"isPartOf\":{\"@id\":\"https:\\\/\\\/roadeu.com\\\/sklep\\\/de\\\/#website\"},\"primaryImageOfPage\":{\"@id\":\"https:\\\/\\\/roadeu.com\\\/sklep\\\/de\\\/produkt\\\/steckdosenverteiler-2x-schuko-230v-baustromverteiler-16a-ip44-aufputz-vorverdrahtete-doppelsteckdose-mit-pg135-kabelverschraubung\\\/#primaryimage\"},\"image\":{\"@id\":\"https:\\\/\\\/roadeu.com\\\/sklep\\\/de\\\/produkt\\\/steckdosenverteiler-2x-schuko-230v-baustromverteiler-16a-ip44-aufputz-vorverdrahtete-doppelsteckdose-mit-pg135-kabelverschraubung\\\/#primaryimage\"},\"thumbnailUrl\":\"https:\\\/\\\/roadeu.com\\\/sklep\\\/wp-content\\\/uploads\\\/2025\\\/10\\\/1.jpg\",\"datePublished\":\"2025-10-21T10:40:47+00:00\",\"dateModified\":\"2026-04-03T07:44:51+00:00\",\"breadcrumb\":{\"@id\":\"https:\\\/\\\/roadeu.com\\\/sklep\\\/de\\\/produkt\\\/steckdosenverteiler-2x-schuko-230v-baustromverteiler-16a-ip44-aufputz-vorverdrahtete-doppelsteckdose-mit-pg135-kabelverschraubung\\\/#breadcrumb\"},\"inLanguage\":\"de\",\"potentialAction\":[{\"@type\":\"ReadAction\",\"target\":[\"https:\\\/\\\/roadeu.com\\\/sklep\\\/de\\\/produkt\\\/steckdosenverteiler-2x-schuko-230v-baustromverteiler-16a-ip44-aufputz-vorverdrahtete-doppelsteckdose-mit-pg135-kabelverschraubung\\\/\"]}]},{\"@type\":\"ImageObject\",\"inLanguage\":\"de\",\"@id\":\"https:\\\/\\\/roadeu.com\\\/sklep\\\/de\\\/produkt\\\/steckdosenverteiler-2x-schuko-230v-baustromverteiler-16a-ip44-aufputz-vorverdrahtete-doppelsteckdose-mit-pg135-kabelverschraubung\\\/#primaryimage\",\"url\":\"https:\\\/\\\/roadeu.com\\\/sklep\\\/wp-content\\\/uploads\\\/2025\\\/10\\\/1.jpg\",\"contentUrl\":\"https:\\\/\\\/roadeu.com\\\/sklep\\\/wp-content\\\/uploads\\\/2025\\\/10\\\/1.jpg\",\"width\":1500,\"height\":1277},{\"@type\":\"BreadcrumbList\",\"@id\":\"https:\\\/\\\/roadeu.com\\\/sklep\\\/de\\\/produkt\\\/steckdosenverteiler-2x-schuko-230v-baustromverteiler-16a-ip44-aufputz-vorverdrahtete-doppelsteckdose-mit-pg135-kabelverschraubung\\\/#breadcrumb\",\"itemListElement\":[{\"@type\":\"ListItem\",\"position\":1,\"name\":\"Strona g\u0142\u00f3wna\",\"item\":\"https:\\\/\\\/roadeu.com\\\/sklep\\\/de\\\/shop\\\/\"},{\"@type\":\"ListItem\",\"position\":2,\"name\":\"Shop\",\"item\":\"https:\\\/\\\/roadeu.com\\\/sklep\\\/de\\\/shop\\\/\"},{\"@type\":\"ListItem\",\"position\":3,\"name\":\"Steckdosenverteiler 2x Schuko 230V, Baustromverteiler 16A IP44 Aufputz, vorverdrahtete Doppelsteckdose mit PG13,5 Kabelverschraubung.\"}]},{\"@type\":\"WebSite\",\"@id\":\"https:\\\/\\\/roadeu.com\\\/sklep\\\/de\\\/#website\",\"url\":\"https:\\\/\\\/roadeu.com\\\/sklep\\\/de\\\/\",\"name\":\"Road\",\"description\":\"Hurtownia Elektryczna w Dzier\u017coniowie. Producent sprz\u0119tu elektrycznego.\",\"publisher\":{\"@id\":\"https:\\\/\\\/roadeu.com\\\/sklep\\\/de\\\/#organization\"},\"potentialAction\":[{\"@type\":\"SearchAction\",\"target\":{\"@type\":\"EntryPoint\",\"urlTemplate\":\"https:\\\/\\\/roadeu.com\\\/sklep\\\/de\\\/?s={search_term_string}\"},\"query-input\":{\"@type\":\"PropertyValueSpecification\",\"valueRequired\":true,\"valueName\":\"search_term_string\"}}],\"inLanguage\":\"de\"},{\"@type\":\"Organization\",\"@id\":\"https:\\\/\\\/roadeu.com\\\/sklep\\\/de\\\/#organization\",\"name\":\"Road\",\"url\":\"https:\\\/\\\/roadeu.com\\\/sklep\\\/de\\\/\",\"logo\":{\"@type\":\"ImageObject\",\"inLanguage\":\"de\",\"@id\":\"https:\\\/\\\/roadeu.com\\\/sklep\\\/de\\\/#\\\/schema\\\/logo\\\/image\\\/\",\"url\":\"https:\\\/\\\/roadeu.com\\\/sklep\\\/wp-content\\\/uploads\\\/2025\\\/05\\\/logotype-lg-pl.png\",\"contentUrl\":\"https:\\\/\\\/roadeu.com\\\/sklep\\\/wp-content\\\/uploads\\\/2025\\\/05\\\/logotype-lg-pl.png\",\"width\":300,\"height\":70,\"caption\":\"Road\"},\"image\":{\"@id\":\"https:\\\/\\\/roadeu.com\\\/sklep\\\/de\\\/#\\\/schema\\\/logo\\\/image\\\/\"}}]}<\/script>\n<!-- \/ Yoast SEO plugin. -->","yoast_head_json":{"title":"Steckdosenverteiler 2x Schuko 230V, Baustromverteiler 16A IP44 Aufputz, vorverdrahtete Doppelsteckdose mit PG13,5 Kabelverschraubung. - Road","robots":{"index":"index","follow":"follow","max-snippet":"max-snippet:-1","max-image-preview":"max-image-preview:large","max-video-preview":"max-video-preview:-1"},"canonical":"https:\/\/roadeu.com\/sklep\/de\/produkt\/steckdosenverteiler-2x-schuko-230v-baustromverteiler-16a-ip44-aufputz-vorverdrahtete-doppelsteckdose-mit-pg135-kabelverschraubung\/","og_locale":"de_DE","og_type":"article","og_title":"Steckdosenverteiler 2x Schuko 230V, Baustromverteiler 16A IP44 Aufputz, vorverdrahtete Doppelsteckdose mit PG13,5 Kabelverschraubung. - Road","og_description":"&nbsp; Baustromverteiler 16A","og_url":"https:\/\/roadeu.com\/sklep\/de\/produkt\/steckdosenverteiler-2x-schuko-230v-baustromverteiler-16a-ip44-aufputz-vorverdrahtete-doppelsteckdose-mit-pg135-kabelverschraubung\/","og_site_name":"Road","article_modified_time":"2026-04-03T07:44:51+00:00","og_image":[{"width":1500,"height":1277,"url":"https:\/\/roadeu.com\/sklep\/wp-content\/uploads\/2025\/10\/1.jpg","type":"image\/jpeg"}],"twitter_card":"summary_large_image","twitter_misc":{"Gesch\u00e4tzte Lesezeit":"1\u00a0Minute"},"schema":{"@context":"https:\/\/schema.org","@graph":[{"@type":"WebPage","@id":"https:\/\/roadeu.com\/sklep\/de\/produkt\/steckdosenverteiler-2x-schuko-230v-baustromverteiler-16a-ip44-aufputz-vorverdrahtete-doppelsteckdose-mit-pg135-kabelverschraubung\/","url":"https:\/\/roadeu.com\/sklep\/de\/produkt\/steckdosenverteiler-2x-schuko-230v-baustromverteiler-16a-ip44-aufputz-vorverdrahtete-doppelsteckdose-mit-pg135-kabelverschraubung\/","name":"Steckdosenverteiler 2x Schuko 230V, Baustromverteiler 16A IP44 Aufputz, vorverdrahtete Doppelsteckdose mit PG13,5 Kabelverschraubung. - Road","isPartOf":{"@id":"https:\/\/roadeu.com\/sklep\/de\/#website"},"primaryImageOfPage":{"@id":"https:\/\/roadeu.com\/sklep\/de\/produkt\/steckdosenverteiler-2x-schuko-230v-baustromverteiler-16a-ip44-aufputz-vorverdrahtete-doppelsteckdose-mit-pg135-kabelverschraubung\/#primaryimage"},"image":{"@id":"https:\/\/roadeu.com\/sklep\/de\/produkt\/steckdosenverteiler-2x-schuko-230v-baustromverteiler-16a-ip44-aufputz-vorverdrahtete-doppelsteckdose-mit-pg135-kabelverschraubung\/#primaryimage"},"thumbnailUrl":"https:\/\/roadeu.com\/sklep\/wp-content\/uploads\/2025\/10\/1.jpg","datePublished":"2025-10-21T10:40:47+00:00","dateModified":"2026-04-03T07:44:51+00:00","breadcrumb":{"@id":"https:\/\/roadeu.com\/sklep\/de\/produkt\/steckdosenverteiler-2x-schuko-230v-baustromverteiler-16a-ip44-aufputz-vorverdrahtete-doppelsteckdose-mit-pg135-kabelverschraubung\/#breadcrumb"},"inLanguage":"de","potentialAction":[{"@type":"ReadAction","target":["https:\/\/roadeu.com\/sklep\/de\/produkt\/steckdosenverteiler-2x-schuko-230v-baustromverteiler-16a-ip44-aufputz-vorverdrahtete-doppelsteckdose-mit-pg135-kabelverschraubung\/"]}]},{"@type":"ImageObject","inLanguage":"de","@id":"https:\/\/roadeu.com\/sklep\/de\/produkt\/steckdosenverteiler-2x-schuko-230v-baustromverteiler-16a-ip44-aufputz-vorverdrahtete-doppelsteckdose-mit-pg135-kabelverschraubung\/#primaryimage","url":"https:\/\/roadeu.com\/sklep\/wp-content\/uploads\/2025\/10\/1.jpg","contentUrl":"https:\/\/roadeu.com\/sklep\/wp-content\/uploads\/2025\/10\/1.jpg","width":1500,"height":1277},{"@type":"BreadcrumbList","@id":"https:\/\/roadeu.com\/sklep\/de\/produkt\/steckdosenverteiler-2x-schuko-230v-baustromverteiler-16a-ip44-aufputz-vorverdrahtete-doppelsteckdose-mit-pg135-kabelverschraubung\/#breadcrumb","itemListElement":[{"@type":"ListItem","position":1,"name":"Strona g\u0142\u00f3wna","item":"https:\/\/roadeu.com\/sklep\/de\/shop\/"},{"@type":"ListItem","position":2,"name":"Shop","item":"https:\/\/roadeu.com\/sklep\/de\/shop\/"},{"@type":"ListItem","position":3,"name":"Steckdosenverteiler 2x Schuko 230V, Baustromverteiler 16A IP44 Aufputz, vorverdrahtete Doppelsteckdose mit PG13,5 Kabelverschraubung."}]},{"@type":"WebSite","@id":"https:\/\/roadeu.com\/sklep\/de\/#website","url":"https:\/\/roadeu.com\/sklep\/de\/","name":"Road","description":"Hurtownia Elektryczna w Dzier\u017coniowie. Producent sprz\u0119tu elektrycznego.","publisher":{"@id":"https:\/\/roadeu.com\/sklep\/de\/#organization"},"potentialAction":[{"@type":"SearchAction","target":{"@type":"EntryPoint","urlTemplate":"https:\/\/roadeu.com\/sklep\/de\/?s={search_term_string}"},"query-input":{"@type":"PropertyValueSpecification","valueRequired":true,"valueName":"search_term_string"}}],"inLanguage":"de"},{"@type":"Organization","@id":"https:\/\/roadeu.com\/sklep\/de\/#organization","name":"Road","url":"https:\/\/roadeu.com\/sklep\/de\/","logo":{"@type":"ImageObject","inLanguage":"de","@id":"https:\/\/roadeu.com\/sklep\/de\/#\/schema\/logo\/image\/","url":"https:\/\/roadeu.com\/sklep\/wp-content\/uploads\/2025\/05\/logotype-lg-pl.png","contentUrl":"https:\/\/roadeu.com\/sklep\/wp-content\/uploads\/2025\/05\/logotype-lg-pl.png","width":300,"height":70,"caption":"Road"},"image":{"@id":"https:\/\/roadeu.com\/sklep\/de\/#\/schema\/logo\/image\/"}}]}},"_links":{"self":[{"href":"https:\/\/roadeu.com\/sklep\/de\/wp-json\/wp\/v2\/product\/11089","targetHints":{"allow":["GET"]}}],"collection":[{"href":"https:\/\/roadeu.com\/sklep\/de\/wp-json\/wp\/v2\/product"}],"about":[{"href":"https:\/\/roadeu.com\/sklep\/de\/wp-json\/wp\/v2\/types\/product"}],"wp:featuredmedia":[{"embeddable":true,"href":"https:\/\/roadeu.com\/sklep\/de\/wp-json\/wp\/v2\/media\/11090"}],"wp:attachment":[{"href":"https:\/\/roadeu.com\/sklep\/de\/wp-json\/wp\/v2\/media?parent=11089"}],"wp:term":[{"taxonomy":"product_brand","embeddable":true,"href":"https:\/\/roadeu.com\/sklep\/de\/wp-json\/wp\/v2\/product_brand?post=11089"},{"taxonomy":"product_cat","embeddable":true,"href":"https:\/\/roadeu.com\/sklep\/de\/wp-json\/wp\/v2\/product_cat?post=11089"},{"taxonomy":"product_tag","embeddable":true,"href":"https:\/\/roadeu.com\/sklep\/de\/wp-json\/wp\/v2\/product_tag?post=11089"}],"curies":[{"name":"wp","href":"https:\/\/api.w.org\/{rel}","templated":true}]}}