{"id":10123,"date":"2025-09-11T14:19:53","date_gmt":"2025-09-11T12:19:53","guid":{"rendered":"https:\/\/roadeu.com\/sklep\/?post_type=product&#038;p=10123"},"modified":"2026-04-03T09:44:52","modified_gmt":"2026-04-03T07:44:52","slug":"cee-stromverteiler-32a-5-pol-stecker-auf-3x-32a-5p-steckdosen-400v-baustromverteiler-ip44","status":"publish","type":"product","link":"https:\/\/roadeu.com\/sklep\/de\/produkt\/cee-stromverteiler-32a-5-pol-stecker-auf-3x-32a-5p-steckdosen-400v-baustromverteiler-ip44\/","title":{"rendered":"CEE Stromverteiler 32A \u2013 5-pol Stecker auf 3x 32A 5p Steckdosen \u2013 400V Baustromverteiler IP44"},"content":{"rendered":"<p><span style=\"font-size: 14pt;\"><strong>Info zu diesem Artikel<\/strong><\/span><\/p>\n<ul>\n<li>Sicherer CEE Stromverteiler mit 5-poligem 32A Stecker und drei 32A CEE-Steckdosen zur zuverl\u00e4ssigen Stromverteilung auf Baustellen und im gewerblichen Einsatz<\/li>\n<li>Schutzart IP44 f\u00fcr den Einsatz bei Spritzwasser und Staub, geeignet f\u00fcr Innen- und Au\u00dfenbereiche bei wechselnden Witterungsbedingungen<\/li>\n<li>Robuste Geh\u00e4usekonstruktion aus schlagfestem Kunststoff mit langlebigen Industrie-Steckverbindern f\u00fcr Werkstatt, Garage und Veranstaltungstechnik<\/li>\n<li>Integrierter Edelstahl-Aufh\u00e4ngeb\u00fcgel erm\u00f6glicht die flexible Montage an W\u00e4nden, Tr\u00e4gern oder Ger\u00fcsten und sch\u00fctzt das Ger\u00e4t vor N\u00e4sse, Schmutz oder Bodenkontakt<\/li>\n<li>Kompakte Bauweise f\u00fcr flexible Anwendungen an wechselnden Einsatzorten wie Bauprojekten, tempor\u00e4ren Installationen und mobilen Ger\u00e4ten<\/li>\n<\/ul>\n","protected":false},"excerpt":{"rendered":"<p><strong>CEE Stromverteiler<\/strong><\/p>\n","protected":false},"featured_media":10132,"template":"","meta":[],"product_brand":[377],"product_cat":[367],"product_tag":[],"class_list":{"0":"post-10123","1":"product","2":"type-product","3":"status-publish","4":"has-post-thumbnail","6":"product_brand-roadeu-de","7":"product_cat-adapter-und-verlangerungskabel","9":"first","10":"instock","11":"taxable","12":"shipping-taxable","13":"purchasable","14":"product-type-simple"},"yoast_head":"<!-- This site is optimized with the Yoast SEO plugin v27.3 - https:\/\/yoast.com\/product\/yoast-seo-wordpress\/ -->\n<title>CEE Stromverteiler 32A \u2013 5-pol Stecker auf 3x 32A 5p Steckdosen \u2013 400V Baustromverteiler IP44 - Road<\/title>\n<meta name=\"robots\" content=\"index, follow, max-snippet:-1, max-image-preview:large, max-video-preview:-1\" \/>\n<link rel=\"canonical\" href=\"https:\/\/roadeu.com\/sklep\/de\/produkt\/cee-stromverteiler-32a-5-pol-stecker-auf-3x-32a-5p-steckdosen-400v-baustromverteiler-ip44\/\" \/>\n<meta property=\"og:locale\" content=\"de_DE\" \/>\n<meta property=\"og:type\" content=\"article\" \/>\n<meta property=\"og:title\" content=\"CEE Stromverteiler 32A \u2013 5-pol Stecker auf 3x 32A 5p Steckdosen \u2013 400V Baustromverteiler IP44 - Road\" \/>\n<meta property=\"og:description\" content=\"CEE Stromverteiler\" \/>\n<meta property=\"og:url\" content=\"https:\/\/roadeu.com\/sklep\/de\/produkt\/cee-stromverteiler-32a-5-pol-stecker-auf-3x-32a-5p-steckdosen-400v-baustromverteiler-ip44\/\" \/>\n<meta property=\"og:site_name\" content=\"Road\" \/>\n<meta property=\"article:modified_time\" content=\"2026-04-03T07:44:52+00:00\" \/>\n<meta property=\"og:image\" content=\"https:\/\/roadeu.com\/sklep\/wp-content\/uploads\/2025\/09\/3-47.jpg\" \/>\n\t<meta property=\"og:image:width\" content=\"1467\" \/>\n\t<meta property=\"og:image:height\" content=\"1335\" \/>\n\t<meta property=\"og:image:type\" content=\"image\/jpeg\" \/>\n<meta name=\"twitter:card\" content=\"summary_large_image\" \/>\n<meta name=\"twitter:label1\" content=\"Gesch\u00e4tzte Lesezeit\" \/>\n\t<meta name=\"twitter:data1\" content=\"1\u00a0Minute\" \/>\n<script type=\"application\/ld+json\" class=\"yoast-schema-graph\">{\"@context\":\"https:\\\/\\\/schema.org\",\"@graph\":[{\"@type\":\"WebPage\",\"@id\":\"https:\\\/\\\/roadeu.com\\\/sklep\\\/de\\\/produkt\\\/cee-stromverteiler-32a-5-pol-stecker-auf-3x-32a-5p-steckdosen-400v-baustromverteiler-ip44\\\/\",\"url\":\"https:\\\/\\\/roadeu.com\\\/sklep\\\/de\\\/produkt\\\/cee-stromverteiler-32a-5-pol-stecker-auf-3x-32a-5p-steckdosen-400v-baustromverteiler-ip44\\\/\",\"name\":\"CEE Stromverteiler 32A \u2013 5-pol Stecker auf 3x 32A 5p Steckdosen \u2013 400V Baustromverteiler IP44 - Road\",\"isPartOf\":{\"@id\":\"https:\\\/\\\/roadeu.com\\\/sklep\\\/de\\\/#website\"},\"primaryImageOfPage\":{\"@id\":\"https:\\\/\\\/roadeu.com\\\/sklep\\\/de\\\/produkt\\\/cee-stromverteiler-32a-5-pol-stecker-auf-3x-32a-5p-steckdosen-400v-baustromverteiler-ip44\\\/#primaryimage\"},\"image\":{\"@id\":\"https:\\\/\\\/roadeu.com\\\/sklep\\\/de\\\/produkt\\\/cee-stromverteiler-32a-5-pol-stecker-auf-3x-32a-5p-steckdosen-400v-baustromverteiler-ip44\\\/#primaryimage\"},\"thumbnailUrl\":\"https:\\\/\\\/roadeu.com\\\/sklep\\\/wp-content\\\/uploads\\\/2025\\\/09\\\/3-47.jpg\",\"datePublished\":\"2025-09-11T12:19:53+00:00\",\"dateModified\":\"2026-04-03T07:44:52+00:00\",\"breadcrumb\":{\"@id\":\"https:\\\/\\\/roadeu.com\\\/sklep\\\/de\\\/produkt\\\/cee-stromverteiler-32a-5-pol-stecker-auf-3x-32a-5p-steckdosen-400v-baustromverteiler-ip44\\\/#breadcrumb\"},\"inLanguage\":\"de\",\"potentialAction\":[{\"@type\":\"ReadAction\",\"target\":[\"https:\\\/\\\/roadeu.com\\\/sklep\\\/de\\\/produkt\\\/cee-stromverteiler-32a-5-pol-stecker-auf-3x-32a-5p-steckdosen-400v-baustromverteiler-ip44\\\/\"]}]},{\"@type\":\"ImageObject\",\"inLanguage\":\"de\",\"@id\":\"https:\\\/\\\/roadeu.com\\\/sklep\\\/de\\\/produkt\\\/cee-stromverteiler-32a-5-pol-stecker-auf-3x-32a-5p-steckdosen-400v-baustromverteiler-ip44\\\/#primaryimage\",\"url\":\"https:\\\/\\\/roadeu.com\\\/sklep\\\/wp-content\\\/uploads\\\/2025\\\/09\\\/3-47.jpg\",\"contentUrl\":\"https:\\\/\\\/roadeu.com\\\/sklep\\\/wp-content\\\/uploads\\\/2025\\\/09\\\/3-47.jpg\",\"width\":1467,\"height\":1335},{\"@type\":\"BreadcrumbList\",\"@id\":\"https:\\\/\\\/roadeu.com\\\/sklep\\\/de\\\/produkt\\\/cee-stromverteiler-32a-5-pol-stecker-auf-3x-32a-5p-steckdosen-400v-baustromverteiler-ip44\\\/#breadcrumb\",\"itemListElement\":[{\"@type\":\"ListItem\",\"position\":1,\"name\":\"Strona g\u0142\u00f3wna\",\"item\":\"https:\\\/\\\/roadeu.com\\\/sklep\\\/de\\\/shop\\\/\"},{\"@type\":\"ListItem\",\"position\":2,\"name\":\"Shop\",\"item\":\"https:\\\/\\\/roadeu.com\\\/sklep\\\/de\\\/shop\\\/\"},{\"@type\":\"ListItem\",\"position\":3,\"name\":\"CEE Stromverteiler 32A \u2013 5-pol Stecker auf 3x 32A 5p Steckdosen \u2013 400V Baustromverteiler IP44\"}]},{\"@type\":\"WebSite\",\"@id\":\"https:\\\/\\\/roadeu.com\\\/sklep\\\/de\\\/#website\",\"url\":\"https:\\\/\\\/roadeu.com\\\/sklep\\\/de\\\/\",\"name\":\"Road\",\"description\":\"Hurtownia Elektryczna w Dzier\u017coniowie. Producent sprz\u0119tu elektrycznego.\",\"publisher\":{\"@id\":\"https:\\\/\\\/roadeu.com\\\/sklep\\\/de\\\/#organization\"},\"potentialAction\":[{\"@type\":\"SearchAction\",\"target\":{\"@type\":\"EntryPoint\",\"urlTemplate\":\"https:\\\/\\\/roadeu.com\\\/sklep\\\/de\\\/?s={search_term_string}\"},\"query-input\":{\"@type\":\"PropertyValueSpecification\",\"valueRequired\":true,\"valueName\":\"search_term_string\"}}],\"inLanguage\":\"de\"},{\"@type\":\"Organization\",\"@id\":\"https:\\\/\\\/roadeu.com\\\/sklep\\\/de\\\/#organization\",\"name\":\"Road\",\"url\":\"https:\\\/\\\/roadeu.com\\\/sklep\\\/de\\\/\",\"logo\":{\"@type\":\"ImageObject\",\"inLanguage\":\"de\",\"@id\":\"https:\\\/\\\/roadeu.com\\\/sklep\\\/de\\\/#\\\/schema\\\/logo\\\/image\\\/\",\"url\":\"https:\\\/\\\/roadeu.com\\\/sklep\\\/wp-content\\\/uploads\\\/2025\\\/05\\\/logotype-lg-pl.png\",\"contentUrl\":\"https:\\\/\\\/roadeu.com\\\/sklep\\\/wp-content\\\/uploads\\\/2025\\\/05\\\/logotype-lg-pl.png\",\"width\":300,\"height\":70,\"caption\":\"Road\"},\"image\":{\"@id\":\"https:\\\/\\\/roadeu.com\\\/sklep\\\/de\\\/#\\\/schema\\\/logo\\\/image\\\/\"}}]}<\/script>\n<!-- \/ Yoast SEO plugin. -->","yoast_head_json":{"title":"CEE Stromverteiler 32A \u2013 5-pol Stecker auf 3x 32A 5p Steckdosen \u2013 400V Baustromverteiler IP44 - Road","robots":{"index":"index","follow":"follow","max-snippet":"max-snippet:-1","max-image-preview":"max-image-preview:large","max-video-preview":"max-video-preview:-1"},"canonical":"https:\/\/roadeu.com\/sklep\/de\/produkt\/cee-stromverteiler-32a-5-pol-stecker-auf-3x-32a-5p-steckdosen-400v-baustromverteiler-ip44\/","og_locale":"de_DE","og_type":"article","og_title":"CEE Stromverteiler 32A \u2013 5-pol Stecker auf 3x 32A 5p Steckdosen \u2013 400V Baustromverteiler IP44 - Road","og_description":"CEE Stromverteiler","og_url":"https:\/\/roadeu.com\/sklep\/de\/produkt\/cee-stromverteiler-32a-5-pol-stecker-auf-3x-32a-5p-steckdosen-400v-baustromverteiler-ip44\/","og_site_name":"Road","article_modified_time":"2026-04-03T07:44:52+00:00","og_image":[{"width":1467,"height":1335,"url":"https:\/\/roadeu.com\/sklep\/wp-content\/uploads\/2025\/09\/3-47.jpg","type":"image\/jpeg"}],"twitter_card":"summary_large_image","twitter_misc":{"Gesch\u00e4tzte Lesezeit":"1\u00a0Minute"},"schema":{"@context":"https:\/\/schema.org","@graph":[{"@type":"WebPage","@id":"https:\/\/roadeu.com\/sklep\/de\/produkt\/cee-stromverteiler-32a-5-pol-stecker-auf-3x-32a-5p-steckdosen-400v-baustromverteiler-ip44\/","url":"https:\/\/roadeu.com\/sklep\/de\/produkt\/cee-stromverteiler-32a-5-pol-stecker-auf-3x-32a-5p-steckdosen-400v-baustromverteiler-ip44\/","name":"CEE Stromverteiler 32A \u2013 5-pol Stecker auf 3x 32A 5p Steckdosen \u2013 400V Baustromverteiler IP44 - Road","isPartOf":{"@id":"https:\/\/roadeu.com\/sklep\/de\/#website"},"primaryImageOfPage":{"@id":"https:\/\/roadeu.com\/sklep\/de\/produkt\/cee-stromverteiler-32a-5-pol-stecker-auf-3x-32a-5p-steckdosen-400v-baustromverteiler-ip44\/#primaryimage"},"image":{"@id":"https:\/\/roadeu.com\/sklep\/de\/produkt\/cee-stromverteiler-32a-5-pol-stecker-auf-3x-32a-5p-steckdosen-400v-baustromverteiler-ip44\/#primaryimage"},"thumbnailUrl":"https:\/\/roadeu.com\/sklep\/wp-content\/uploads\/2025\/09\/3-47.jpg","datePublished":"2025-09-11T12:19:53+00:00","dateModified":"2026-04-03T07:44:52+00:00","breadcrumb":{"@id":"https:\/\/roadeu.com\/sklep\/de\/produkt\/cee-stromverteiler-32a-5-pol-stecker-auf-3x-32a-5p-steckdosen-400v-baustromverteiler-ip44\/#breadcrumb"},"inLanguage":"de","potentialAction":[{"@type":"ReadAction","target":["https:\/\/roadeu.com\/sklep\/de\/produkt\/cee-stromverteiler-32a-5-pol-stecker-auf-3x-32a-5p-steckdosen-400v-baustromverteiler-ip44\/"]}]},{"@type":"ImageObject","inLanguage":"de","@id":"https:\/\/roadeu.com\/sklep\/de\/produkt\/cee-stromverteiler-32a-5-pol-stecker-auf-3x-32a-5p-steckdosen-400v-baustromverteiler-ip44\/#primaryimage","url":"https:\/\/roadeu.com\/sklep\/wp-content\/uploads\/2025\/09\/3-47.jpg","contentUrl":"https:\/\/roadeu.com\/sklep\/wp-content\/uploads\/2025\/09\/3-47.jpg","width":1467,"height":1335},{"@type":"BreadcrumbList","@id":"https:\/\/roadeu.com\/sklep\/de\/produkt\/cee-stromverteiler-32a-5-pol-stecker-auf-3x-32a-5p-steckdosen-400v-baustromverteiler-ip44\/#breadcrumb","itemListElement":[{"@type":"ListItem","position":1,"name":"Strona g\u0142\u00f3wna","item":"https:\/\/roadeu.com\/sklep\/de\/shop\/"},{"@type":"ListItem","position":2,"name":"Shop","item":"https:\/\/roadeu.com\/sklep\/de\/shop\/"},{"@type":"ListItem","position":3,"name":"CEE Stromverteiler 32A \u2013 5-pol Stecker auf 3x 32A 5p Steckdosen \u2013 400V Baustromverteiler IP44"}]},{"@type":"WebSite","@id":"https:\/\/roadeu.com\/sklep\/de\/#website","url":"https:\/\/roadeu.com\/sklep\/de\/","name":"Road","description":"Hurtownia Elektryczna w Dzier\u017coniowie. Producent sprz\u0119tu elektrycznego.","publisher":{"@id":"https:\/\/roadeu.com\/sklep\/de\/#organization"},"potentialAction":[{"@type":"SearchAction","target":{"@type":"EntryPoint","urlTemplate":"https:\/\/roadeu.com\/sklep\/de\/?s={search_term_string}"},"query-input":{"@type":"PropertyValueSpecification","valueRequired":true,"valueName":"search_term_string"}}],"inLanguage":"de"},{"@type":"Organization","@id":"https:\/\/roadeu.com\/sklep\/de\/#organization","name":"Road","url":"https:\/\/roadeu.com\/sklep\/de\/","logo":{"@type":"ImageObject","inLanguage":"de","@id":"https:\/\/roadeu.com\/sklep\/de\/#\/schema\/logo\/image\/","url":"https:\/\/roadeu.com\/sklep\/wp-content\/uploads\/2025\/05\/logotype-lg-pl.png","contentUrl":"https:\/\/roadeu.com\/sklep\/wp-content\/uploads\/2025\/05\/logotype-lg-pl.png","width":300,"height":70,"caption":"Road"},"image":{"@id":"https:\/\/roadeu.com\/sklep\/de\/#\/schema\/logo\/image\/"}}]}},"_links":{"self":[{"href":"https:\/\/roadeu.com\/sklep\/de\/wp-json\/wp\/v2\/product\/10123","targetHints":{"allow":["GET"]}}],"collection":[{"href":"https:\/\/roadeu.com\/sklep\/de\/wp-json\/wp\/v2\/product"}],"about":[{"href":"https:\/\/roadeu.com\/sklep\/de\/wp-json\/wp\/v2\/types\/product"}],"wp:featuredmedia":[{"embeddable":true,"href":"https:\/\/roadeu.com\/sklep\/de\/wp-json\/wp\/v2\/media\/10132"}],"wp:attachment":[{"href":"https:\/\/roadeu.com\/sklep\/de\/wp-json\/wp\/v2\/media?parent=10123"}],"wp:term":[{"taxonomy":"product_brand","embeddable":true,"href":"https:\/\/roadeu.com\/sklep\/de\/wp-json\/wp\/v2\/product_brand?post=10123"},{"taxonomy":"product_cat","embeddable":true,"href":"https:\/\/roadeu.com\/sklep\/de\/wp-json\/wp\/v2\/product_cat?post=10123"},{"taxonomy":"product_tag","embeddable":true,"href":"https:\/\/roadeu.com\/sklep\/de\/wp-json\/wp\/v2\/product_tag?post=10123"}],"curies":[{"name":"wp","href":"https:\/\/api.w.org\/{rel}","templated":true}]}}