{"id":8285,"date":"2019-09-09T14:16:08","date_gmt":"2019-09-09T12:16:08","guid":{"rendered":"https:\/\/roadeu.com\/sklep\/datenschutzbestimmungen\/"},"modified":"2025-07-29T14:18:30","modified_gmt":"2025-07-29T12:18:30","slug":"datenschutzbestimmungen","status":"publish","type":"page","link":"https:\/\/roadeu.com\/sklep\/de\/datenschutzbestimmungen\/","title":{"rendered":"Datenschutzbestimmungen"},"content":{"rendered":"<ol>\n<li>Der Verwalter der pers\u00f6nlichen Daten ist die Firma Road Dudkiewicz Sp. J. mit Sitz in Dzier\u017coni\u00f3w, Kopernika-Stra\u00dfe 11.<\/li>\n<li>Road Dudkiewicz Sp. J. verarbeitet personenbezogene Daten zum Zweck der Bereitstellung elektronischer Dienstleistungen und zu Marketingzwecken.<\/li>\n<li>Road Dudkiewicz Sp. J. sammelt nur die pers\u00f6nlichen Daten, die f\u00fcr die Auftragsabwicklung und Marketingzwecke erforderlich sind, d.h.: Name, E-Mail-Adresse, Lieferadresse, Telefonnummer, Rechnungsdaten<\/li>\n<li>Road Dudkiewicz Sp. J. stellt sicher, dass angemessene Sicherheitsma\u00dfnahmen f\u00fcr personenbezogene Daten getroffen werden, einschlie\u00dflich des Schutzes vor unbefugtem Zugriff.<\/li>\n<li>Die pers\u00f6nlichen Daten der Kunden werden nur zu den in der Datenschutzerkl\u00e4rung genannten Zwecken verarbeitet und werden nicht an andere Stellen weitergegeben, au\u00dfer an diejenigen, die mit der Firma Road Dudkiewicz Sp. J. zusammenarbeiten, um die Bestellung zu erf\u00fcllen.<\/li>\n<li>Der Kunde hat das Recht, seine pers\u00f6nlichen Daten einzusehen, sie zu korrigieren und ihre L\u00f6schung zu verlangen.<\/li>\n<li>Wenn der Kunde Fragen zur Verarbeitung seiner pers\u00f6nlichen Daten hat, kann er sich \u00fcber die E-Mail-Adresse an den Administrator wenden: [E-Mail-Adresse].<\/li>\n<li>Diese Datenschutzrichtlinie gilt ab dem 04.02.2023. Sollten \u00c4nderungen an der Datenschutzrichtlinie vorgenommen werden, wird ein Hinweis auf der Website des Road Online Shops ver\u00f6ffentlicht.<\/li>\n<\/ol>\n","protected":false},"excerpt":{"rendered":"<p>Der Verwalter der pers\u00f6nlichen Daten ist die Firma Road Dudkiewicz Sp. J. mit Sitz in Dzier\u017coni\u00f3w, Kopernika-Stra\u00dfe 11. Road Dudkiewicz Sp. J. verarbeitet personenbezogene Daten zum Zweck der Bereitstellung elektronischer Dienstleistungen und zu Marketingzwecken. Road Dudkiewicz Sp. J. sammelt nur die pers\u00f6nlichen Daten, die f\u00fcr die Auftragsabwicklung und Marketingzwecke erforderlich sind, d.h.: Name, E-Mail-Adresse, Lieferadresse,&#8230;<\/p>\n","protected":false},"author":1,"featured_media":0,"parent":0,"menu_order":0,"comment_status":"closed","ping_status":"closed","template":"","meta":{"footnotes":""},"class_list":["post-8285","page","type-page","status-publish","hentry"],"yoast_head":"<!-- This site is optimized with the Yoast SEO plugin v27.5 - https:\/\/yoast.com\/product\/yoast-seo-wordpress\/ -->\n<title>Datenschutzbestimmungen - Road<\/title>\n<meta name=\"robots\" content=\"index, follow, max-snippet:-1, max-image-preview:large, max-video-preview:-1\" \/>\n<link rel=\"canonical\" href=\"https:\/\/roadeu.com\/sklep\/de\/datenschutzbestimmungen\/\" \/>\n<meta property=\"og:locale\" content=\"de_DE\" \/>\n<meta property=\"og:type\" content=\"article\" \/>\n<meta property=\"og:title\" content=\"Datenschutzbestimmungen - Road\" \/>\n<meta property=\"og:description\" content=\"Der Verwalter der pers\u00f6nlichen Daten ist die Firma Road Dudkiewicz Sp. J. mit Sitz in Dzier\u017coni\u00f3w, Kopernika-Stra\u00dfe 11. Road Dudkiewicz Sp. J. verarbeitet personenbezogene Daten zum Zweck der Bereitstellung elektronischer Dienstleistungen und zu Marketingzwecken. Road Dudkiewicz Sp. J. sammelt nur die pers\u00f6nlichen Daten, die f\u00fcr die Auftragsabwicklung und Marketingzwecke erforderlich sind, d.h.: Name, E-Mail-Adresse, Lieferadresse,...\" \/>\n<meta property=\"og:url\" content=\"https:\/\/roadeu.com\/sklep\/de\/datenschutzbestimmungen\/\" \/>\n<meta property=\"og:site_name\" content=\"Road\" \/>\n<meta property=\"article:modified_time\" content=\"2025-07-29T12:18:30+00:00\" \/>\n<meta name=\"twitter:card\" content=\"summary_large_image\" \/>\n<meta name=\"twitter:label1\" content=\"Gesch\u00e4tzte Lesezeit\" \/>\n\t<meta name=\"twitter:data1\" content=\"2\u00a0Minute\" \/>\n<script type=\"application\/ld+json\" class=\"yoast-schema-graph\">{\"@context\":\"https:\\\/\\\/schema.org\",\"@graph\":[{\"@type\":\"WebPage\",\"@id\":\"https:\\\/\\\/roadeu.com\\\/sklep\\\/de\\\/datenschutzbestimmungen\\\/\",\"url\":\"https:\\\/\\\/roadeu.com\\\/sklep\\\/de\\\/datenschutzbestimmungen\\\/\",\"name\":\"Datenschutzbestimmungen - Road\",\"isPartOf\":{\"@id\":\"https:\\\/\\\/roadeu.com\\\/sklep\\\/de\\\/#website\"},\"datePublished\":\"2019-09-09T12:16:08+00:00\",\"dateModified\":\"2025-07-29T12:18:30+00:00\",\"breadcrumb\":{\"@id\":\"https:\\\/\\\/roadeu.com\\\/sklep\\\/de\\\/datenschutzbestimmungen\\\/#breadcrumb\"},\"inLanguage\":\"de\",\"potentialAction\":[{\"@type\":\"ReadAction\",\"target\":[\"https:\\\/\\\/roadeu.com\\\/sklep\\\/de\\\/datenschutzbestimmungen\\\/\"]}]},{\"@type\":\"BreadcrumbList\",\"@id\":\"https:\\\/\\\/roadeu.com\\\/sklep\\\/de\\\/datenschutzbestimmungen\\\/#breadcrumb\",\"itemListElement\":[{\"@type\":\"ListItem\",\"position\":1,\"name\":\"Strona g\u0142\u00f3wna\",\"item\":\"https:\\\/\\\/roadeu.com\\\/sklep\\\/de\\\/shop\\\/\"},{\"@type\":\"ListItem\",\"position\":2,\"name\":\"Datenschutzbestimmungen\"}]},{\"@type\":\"WebSite\",\"@id\":\"https:\\\/\\\/roadeu.com\\\/sklep\\\/de\\\/#website\",\"url\":\"https:\\\/\\\/roadeu.com\\\/sklep\\\/de\\\/\",\"name\":\"Road\",\"description\":\"Hurtownia Elektryczna w Dzier\u017coniowie. Producent sprz\u0119tu elektrycznego.\",\"publisher\":{\"@id\":\"https:\\\/\\\/roadeu.com\\\/sklep\\\/de\\\/#organization\"},\"potentialAction\":[{\"@type\":\"SearchAction\",\"target\":{\"@type\":\"EntryPoint\",\"urlTemplate\":\"https:\\\/\\\/roadeu.com\\\/sklep\\\/de\\\/?s={search_term_string}\"},\"query-input\":{\"@type\":\"PropertyValueSpecification\",\"valueRequired\":true,\"valueName\":\"search_term_string\"}}],\"inLanguage\":\"de\"},{\"@type\":\"Organization\",\"@id\":\"https:\\\/\\\/roadeu.com\\\/sklep\\\/de\\\/#organization\",\"name\":\"Road\",\"url\":\"https:\\\/\\\/roadeu.com\\\/sklep\\\/de\\\/\",\"logo\":{\"@type\":\"ImageObject\",\"inLanguage\":\"de\",\"@id\":\"https:\\\/\\\/roadeu.com\\\/sklep\\\/de\\\/#\\\/schema\\\/logo\\\/image\\\/\",\"url\":\"https:\\\/\\\/roadeu.com\\\/sklep\\\/wp-content\\\/uploads\\\/2025\\\/05\\\/logotype-lg-pl.png\",\"contentUrl\":\"https:\\\/\\\/roadeu.com\\\/sklep\\\/wp-content\\\/uploads\\\/2025\\\/05\\\/logotype-lg-pl.png\",\"width\":300,\"height\":70,\"caption\":\"Road\"},\"image\":{\"@id\":\"https:\\\/\\\/roadeu.com\\\/sklep\\\/de\\\/#\\\/schema\\\/logo\\\/image\\\/\"}}]}<\/script>\n<!-- \/ Yoast SEO plugin. -->","yoast_head_json":{"title":"Datenschutzbestimmungen - Road","robots":{"index":"index","follow":"follow","max-snippet":"max-snippet:-1","max-image-preview":"max-image-preview:large","max-video-preview":"max-video-preview:-1"},"canonical":"https:\/\/roadeu.com\/sklep\/de\/datenschutzbestimmungen\/","og_locale":"de_DE","og_type":"article","og_title":"Datenschutzbestimmungen - Road","og_description":"Der Verwalter der pers\u00f6nlichen Daten ist die Firma Road Dudkiewicz Sp. J. mit Sitz in Dzier\u017coni\u00f3w, Kopernika-Stra\u00dfe 11. Road Dudkiewicz Sp. J. verarbeitet personenbezogene Daten zum Zweck der Bereitstellung elektronischer Dienstleistungen und zu Marketingzwecken. Road Dudkiewicz Sp. J. sammelt nur die pers\u00f6nlichen Daten, die f\u00fcr die Auftragsabwicklung und Marketingzwecke erforderlich sind, d.h.: Name, E-Mail-Adresse, Lieferadresse,...","og_url":"https:\/\/roadeu.com\/sklep\/de\/datenschutzbestimmungen\/","og_site_name":"Road","article_modified_time":"2025-07-29T12:18:30+00:00","twitter_card":"summary_large_image","twitter_misc":{"Gesch\u00e4tzte Lesezeit":"2\u00a0Minute"},"schema":{"@context":"https:\/\/schema.org","@graph":[{"@type":"WebPage","@id":"https:\/\/roadeu.com\/sklep\/de\/datenschutzbestimmungen\/","url":"https:\/\/roadeu.com\/sklep\/de\/datenschutzbestimmungen\/","name":"Datenschutzbestimmungen - Road","isPartOf":{"@id":"https:\/\/roadeu.com\/sklep\/de\/#website"},"datePublished":"2019-09-09T12:16:08+00:00","dateModified":"2025-07-29T12:18:30+00:00","breadcrumb":{"@id":"https:\/\/roadeu.com\/sklep\/de\/datenschutzbestimmungen\/#breadcrumb"},"inLanguage":"de","potentialAction":[{"@type":"ReadAction","target":["https:\/\/roadeu.com\/sklep\/de\/datenschutzbestimmungen\/"]}]},{"@type":"BreadcrumbList","@id":"https:\/\/roadeu.com\/sklep\/de\/datenschutzbestimmungen\/#breadcrumb","itemListElement":[{"@type":"ListItem","position":1,"name":"Strona g\u0142\u00f3wna","item":"https:\/\/roadeu.com\/sklep\/de\/shop\/"},{"@type":"ListItem","position":2,"name":"Datenschutzbestimmungen"}]},{"@type":"WebSite","@id":"https:\/\/roadeu.com\/sklep\/de\/#website","url":"https:\/\/roadeu.com\/sklep\/de\/","name":"Road","description":"Hurtownia Elektryczna w Dzier\u017coniowie. Producent sprz\u0119tu elektrycznego.","publisher":{"@id":"https:\/\/roadeu.com\/sklep\/de\/#organization"},"potentialAction":[{"@type":"SearchAction","target":{"@type":"EntryPoint","urlTemplate":"https:\/\/roadeu.com\/sklep\/de\/?s={search_term_string}"},"query-input":{"@type":"PropertyValueSpecification","valueRequired":true,"valueName":"search_term_string"}}],"inLanguage":"de"},{"@type":"Organization","@id":"https:\/\/roadeu.com\/sklep\/de\/#organization","name":"Road","url":"https:\/\/roadeu.com\/sklep\/de\/","logo":{"@type":"ImageObject","inLanguage":"de","@id":"https:\/\/roadeu.com\/sklep\/de\/#\/schema\/logo\/image\/","url":"https:\/\/roadeu.com\/sklep\/wp-content\/uploads\/2025\/05\/logotype-lg-pl.png","contentUrl":"https:\/\/roadeu.com\/sklep\/wp-content\/uploads\/2025\/05\/logotype-lg-pl.png","width":300,"height":70,"caption":"Road"},"image":{"@id":"https:\/\/roadeu.com\/sklep\/de\/#\/schema\/logo\/image\/"}}]}},"_links":{"self":[{"href":"https:\/\/roadeu.com\/sklep\/de\/wp-json\/wp\/v2\/pages\/8285","targetHints":{"allow":["GET"]}}],"collection":[{"href":"https:\/\/roadeu.com\/sklep\/de\/wp-json\/wp\/v2\/pages"}],"about":[{"href":"https:\/\/roadeu.com\/sklep\/de\/wp-json\/wp\/v2\/types\/page"}],"author":[{"embeddable":true,"href":"https:\/\/roadeu.com\/sklep\/de\/wp-json\/wp\/v2\/users\/1"}],"replies":[{"embeddable":true,"href":"https:\/\/roadeu.com\/sklep\/de\/wp-json\/wp\/v2\/comments?post=8285"}],"version-history":[{"count":1,"href":"https:\/\/roadeu.com\/sklep\/de\/wp-json\/wp\/v2\/pages\/8285\/revisions"}],"predecessor-version":[{"id":8544,"href":"https:\/\/roadeu.com\/sklep\/de\/wp-json\/wp\/v2\/pages\/8285\/revisions\/8544"}],"wp:attachment":[{"href":"https:\/\/roadeu.com\/sklep\/de\/wp-json\/wp\/v2\/media?parent=8285"}],"curies":[{"name":"wp","href":"https:\/\/api.w.org\/{rel}","templated":true}]}}