{"id":10528,"date":"2023-12-11T20:44:27","date_gmt":"2023-12-11T19:44:27","guid":{"rendered":"https:\/\/roadeu.com\/chi-siamo\/"},"modified":"2025-12-16T09:28:36","modified_gmt":"2025-12-16T08:28:36","slug":"chi-siamo","status":"publish","type":"page","link":"https:\/\/roadeu.com\/it\/chi-siamo\/","title":{"rendered":"Chi siamo"},"content":{"rendered":"\t\t<div data-elementor-type=\"wp-page\" data-elementor-id=\"10528\" class=\"elementor elementor-10528 elementor-6815\" data-elementor-post-type=\"page\">\n\t\t\t\t<div class=\"elementor-element elementor-element-9c2a2fe e-con-full qode_elementor_container_inner e-flex parallax_section_no e-con e-parent\" data-id=\"9c2a2fe\" data-element_type=\"container\" data-settings=\"{&quot;background_background&quot;:&quot;classic&quot;}\">\n\t\t<div class=\"elementor-element elementor-element-2f1786a e-flex e-con-boxed parallax_section_no qode_elementor_container_no e-con e-child\" data-id=\"2f1786a\" data-element_type=\"container\">\n\t\t\t\t\t<div class=\"e-con-inner\">\n\t\t\t\t<div class=\"elementor-element elementor-element-2dafa93 elementor-widget elementor-widget-bridge_image_gallery\" data-id=\"2dafa93\" data-element_type=\"widget\" data-widget_type=\"bridge_image_gallery.default\">\n\t\t\t\t<div class=\"elementor-widget-container\">\n\t\t\t\t\t<div class=\"qode-image-gallery\"><div class=\"qode-image-gallery-inner\"><div class=\"qode-image-gallery-slides drag_enabled wpb_image_grid\" data-interval=\"\"data-control=&quot;false&quot;data-direction=&quot;false&quot;data-pause-on-hover=&quot;false&quot;data-drag=&quot;true&quot;><div class=\"gallery_holder\"><ul class=\"gallery_inner   v0\"><li class=\"no_grayscale\"><img decoding=\"async\" src=\"https:\/\/roadeu.com\/wp-content\/uploads\/2024\/02\/h1-img-01a.jpg\" \/><\/li><\/ul><\/div><\/div><\/div><\/div>\t\t\t\t<\/div>\n\t\t\t\t<\/div>\n\t\t\t\t\t<\/div>\n\t\t\t\t<\/div>\n\t\t<div class=\"elementor-element elementor-element-1445222 e-flex e-con-boxed parallax_section_no qode_elementor_container_no e-con e-child\" data-id=\"1445222\" data-element_type=\"container\" data-settings=\"{&quot;background_background&quot;:&quot;classic&quot;}\">\n\t\t\t\t\t<div class=\"e-con-inner\">\n\t\t\t\t<div class=\"elementor-element elementor-element-79cf5e8 elementor-widget elementor-widget-text-editor\" data-id=\"79cf5e8\" data-element_type=\"widget\" data-widget_type=\"text-editor.default\">\n\t\t\t\t<div class=\"elementor-widget-container\">\n\t\t\t\t\t\t\t\t\t<p>CONOSCERCI<\/p>\t\t\t\t\t\t\t\t<\/div>\n\t\t\t\t<\/div>\n\t\t\t\t<div class=\"elementor-element elementor-element-a194799 elementor-widget elementor-widget-text-editor\" data-id=\"a194799\" data-element_type=\"widget\" data-widget_type=\"text-editor.default\">\n\t\t\t\t<div class=\"elementor-widget-container\">\n\t\t\t\t\t\t\t\t\t<h2 class=\"mkdf-st-title\">Informazioni sulla strada<\/h2>\t\t\t\t\t\t\t\t<\/div>\n\t\t\t\t<\/div>\n\t\t\t\t<div class=\"elementor-element elementor-element-fbf295e elementor-widget elementor-widget-text-editor\" data-id=\"fbf295e\" data-element_type=\"widget\" data-widget_type=\"text-editor.default\">\n\t\t\t\t<div class=\"elementor-widget-container\">\n\t\t\t\t\t\t\t\t\t<p>Road \u00e8 un&#8217;azienda a conduzione familiare con oltre 20 anni di esperienza sul mercato, specializzata nella produzione di quadri elettrici di alta qualit\u00e0 e nella distribuzione di materiale elettrico.<\/p><p>La nostra azienda \u00e8 proprietaria del marchio <strong>RoadEu<\/strong> e ha ampliato le sue attivit\u00e0 nei mercati esteri.<\/p><p>Puntiamo sulla precisione, sull&#8217;affidabilit\u00e0 e su un approccio individuale a ogni lavoro, offrendo prodotti su misura sia per grandi progetti edili che per piccoli progetti elettrici.<\/p>\t\t\t\t\t\t\t\t<\/div>\n\t\t\t\t<\/div>\n\t\t\t\t\t<\/div>\n\t\t\t\t<\/div>\n\t\t\t\t<\/div>\n\t\t<div class=\"elementor-element elementor-element-0e9f626 e-con-full qode_elementor_container_inner e-flex parallax_section_no e-con e-parent\" data-id=\"0e9f626\" data-element_type=\"container\" data-settings=\"{&quot;background_background&quot;:&quot;classic&quot;}\">\n\t\t<div class=\"elementor-element elementor-element-f47848b e-flex e-con-boxed parallax_section_no qode_elementor_container_no e-con e-child\" data-id=\"f47848b\" data-element_type=\"container\" data-settings=\"{&quot;background_background&quot;:&quot;classic&quot;}\">\n\t\t\t\t\t<div class=\"e-con-inner\">\n\t\t\t\t<div class=\"elementor-element elementor-element-c541413 elementor-widget elementor-widget-text-editor\" data-id=\"c541413\" data-element_type=\"widget\" data-widget_type=\"text-editor.default\">\n\t\t\t\t<div class=\"elementor-widget-container\">\n\t\t\t\t\t\t\t\t\t<p>PONIAMO L&#8217;ACCENTO SU<\/p>\t\t\t\t\t\t\t\t<\/div>\n\t\t\t\t<\/div>\n\t\t\t\t<div class=\"elementor-element elementor-element-cc5fc3f elementor-widget elementor-widget-text-editor\" data-id=\"cc5fc3f\" data-element_type=\"widget\" data-widget_type=\"text-editor.default\">\n\t\t\t\t<div class=\"elementor-widget-container\">\n\t\t\t\t\t\t\t\t\t<h2 class=\"mkdf-st-title\">Qualit\u00e0<\/h2>\t\t\t\t\t\t\t\t<\/div>\n\t\t\t\t<\/div>\n\t\t\t\t<div class=\"elementor-element elementor-element-e825635 elementor-widget__width-initial elementor-widget elementor-widget-text-editor\" data-id=\"e825635\" data-element_type=\"widget\" data-widget_type=\"text-editor.default\">\n\t\t\t\t<div class=\"elementor-widget-container\">\n\t\t\t\t\t\t\t\t\t<p><strong>Road<\/strong> si distingue per l&#8217;affidabilit\u00e0 e l&#8217;alta qualit\u00e0 dei suoi prodotti, che sono la pietra miliare della sua attivit\u00e0.<\/p><p><strong>Un servizio clienti professionale: <\/strong>forniamo consulenza e assistenza in ogni fase della collaborazione.<\/p><p>Grazie a una logistica organizzata in modo efficiente e a un approccio flessibile, garantiamo una consegna rapida degli ordini, indipendentemente dalla loro entit\u00e0.<\/p><p>La nostra attenzione ai dettagli, la puntualit\u00e0 e l&#8217;approccio individuale ci hanno fatto guadagnare la fiducia e la fedelt\u00e0 dei clienti di tutto il settore.<\/p>\t\t\t\t\t\t\t\t<\/div>\n\t\t\t\t<\/div>\n\t\t\t\t<div class=\"elementor-element elementor-element-10c2b08 elementor-widget elementor-widget-bridge_button_v2\" data-id=\"10c2b08\" data-element_type=\"widget\" data-widget_type=\"bridge_button_v2.default\">\n\t\t\t\t<div class=\"elementor-widget-container\">\n\t\t\t\t\t\n\n\t<a href=\"https:\/\/roadeu.com\/oferta\" target=\"_self\"  class=\"qode-btn qode-btn-medium qode-btn-solid qode-btn-default-hover\"  >\n\t    <span class=\"qode-btn-text\">Controlla l&#039;offerta<\/span>\t<\/a>\n\n\t\t\t\t<\/div>\n\t\t\t\t<\/div>\n\t\t\t\t\t<\/div>\n\t\t\t\t<\/div>\n\t\t<div class=\"elementor-element elementor-element-0427083 e-flex e-con-boxed parallax_section_no qode_elementor_container_no e-con e-child\" data-id=\"0427083\" data-element_type=\"container\">\n\t\t\t\t\t<div class=\"e-con-inner\">\n\t\t\t\t<div class=\"elementor-element elementor-element-abba9d4 elementor-widget elementor-widget-bridge_image_gallery\" data-id=\"abba9d4\" data-element_type=\"widget\" data-widget_type=\"bridge_image_gallery.default\">\n\t\t\t\t<div class=\"elementor-widget-container\">\n\t\t\t\t\t<div class=\"qode-image-gallery\"><div class=\"qode-image-gallery-inner\"><div class=\"qode-image-gallery-slides drag_enabled wpb_image_grid\" data-interval=\"\"data-control=&quot;false&quot;data-direction=&quot;false&quot;data-pause-on-hover=&quot;false&quot;data-drag=&quot;true&quot;><div class=\"gallery_holder\"><ul class=\"gallery_inner   v0\"><li class=\"no_grayscale\"><img decoding=\"async\" src=\"https:\/\/roadeu.com\/wp-content\/uploads\/2025\/03\/222-e1743423098682.jpg\" \/><\/li><\/ul><\/div><\/div><\/div><\/div>\t\t\t\t<\/div>\n\t\t\t\t<\/div>\n\t\t\t\t\t<\/div>\n\t\t\t\t<\/div>\n\t\t\t\t<\/div>\n\t\t\t\t<\/div>\n\t\t","protected":false},"excerpt":{"rendered":"<p>CONOSCERCI Informazioni sulla strada Road \u00e8 un&#8217;azienda a conduzione familiare con oltre 20 anni di esperienza sul mercato, specializzata nella produzione di quadri elettrici di alta qualit\u00e0 e nella distribuzione di materiale elettrico. La nostra azienda \u00e8 proprietaria del marchio RoadEu e ha ampliato le&#8230;<\/p>\n","protected":false},"author":1,"featured_media":0,"parent":0,"menu_order":0,"comment_status":"closed","ping_status":"closed","template":"full_width.php","meta":{"footnotes":""},"class_list":["post-10528","page","type-page","status-publish","hentry"],"yoast_head":"<!-- This site is optimized with the Yoast SEO plugin v25.1 - https:\/\/yoast.com\/wordpress\/plugins\/seo\/ -->\n<title>Chi siamo - Road<\/title>\n<meta name=\"robots\" content=\"index, follow, max-snippet:-1, max-image-preview:large, max-video-preview:-1\" \/>\n<link rel=\"canonical\" href=\"https:\/\/roadeu.com\/it\/chi-siamo\/\" \/>\n<meta property=\"og:locale\" content=\"it_IT\" \/>\n<meta property=\"og:type\" content=\"article\" \/>\n<meta property=\"og:title\" content=\"Chi siamo - Road\" \/>\n<meta property=\"og:description\" content=\"CONOSCERCI Informazioni sulla strada Road \u00e8 un&#8217;azienda a conduzione familiare con oltre 20 anni di esperienza sul mercato, specializzata nella produzione di quadri elettrici di alta qualit\u00e0 e nella distribuzione di materiale elettrico. La nostra azienda \u00e8 proprietaria del marchio RoadEu e ha ampliato le...\" \/>\n<meta property=\"og:url\" content=\"https:\/\/roadeu.com\/it\/chi-siamo\/\" \/>\n<meta property=\"og:site_name\" content=\"Road\" \/>\n<meta property=\"article:modified_time\" content=\"2025-12-16T08:28:36+00:00\" \/>\n<meta property=\"og:image\" content=\"https:\/\/roadeu.com\/wp-content\/uploads\/2024\/02\/h1-img-01a.jpg\" \/>\n<meta name=\"twitter:card\" content=\"summary_large_image\" \/>\n<meta name=\"twitter:label1\" content=\"Tempo di lettura stimato\" \/>\n\t<meta name=\"twitter:data1\" content=\"1 minuto\" \/>\n<script type=\"application\/ld+json\" class=\"yoast-schema-graph\">{\"@context\":\"https:\/\/schema.org\",\"@graph\":[{\"@type\":\"WebPage\",\"@id\":\"https:\/\/roadeu.com\/it\/chi-siamo\/\",\"url\":\"https:\/\/roadeu.com\/it\/chi-siamo\/\",\"name\":\"Chi siamo - Road\",\"isPartOf\":{\"@id\":\"https:\/\/roadeu.com\/it\/#website\"},\"primaryImageOfPage\":{\"@id\":\"https:\/\/roadeu.com\/it\/chi-siamo\/#primaryimage\"},\"image\":{\"@id\":\"https:\/\/roadeu.com\/it\/chi-siamo\/#primaryimage\"},\"thumbnailUrl\":\"https:\/\/roadeu.com\/wp-content\/uploads\/2024\/02\/h1-img-01a.jpg\",\"datePublished\":\"2023-12-11T19:44:27+00:00\",\"dateModified\":\"2025-12-16T08:28:36+00:00\",\"breadcrumb\":{\"@id\":\"https:\/\/roadeu.com\/it\/chi-siamo\/#breadcrumb\"},\"inLanguage\":\"it-IT\",\"potentialAction\":[{\"@type\":\"ReadAction\",\"target\":[\"https:\/\/roadeu.com\/it\/chi-siamo\/\"]}]},{\"@type\":\"ImageObject\",\"inLanguage\":\"it-IT\",\"@id\":\"https:\/\/roadeu.com\/it\/chi-siamo\/#primaryimage\",\"url\":\"https:\/\/roadeu.com\/wp-content\/uploads\/2024\/02\/h1-img-01a.jpg\",\"contentUrl\":\"https:\/\/roadeu.com\/wp-content\/uploads\/2024\/02\/h1-img-01a.jpg\"},{\"@type\":\"BreadcrumbList\",\"@id\":\"https:\/\/roadeu.com\/it\/chi-siamo\/#breadcrumb\",\"itemListElement\":[{\"@type\":\"ListItem\",\"position\":1,\"name\":\"Strona g\u0142\u00f3wna\",\"item\":\"https:\/\/roadeu.com\/it\/home\/\"},{\"@type\":\"ListItem\",\"position\":2,\"name\":\"Chi siamo\"}]},{\"@type\":\"WebSite\",\"@id\":\"https:\/\/roadeu.com\/it\/#website\",\"url\":\"https:\/\/roadeu.com\/it\/\",\"name\":\"Road\",\"description\":\"\",\"potentialAction\":[{\"@type\":\"SearchAction\",\"target\":{\"@type\":\"EntryPoint\",\"urlTemplate\":\"https:\/\/roadeu.com\/it\/?s={search_term_string}\"},\"query-input\":{\"@type\":\"PropertyValueSpecification\",\"valueRequired\":true,\"valueName\":\"search_term_string\"}}],\"inLanguage\":\"it-IT\"}]}<\/script>\n<!-- \/ Yoast SEO plugin. -->","yoast_head_json":{"title":"Chi siamo - Road","robots":{"index":"index","follow":"follow","max-snippet":"max-snippet:-1","max-image-preview":"max-image-preview:large","max-video-preview":"max-video-preview:-1"},"canonical":"https:\/\/roadeu.com\/it\/chi-siamo\/","og_locale":"it_IT","og_type":"article","og_title":"Chi siamo - Road","og_description":"CONOSCERCI Informazioni sulla strada Road \u00e8 un&#8217;azienda a conduzione familiare con oltre 20 anni di esperienza sul mercato, specializzata nella produzione di quadri elettrici di alta qualit\u00e0 e nella distribuzione di materiale elettrico. La nostra azienda \u00e8 proprietaria del marchio RoadEu e ha ampliato le...","og_url":"https:\/\/roadeu.com\/it\/chi-siamo\/","og_site_name":"Road","article_modified_time":"2025-12-16T08:28:36+00:00","og_image":[{"url":"https:\/\/roadeu.com\/wp-content\/uploads\/2024\/02\/h1-img-01a.jpg","type":"","width":"","height":""}],"twitter_card":"summary_large_image","twitter_misc":{"Tempo di lettura stimato":"1 minuto"},"schema":{"@context":"https:\/\/schema.org","@graph":[{"@type":"WebPage","@id":"https:\/\/roadeu.com\/it\/chi-siamo\/","url":"https:\/\/roadeu.com\/it\/chi-siamo\/","name":"Chi siamo - Road","isPartOf":{"@id":"https:\/\/roadeu.com\/it\/#website"},"primaryImageOfPage":{"@id":"https:\/\/roadeu.com\/it\/chi-siamo\/#primaryimage"},"image":{"@id":"https:\/\/roadeu.com\/it\/chi-siamo\/#primaryimage"},"thumbnailUrl":"https:\/\/roadeu.com\/wp-content\/uploads\/2024\/02\/h1-img-01a.jpg","datePublished":"2023-12-11T19:44:27+00:00","dateModified":"2025-12-16T08:28:36+00:00","breadcrumb":{"@id":"https:\/\/roadeu.com\/it\/chi-siamo\/#breadcrumb"},"inLanguage":"it-IT","potentialAction":[{"@type":"ReadAction","target":["https:\/\/roadeu.com\/it\/chi-siamo\/"]}]},{"@type":"ImageObject","inLanguage":"it-IT","@id":"https:\/\/roadeu.com\/it\/chi-siamo\/#primaryimage","url":"https:\/\/roadeu.com\/wp-content\/uploads\/2024\/02\/h1-img-01a.jpg","contentUrl":"https:\/\/roadeu.com\/wp-content\/uploads\/2024\/02\/h1-img-01a.jpg"},{"@type":"BreadcrumbList","@id":"https:\/\/roadeu.com\/it\/chi-siamo\/#breadcrumb","itemListElement":[{"@type":"ListItem","position":1,"name":"Strona g\u0142\u00f3wna","item":"https:\/\/roadeu.com\/it\/home\/"},{"@type":"ListItem","position":2,"name":"Chi siamo"}]},{"@type":"WebSite","@id":"https:\/\/roadeu.com\/it\/#website","url":"https:\/\/roadeu.com\/it\/","name":"Road","description":"","potentialAction":[{"@type":"SearchAction","target":{"@type":"EntryPoint","urlTemplate":"https:\/\/roadeu.com\/it\/?s={search_term_string}"},"query-input":{"@type":"PropertyValueSpecification","valueRequired":true,"valueName":"search_term_string"}}],"inLanguage":"it-IT"}]}},"_links":{"self":[{"href":"https:\/\/roadeu.com\/it\/wp-json\/wp\/v2\/pages\/10528","targetHints":{"allow":["GET"]}}],"collection":[{"href":"https:\/\/roadeu.com\/it\/wp-json\/wp\/v2\/pages"}],"about":[{"href":"https:\/\/roadeu.com\/it\/wp-json\/wp\/v2\/types\/page"}],"author":[{"embeddable":true,"href":"https:\/\/roadeu.com\/it\/wp-json\/wp\/v2\/users\/1"}],"replies":[{"embeddable":true,"href":"https:\/\/roadeu.com\/it\/wp-json\/wp\/v2\/comments?post=10528"}],"version-history":[{"count":12,"href":"https:\/\/roadeu.com\/it\/wp-json\/wp\/v2\/pages\/10528\/revisions"}],"predecessor-version":[{"id":10605,"href":"https:\/\/roadeu.com\/it\/wp-json\/wp\/v2\/pages\/10528\/revisions\/10605"}],"wp:attachment":[{"href":"https:\/\/roadeu.com\/it\/wp-json\/wp\/v2\/media?parent=10528"}],"curies":[{"name":"wp","href":"https:\/\/api.w.org\/{rel}","templated":true}]}}