{"id":10307,"date":"2025-02-14T12:01:53","date_gmt":"2025-02-14T11:01:53","guid":{"rendered":"https:\/\/roadeu.com\/offre\/tableaux-de-distribution-jeux-de-douilles\/"},"modified":"2025-05-28T10:18:03","modified_gmt":"2025-05-28T08:18:03","slug":"tableaux-de-distribution-jeux-de-douilles","status":"publish","type":"page","link":"https:\/\/roadeu.com\/fr\/offre\/tableaux-de-distribution-jeux-de-douilles\/","title":{"rendered":"Tableaux de distribution &#8211; jeux de douilles"},"content":{"rendered":"\t\t<div data-elementor-type=\"wp-page\" data-elementor-id=\"10307\" class=\"elementor elementor-10307 elementor-9809\" data-elementor-post-type=\"page\">\n\t\t\t\t<div class=\"elementor-element elementor-element-c7bf356 e-con-full qode_elementor_container_inner e-flex parallax_section_no e-con e-parent\" data-id=\"c7bf356\" data-element_type=\"container\" data-settings=\"{&quot;background_background&quot;:&quot;classic&quot;}\">\n\t\t<div class=\"elementor-element elementor-element-6cfb9c3 e-flex e-con-boxed parallax_section_no qode_elementor_container_no e-con e-child\" data-id=\"6cfb9c3\" data-element_type=\"container\" data-settings=\"{&quot;background_background&quot;:&quot;classic&quot;}\">\n\t\t\t\t\t<div class=\"e-con-inner\">\n\t\t\t\t<div class=\"elementor-element elementor-element-1f10195 elementor-widget elementor-widget-text-editor\" data-id=\"1f10195\" data-element_type=\"widget\" data-widget_type=\"text-editor.default\">\n\t\t\t\t<div class=\"elementor-widget-container\">\n\t\t\t\t\t\t\t\t\t<p>LE COMMERCE DE GROS ET DE D\u00c9TAIL<\/p>\t\t\t\t\t\t\t\t<\/div>\n\t\t\t\t<\/div>\n\t\t\t\t<div class=\"elementor-element elementor-element-97807dc elementor-widget elementor-widget-text-editor\" data-id=\"97807dc\" data-element_type=\"widget\" data-widget_type=\"text-editor.default\">\n\t\t\t\t<div class=\"elementor-widget-container\">\n\t\t\t\t\t\t\t\t\t<h2>Configuration des emplacements pour chaque application<\/h2>\t\t\t\t\t\t\t\t<\/div>\n\t\t\t\t<\/div>\n\t\t\t\t<div class=\"elementor-element elementor-element-259a712 elementor-widget elementor-widget-text-editor\" data-id=\"259a712\" data-element_type=\"widget\" data-widget_type=\"text-editor.default\">\n\t\t\t\t<div class=\"elementor-widget-container\">\n\t\t\t\t\t\t\t\t\t<p>Jeux de douilles compacts sur bo\u00eetiers en plastique.<\/p>\t\t\t\t\t\t\t\t<\/div>\n\t\t\t\t<\/div>\n\t\t\t\t<div class=\"elementor-element elementor-element-61fa580 elementor-widget elementor-widget-bridge_blockquote\" data-id=\"61fa580\" data-element_type=\"widget\" data-widget_type=\"bridge_blockquote.default\">\n\t\t\t\t<div class=\"elementor-widget-container\">\n\t\t\t\t\t<blockquote class=' with_quote_icon' style='border-left-color: #E8E8E9;'><i class='fa fa-quote-right' style='color: #ed4323;'><\/i><h5 class='blockquote-text' style=' line-height: 30px;'>Une large gamme de kits pour une utilisation sur le chantier, dans l'atelier, dans le magasin et pour un usage domestique.<\/h5><\/blockquote>\t\t\t\t<\/div>\n\t\t\t\t<\/div>\n\t\t\t\t<div class=\"elementor-element elementor-element-f941ebc elementor-widget elementor-widget-text-editor\" data-id=\"f941ebc\" data-element_type=\"widget\" data-widget_type=\"text-editor.default\">\n\t\t\t\t<div class=\"elementor-widget-container\">\n\t\t\t\t\t\t\t\t\t<p>Ce type d&rsquo;appareillage permet d&rsquo;\u00e9conomiser beaucoup d&rsquo;espace et de temps par rapport \u00e0 la m\u00e9thode traditionnelle qui consiste \u00e0 installer des prises s\u00e9par\u00e9es. Les tableaux sont pr\u00e9-\u00e9quip\u00e9s, ce qui signifie que les prises sont branch\u00e9es et pr\u00eates \u00e0 l&#8217;emploi. Dans le cas d&rsquo;un appareillage de commutation avec des prises prot\u00e9g\u00e9es par des disjoncteurs de surintensit\u00e9, toute la section de fusibles est \u00e9galement connect\u00e9e et configur\u00e9e pour le fonctionnement. Nos nombreuses ann\u00e9es d&rsquo;exp\u00e9rience dans ce type de production nous permettent de cr\u00e9er des configurations optimales pour r\u00e9pondre \u00e0 des besoins divers.<\/p>\t\t\t\t\t\t\t\t<\/div>\n\t\t\t\t<\/div>\n\t\t\t\t\t<\/div>\n\t\t\t\t<\/div>\n\t\t\t\t<\/div>\n\t\t<div class=\"elementor-element elementor-element-e1093cc e-con-full e-flex parallax_section_no qode_elementor_container_no e-con e-parent\" data-id=\"e1093cc\" data-element_type=\"container\" data-settings=\"{&quot;background_background&quot;:&quot;classic&quot;}\">\n\t\t\t\t<div class=\"elementor-element elementor-element-5cceee3 elementor-widget elementor-widget-text-editor\" data-id=\"5cceee3\" data-element_type=\"widget\" data-widget_type=\"text-editor.default\">\n\t\t\t\t<div class=\"elementor-widget-container\">\n\t\t\t\t\t\t\t\t\t<h1><span style=\"color: #ffffff;\">Exemples de produits<\/span><\/h1>\t\t\t\t\t\t\t\t<\/div>\n\t\t\t\t<\/div>\n\t\t\t\t<div class=\"elementor-element elementor-element-b19c861 elementor-widget elementor-widget-bridge_portfolio_slider\" data-id=\"b19c861\" data-element_type=\"widget\" data-widget_type=\"bridge_portfolio_slider.default\">\n\t\t\t\t<div class=\"elementor-widget-container\">\n\t\t\t\t\t<div class='portfolio_slider_holder clearfix'><div class='portfolio_slider'  data-number_of_items='3'  data-autoplay='yes'  ><ul class='portfolio_slides'><li class='item'><div class='image_holder'><span class='image'><span class='image_pixel_hover'><\/span><a itemprop='url' href='https:\/\/roadeu.com\/fr\/portfolio_page\/appareils-de-commutation-pour-le-jardin-et-latelier\/' target='_self'><img fetchpriority=\"high\" decoding=\"async\" width=\"570\" height=\"570\" src=\"https:\/\/roadeu.com\/wp-content\/uploads\/2025\/02\/B09LS91RWC.PT04-570x570.jpg\" class=\"attachment-portfolio-square size-portfolio-square wp-post-image\" alt=\"\" srcset=\"https:\/\/roadeu.com\/wp-content\/uploads\/2025\/02\/B09LS91RWC.PT04-570x570.jpg 570w, https:\/\/roadeu.com\/wp-content\/uploads\/2025\/02\/B09LS91RWC.PT04-150x150.jpg 150w, https:\/\/roadeu.com\/wp-content\/uploads\/2025\/02\/B09LS91RWC.PT04-500x500.jpg 500w, https:\/\/roadeu.com\/wp-content\/uploads\/2025\/02\/B09LS91RWC.PT04-1000x1000.jpg 1000w, https:\/\/roadeu.com\/wp-content\/uploads\/2025\/02\/B09LS91RWC.PT04-650x650.jpg 650w\" sizes=\"(max-width: 570px) 100vw, 570px\" \/><\/a><\/span><div class='hover_feature_holder'><div class=\"hover_feature_holder_outer\"><div class=\"hover_feature_holder_inner\"><h4 itemprop=\"name\" class=\"portfolio_title entry_title\"><a itemprop=\"url\" href=\"https:\/\/roadeu.com\/fr\/portfolio_page\/appareils-de-commutation-pour-le-jardin-et-latelier\/\" target=\"_self\">Appareils de commutation pour le jardin et l&rsquo;atelier<\/a><\/h4><span class=\"separator small transparent\"><\/span><div class=\"project_category\">Accessoires \u00e9lectriques, Tableaux de distribution - jeux de douilles<\/div><\/div><\/div><\/div><\/div><\/li><li class='item'><div class='image_holder'><span class='image'><span class='image_pixel_hover'><\/span><a itemprop='url' href='https:\/\/roadeu.com\/fr\/portfolio_page\/appareils-de-commutation-avec-protection\/' target='_self'><img decoding=\"async\" width=\"570\" height=\"570\" src=\"https:\/\/roadeu.com\/wp-content\/uploads\/2025\/02\/6001-60-2-570x570.jpg\" class=\"attachment-portfolio-square size-portfolio-square wp-post-image\" alt=\"\" srcset=\"https:\/\/roadeu.com\/wp-content\/uploads\/2025\/02\/6001-60-2-570x570.jpg 570w, https:\/\/roadeu.com\/wp-content\/uploads\/2025\/02\/6001-60-2-150x150.jpg 150w, https:\/\/roadeu.com\/wp-content\/uploads\/2025\/02\/6001-60-2-500x500.jpg 500w, https:\/\/roadeu.com\/wp-content\/uploads\/2025\/02\/6001-60-2-650x650.jpg 650w\" sizes=\"(max-width: 570px) 100vw, 570px\" \/><\/a><\/span><div class='hover_feature_holder'><div class=\"hover_feature_holder_outer\"><div class=\"hover_feature_holder_inner\"><h4 itemprop=\"name\" class=\"portfolio_title entry_title\"><a itemprop=\"url\" href=\"https:\/\/roadeu.com\/fr\/portfolio_page\/appareils-de-commutation-avec-protection\/\" target=\"_self\">Appareils de commutation avec protection<\/a><\/h4><span class=\"separator small transparent\"><\/span><div class=\"project_category\">Accessoires \u00e9lectriques, Tableaux de distribution - jeux de douilles<\/div><\/div><\/div><\/div><\/div><\/li><li class='item'><div class='image_holder'><span class='image'><span class='image_pixel_hover'><\/span><a itemprop='url' href='https:\/\/roadeu.com\/fr\/portfolio_page\/appareils-de-commutation-combines\/' target='_self'><img decoding=\"async\" width=\"570\" height=\"570\" src=\"https:\/\/roadeu.com\/wp-content\/uploads\/2025\/02\/slim03-570x570.jpg\" class=\"attachment-portfolio-square size-portfolio-square wp-post-image\" alt=\"\" srcset=\"https:\/\/roadeu.com\/wp-content\/uploads\/2025\/02\/slim03-570x570.jpg 570w, https:\/\/roadeu.com\/wp-content\/uploads\/2025\/02\/slim03-150x150.jpg 150w, https:\/\/roadeu.com\/wp-content\/uploads\/2025\/02\/slim03-500x500.jpg 500w, https:\/\/roadeu.com\/wp-content\/uploads\/2025\/02\/slim03-1000x1000.jpg 1000w, https:\/\/roadeu.com\/wp-content\/uploads\/2025\/02\/slim03-650x650.jpg 650w\" sizes=\"(max-width: 570px) 100vw, 570px\" \/><\/a><\/span><div class='hover_feature_holder'><div class=\"hover_feature_holder_outer\"><div class=\"hover_feature_holder_inner\"><h4 itemprop=\"name\" class=\"portfolio_title entry_title\"><a itemprop=\"url\" href=\"https:\/\/roadeu.com\/fr\/portfolio_page\/appareils-de-commutation-combines\/\" target=\"_self\">Appareils de commutation combin\u00e9s<\/a><\/h4><span class=\"separator small transparent\"><\/span><div class=\"project_category\">Accessoires \u00e9lectriques, Tableaux de distribution - jeux de douilles<\/div><\/div><\/div><\/div><\/div><\/li><\/ul><\/div><\/div>\t\t\t\t<\/div>\n\t\t\t\t<\/div>\n\t\t\t\t<\/div>\n\t\t\t\t<\/div>\n\t\t","protected":false},"excerpt":{"rendered":"<p>LE COMMERCE DE GROS ET DE D\u00c9TAIL Configuration des emplacements pour chaque application Jeux de douilles compacts sur bo\u00eetiers en plastique. Une large gamme de kits pour une utilisation sur le chantier, dans l&rsquo;atelier, dans le magasin et pour un usage domestique. Ce type d&rsquo;appareillage&#8230;<\/p>\n","protected":false},"author":1,"featured_media":0,"parent":10303,"menu_order":0,"comment_status":"closed","ping_status":"closed","template":"full_width.php","meta":{"footnotes":""},"class_list":["post-10307","page","type-page","status-publish","hentry"],"yoast_head":"<!-- This site is optimized with the Yoast SEO plugin v25.1 - https:\/\/yoast.com\/wordpress\/plugins\/seo\/ -->\n<title>Tableaux de distribution - jeux de douilles - Road<\/title>\n<meta name=\"robots\" content=\"index, follow, max-snippet:-1, max-image-preview:large, max-video-preview:-1\" \/>\n<link rel=\"canonical\" href=\"https:\/\/roadeu.com\/fr\/offre\/tableaux-de-distribution-jeux-de-douilles\/\" \/>\n<meta property=\"og:locale\" content=\"fr_FR\" \/>\n<meta property=\"og:type\" content=\"article\" \/>\n<meta property=\"og:title\" content=\"Tableaux de distribution - jeux de douilles - Road\" \/>\n<meta property=\"og:description\" content=\"LE COMMERCE DE GROS ET DE D\u00c9TAIL Configuration des emplacements pour chaque application Jeux de douilles compacts sur bo\u00eetiers en plastique. Une large gamme de kits pour une utilisation sur le chantier, dans l&rsquo;atelier, dans le magasin et pour un usage domestique. Ce type d&rsquo;appareillage...\" \/>\n<meta property=\"og:url\" content=\"https:\/\/roadeu.com\/fr\/offre\/tableaux-de-distribution-jeux-de-douilles\/\" \/>\n<meta property=\"og:site_name\" content=\"Road\" \/>\n<meta property=\"article:modified_time\" content=\"2025-05-28T08:18:03+00:00\" \/>\n<meta property=\"og:image\" content=\"https:\/\/roadeu.com\/wp-content\/uploads\/2025\/02\/slim03-570x570.jpg\" \/>\n<meta name=\"twitter:card\" content=\"summary_large_image\" \/>\n<meta name=\"twitter:label1\" content=\"Dur\u00e9e de lecture estim\u00e9e\" \/>\n\t<meta name=\"twitter:data1\" content=\"1 minute\" \/>\n<script type=\"application\/ld+json\" class=\"yoast-schema-graph\">{\"@context\":\"https:\/\/schema.org\",\"@graph\":[{\"@type\":\"WebPage\",\"@id\":\"https:\/\/roadeu.com\/fr\/offre\/tableaux-de-distribution-jeux-de-douilles\/\",\"url\":\"https:\/\/roadeu.com\/fr\/offre\/tableaux-de-distribution-jeux-de-douilles\/\",\"name\":\"Tableaux de distribution - jeux de douilles - Road\",\"isPartOf\":{\"@id\":\"https:\/\/roadeu.com\/fr\/#website\"},\"primaryImageOfPage\":{\"@id\":\"https:\/\/roadeu.com\/fr\/offre\/tableaux-de-distribution-jeux-de-douilles\/#primaryimage\"},\"image\":{\"@id\":\"https:\/\/roadeu.com\/fr\/offre\/tableaux-de-distribution-jeux-de-douilles\/#primaryimage\"},\"thumbnailUrl\":\"https:\/\/roadeu.com\/wp-content\/uploads\/2025\/02\/slim03-570x570.jpg\",\"datePublished\":\"2025-02-14T11:01:53+00:00\",\"dateModified\":\"2025-05-28T08:18:03+00:00\",\"breadcrumb\":{\"@id\":\"https:\/\/roadeu.com\/fr\/offre\/tableaux-de-distribution-jeux-de-douilles\/#breadcrumb\"},\"inLanguage\":\"fr-FR\",\"potentialAction\":[{\"@type\":\"ReadAction\",\"target\":[\"https:\/\/roadeu.com\/fr\/offre\/tableaux-de-distribution-jeux-de-douilles\/\"]}]},{\"@type\":\"ImageObject\",\"inLanguage\":\"fr-FR\",\"@id\":\"https:\/\/roadeu.com\/fr\/offre\/tableaux-de-distribution-jeux-de-douilles\/#primaryimage\",\"url\":\"https:\/\/roadeu.com\/wp-content\/uploads\/2025\/02\/slim03-570x570.jpg\",\"contentUrl\":\"https:\/\/roadeu.com\/wp-content\/uploads\/2025\/02\/slim03-570x570.jpg\"},{\"@type\":\"BreadcrumbList\",\"@id\":\"https:\/\/roadeu.com\/fr\/offre\/tableaux-de-distribution-jeux-de-douilles\/#breadcrumb\",\"itemListElement\":[{\"@type\":\"ListItem\",\"position\":1,\"name\":\"Strona g\u0142\u00f3wna\",\"item\":\"https:\/\/roadeu.com\/fr\/accueil\/\"},{\"@type\":\"ListItem\",\"position\":2,\"name\":\"Offre\",\"item\":\"https:\/\/roadeu.com\/fr\/offre\/\"},{\"@type\":\"ListItem\",\"position\":3,\"name\":\"Tableaux de distribution &#8211; jeux de douilles\"}]},{\"@type\":\"WebSite\",\"@id\":\"https:\/\/roadeu.com\/fr\/#website\",\"url\":\"https:\/\/roadeu.com\/fr\/\",\"name\":\"Road\",\"description\":\"\",\"potentialAction\":[{\"@type\":\"SearchAction\",\"target\":{\"@type\":\"EntryPoint\",\"urlTemplate\":\"https:\/\/roadeu.com\/fr\/?s={search_term_string}\"},\"query-input\":{\"@type\":\"PropertyValueSpecification\",\"valueRequired\":true,\"valueName\":\"search_term_string\"}}],\"inLanguage\":\"fr-FR\"}]}<\/script>\n<!-- \/ Yoast SEO plugin. -->","yoast_head_json":{"title":"Tableaux de distribution - jeux de douilles - Road","robots":{"index":"index","follow":"follow","max-snippet":"max-snippet:-1","max-image-preview":"max-image-preview:large","max-video-preview":"max-video-preview:-1"},"canonical":"https:\/\/roadeu.com\/fr\/offre\/tableaux-de-distribution-jeux-de-douilles\/","og_locale":"fr_FR","og_type":"article","og_title":"Tableaux de distribution - jeux de douilles - Road","og_description":"LE COMMERCE DE GROS ET DE D\u00c9TAIL Configuration des emplacements pour chaque application Jeux de douilles compacts sur bo\u00eetiers en plastique. Une large gamme de kits pour une utilisation sur le chantier, dans l&rsquo;atelier, dans le magasin et pour un usage domestique. Ce type d&rsquo;appareillage...","og_url":"https:\/\/roadeu.com\/fr\/offre\/tableaux-de-distribution-jeux-de-douilles\/","og_site_name":"Road","article_modified_time":"2025-05-28T08:18:03+00:00","og_image":[{"url":"https:\/\/roadeu.com\/wp-content\/uploads\/2025\/02\/slim03-570x570.jpg","type":"","width":"","height":""}],"twitter_card":"summary_large_image","twitter_misc":{"Dur\u00e9e de lecture estim\u00e9e":"1 minute"},"schema":{"@context":"https:\/\/schema.org","@graph":[{"@type":"WebPage","@id":"https:\/\/roadeu.com\/fr\/offre\/tableaux-de-distribution-jeux-de-douilles\/","url":"https:\/\/roadeu.com\/fr\/offre\/tableaux-de-distribution-jeux-de-douilles\/","name":"Tableaux de distribution - jeux de douilles - Road","isPartOf":{"@id":"https:\/\/roadeu.com\/fr\/#website"},"primaryImageOfPage":{"@id":"https:\/\/roadeu.com\/fr\/offre\/tableaux-de-distribution-jeux-de-douilles\/#primaryimage"},"image":{"@id":"https:\/\/roadeu.com\/fr\/offre\/tableaux-de-distribution-jeux-de-douilles\/#primaryimage"},"thumbnailUrl":"https:\/\/roadeu.com\/wp-content\/uploads\/2025\/02\/slim03-570x570.jpg","datePublished":"2025-02-14T11:01:53+00:00","dateModified":"2025-05-28T08:18:03+00:00","breadcrumb":{"@id":"https:\/\/roadeu.com\/fr\/offre\/tableaux-de-distribution-jeux-de-douilles\/#breadcrumb"},"inLanguage":"fr-FR","potentialAction":[{"@type":"ReadAction","target":["https:\/\/roadeu.com\/fr\/offre\/tableaux-de-distribution-jeux-de-douilles\/"]}]},{"@type":"ImageObject","inLanguage":"fr-FR","@id":"https:\/\/roadeu.com\/fr\/offre\/tableaux-de-distribution-jeux-de-douilles\/#primaryimage","url":"https:\/\/roadeu.com\/wp-content\/uploads\/2025\/02\/slim03-570x570.jpg","contentUrl":"https:\/\/roadeu.com\/wp-content\/uploads\/2025\/02\/slim03-570x570.jpg"},{"@type":"BreadcrumbList","@id":"https:\/\/roadeu.com\/fr\/offre\/tableaux-de-distribution-jeux-de-douilles\/#breadcrumb","itemListElement":[{"@type":"ListItem","position":1,"name":"Strona g\u0142\u00f3wna","item":"https:\/\/roadeu.com\/fr\/accueil\/"},{"@type":"ListItem","position":2,"name":"Offre","item":"https:\/\/roadeu.com\/fr\/offre\/"},{"@type":"ListItem","position":3,"name":"Tableaux de distribution &#8211; jeux de douilles"}]},{"@type":"WebSite","@id":"https:\/\/roadeu.com\/fr\/#website","url":"https:\/\/roadeu.com\/fr\/","name":"Road","description":"","potentialAction":[{"@type":"SearchAction","target":{"@type":"EntryPoint","urlTemplate":"https:\/\/roadeu.com\/fr\/?s={search_term_string}"},"query-input":{"@type":"PropertyValueSpecification","valueRequired":true,"valueName":"search_term_string"}}],"inLanguage":"fr-FR"}]}},"_links":{"self":[{"href":"https:\/\/roadeu.com\/fr\/wp-json\/wp\/v2\/pages\/10307","targetHints":{"allow":["GET"]}}],"collection":[{"href":"https:\/\/roadeu.com\/fr\/wp-json\/wp\/v2\/pages"}],"about":[{"href":"https:\/\/roadeu.com\/fr\/wp-json\/wp\/v2\/types\/page"}],"author":[{"embeddable":true,"href":"https:\/\/roadeu.com\/fr\/wp-json\/wp\/v2\/users\/1"}],"replies":[{"embeddable":true,"href":"https:\/\/roadeu.com\/fr\/wp-json\/wp\/v2\/comments?post=10307"}],"version-history":[{"count":4,"href":"https:\/\/roadeu.com\/fr\/wp-json\/wp\/v2\/pages\/10307\/revisions"}],"predecessor-version":[{"id":10478,"href":"https:\/\/roadeu.com\/fr\/wp-json\/wp\/v2\/pages\/10307\/revisions\/10478"}],"up":[{"embeddable":true,"href":"https:\/\/roadeu.com\/fr\/wp-json\/wp\/v2\/pages\/10303"}],"wp:attachment":[{"href":"https:\/\/roadeu.com\/fr\/wp-json\/wp\/v2\/media?parent=10307"}],"curies":[{"name":"wp","href":"https:\/\/api.w.org\/{rel}","templated":true}]}}