{"id":10590,"date":"2025-02-14T12:46:12","date_gmt":"2025-02-14T11:46:12","guid":{"rendered":"https:\/\/roadeu.com\/oferta\/adaptadores-y-cables-alargadores\/"},"modified":"2025-12-16T09:43:30","modified_gmt":"2025-12-16T08:43:30","slug":"adaptadores-y-cables-alargadores","status":"publish","type":"page","link":"https:\/\/roadeu.com\/es\/oferta\/adaptadores-y-cables-alargadores\/","title":{"rendered":"Adaptadores y cables alargadores"},"content":{"rendered":"\t\t<div data-elementor-type=\"wp-page\" data-elementor-id=\"10590\" class=\"elementor elementor-10590 elementor-9841\" data-elementor-post-type=\"page\">\n\t\t\t\t<div class=\"elementor-element elementor-element-c7bf356 e-con-full qode_elementor_container_inner e-flex parallax_section_no e-con e-parent\" data-id=\"c7bf356\" data-element_type=\"container\" data-settings=\"{&quot;background_background&quot;:&quot;classic&quot;}\">\n\t\t<div class=\"elementor-element elementor-element-6cfb9c3 e-flex e-con-boxed parallax_section_no qode_elementor_container_no e-con e-child\" data-id=\"6cfb9c3\" data-element_type=\"container\" data-settings=\"{&quot;background_background&quot;:&quot;classic&quot;}\">\n\t\t\t\t\t<div class=\"e-con-inner\">\n\t\t\t\t<div class=\"elementor-element elementor-element-1f10195 elementor-widget elementor-widget-text-editor\" data-id=\"1f10195\" data-element_type=\"widget\" data-widget_type=\"text-editor.default\">\n\t\t\t\t<div class=\"elementor-widget-container\">\n\t\t\t\t\t\t\t\t\t<p>PRODUCCI\u00d3N PROPIA<\/p>\t\t\t\t\t\t\t\t<\/div>\n\t\t\t\t<\/div>\n\t\t\t\t<div class=\"elementor-element elementor-element-97807dc elementor-widget elementor-widget-text-editor\" data-id=\"97807dc\" data-element_type=\"widget\" data-widget_type=\"text-editor.default\">\n\t\t\t\t<div class=\"elementor-widget-container\">\n\t\t\t\t\t\t\t\t\t<h2>Adaptadores para distintos tipos de conectores el\u00e9ctricos<\/h2>\t\t\t\t\t\t\t\t<\/div>\n\t\t\t\t<\/div>\n\t\t\t\t<div class=\"elementor-element elementor-element-259a712 elementor-widget elementor-widget-text-editor\" data-id=\"259a712\" data-element_type=\"widget\" data-widget_type=\"text-editor.default\">\n\t\t\t\t<div class=\"elementor-widget-container\">\n\t\t\t\t\t\t\t\t\t<p>Los adaptadores se utilizan cuando el tipo de conector existente no se ajusta al receptor. El ejemplo m\u00e1s sencillo es una toma de corriente existente que no tenga una salida monof\u00e1sica adicional. El uso de un adaptador elimina este problema.  <\/p>\t\t\t\t\t\t\t\t<\/div>\n\t\t\t\t<\/div>\n\t\t\t\t<div class=\"elementor-element elementor-element-61fa580 elementor-widget elementor-widget-bridge_blockquote\" data-id=\"61fa580\" data-element_type=\"widget\" data-widget_type=\"bridge_blockquote.default\">\n\t\t\t\t<div class=\"elementor-widget-container\">\n\t\t\t\t\t<blockquote class=' with_quote_icon' style='border-left-color: #E8E8E9;'><i class='fa fa-quote-right' style='color: #ed4323;'><\/i><h5 class='blockquote-text' style=' line-height: 30px;'>La clase de protecci\u00f3n IP44 (protecci\u00f3n contra objetos extra\u00f1os y salpicaduras de agua) permite utilizar el adaptador en obras tanto en interiores como en exteriores.<\/h5><\/blockquote>\t\t\t\t<\/div>\n\t\t\t\t<\/div>\n\t\t\t\t<div class=\"elementor-element elementor-element-f941ebc elementor-widget elementor-widget-text-editor\" data-id=\"f941ebc\" data-element_type=\"widget\" data-widget_type=\"text-editor.default\">\n\t\t\t\t<div class=\"elementor-widget-container\">\n\t\t\t\t\t\t\t\t\t<p>Nuestros adaptadores est\u00e1n fabricados con mangueras de goma resistentes a los efectos negativos de los productos qu\u00edmicos, los aceites y las condiciones meteorol\u00f3gicas.<\/p>\t\t\t\t\t\t\t\t<\/div>\n\t\t\t\t<\/div>\n\t\t\t\t\t<\/div>\n\t\t\t\t<\/div>\n\t\t\t\t<\/div>\n\t\t<div class=\"elementor-element elementor-element-e1093cc e-con-full e-flex parallax_section_no qode_elementor_container_no e-con e-parent\" data-id=\"e1093cc\" data-element_type=\"container\" data-settings=\"{&quot;background_background&quot;:&quot;classic&quot;}\">\n\t\t\t\t<div class=\"elementor-element elementor-element-5cceee3 elementor-widget elementor-widget-text-editor\" data-id=\"5cceee3\" data-element_type=\"widget\" data-widget_type=\"text-editor.default\">\n\t\t\t\t<div class=\"elementor-widget-container\">\n\t\t\t\t\t\t\t\t\t<h1><span style=\"color: #ffffff;\">Ejemplos de productos<\/span><\/h1>\t\t\t\t\t\t\t\t<\/div>\n\t\t\t\t<\/div>\n\t\t\t\t<div class=\"elementor-element elementor-element-b19c861 elementor-widget elementor-widget-bridge_portfolio_slider\" data-id=\"b19c861\" data-element_type=\"widget\" data-widget_type=\"bridge_portfolio_slider.default\">\n\t\t\t\t<div class=\"elementor-widget-container\">\n\t\t\t\t\t<div class='portfolio_slider_holder clearfix'><div class='portfolio_slider'  data-number_of_items='3'  ><ul class='portfolio_slides'>Sorry, no posts matched your criteria.<\/ul><\/div><\/div>\t\t\t\t<\/div>\n\t\t\t\t<\/div>\n\t\t\t\t<\/div>\n\t\t\t\t<\/div>\n\t\t","protected":false},"excerpt":{"rendered":"<p>PRODUCCI\u00d3N PROPIA Adaptadores para distintos tipos de conectores el\u00e9ctricos Los adaptadores se utilizan cuando el tipo de conector existente no se ajusta al receptor. El ejemplo m\u00e1s sencillo es una toma de corriente existente que no tenga una salida monof\u00e1sica adicional. El uso de un&#8230;<\/p>\n","protected":false},"author":1,"featured_media":0,"parent":10585,"menu_order":0,"comment_status":"closed","ping_status":"closed","template":"full_width.php","meta":{"footnotes":""},"class_list":["post-10590","page","type-page","status-publish","hentry"],"yoast_head":"<!-- This site is optimized with the Yoast SEO plugin v25.1 - https:\/\/yoast.com\/wordpress\/plugins\/seo\/ -->\n<title>Adaptadores y cables alargadores - Road<\/title>\n<meta name=\"robots\" content=\"index, follow, max-snippet:-1, max-image-preview:large, max-video-preview:-1\" \/>\n<link rel=\"canonical\" href=\"https:\/\/roadeu.com\/es\/oferta\/adaptadores-y-cables-alargadores\/\" \/>\n<meta property=\"og:locale\" content=\"es_ES\" \/>\n<meta property=\"og:type\" content=\"article\" \/>\n<meta property=\"og:title\" content=\"Adaptadores y cables alargadores - Road\" \/>\n<meta property=\"og:description\" content=\"PRODUCCI\u00d3N PROPIA Adaptadores para distintos tipos de conectores el\u00e9ctricos Los adaptadores se utilizan cuando el tipo de conector existente no se ajusta al receptor. El ejemplo m\u00e1s sencillo es una toma de corriente existente que no tenga una salida monof\u00e1sica adicional. El uso de un...\" \/>\n<meta property=\"og:url\" content=\"https:\/\/roadeu.com\/es\/oferta\/adaptadores-y-cables-alargadores\/\" \/>\n<meta property=\"og:site_name\" content=\"Road\" \/>\n<meta property=\"article:modified_time\" content=\"2025-12-16T08:43:30+00:00\" \/>\n<meta name=\"twitter:card\" content=\"summary_large_image\" \/>\n<meta name=\"twitter:label1\" content=\"Tiempo de lectura\" \/>\n\t<meta name=\"twitter:data1\" content=\"1 minuto\" \/>\n<script type=\"application\/ld+json\" class=\"yoast-schema-graph\">{\"@context\":\"https:\/\/schema.org\",\"@graph\":[{\"@type\":\"WebPage\",\"@id\":\"https:\/\/roadeu.com\/es\/oferta\/adaptadores-y-cables-alargadores\/\",\"url\":\"https:\/\/roadeu.com\/es\/oferta\/adaptadores-y-cables-alargadores\/\",\"name\":\"Adaptadores y cables alargadores - Road\",\"isPartOf\":{\"@id\":\"https:\/\/roadeu.com\/es\/#website\"},\"datePublished\":\"2025-02-14T11:46:12+00:00\",\"dateModified\":\"2025-12-16T08:43:30+00:00\",\"breadcrumb\":{\"@id\":\"https:\/\/roadeu.com\/es\/oferta\/adaptadores-y-cables-alargadores\/#breadcrumb\"},\"inLanguage\":\"es\",\"potentialAction\":[{\"@type\":\"ReadAction\",\"target\":[\"https:\/\/roadeu.com\/es\/oferta\/adaptadores-y-cables-alargadores\/\"]}]},{\"@type\":\"BreadcrumbList\",\"@id\":\"https:\/\/roadeu.com\/es\/oferta\/adaptadores-y-cables-alargadores\/#breadcrumb\",\"itemListElement\":[{\"@type\":\"ListItem\",\"position\":1,\"name\":\"Strona g\u0142\u00f3wna\",\"item\":\"https:\/\/roadeu.com\/es\/inicio\/\"},{\"@type\":\"ListItem\",\"position\":2,\"name\":\"Oferta\",\"item\":\"https:\/\/roadeu.com\/es\/oferta\/\"},{\"@type\":\"ListItem\",\"position\":3,\"name\":\"Adaptadores y cables alargadores\"}]},{\"@type\":\"WebSite\",\"@id\":\"https:\/\/roadeu.com\/es\/#website\",\"url\":\"https:\/\/roadeu.com\/es\/\",\"name\":\"Road\",\"description\":\"\",\"potentialAction\":[{\"@type\":\"SearchAction\",\"target\":{\"@type\":\"EntryPoint\",\"urlTemplate\":\"https:\/\/roadeu.com\/es\/?s={search_term_string}\"},\"query-input\":{\"@type\":\"PropertyValueSpecification\",\"valueRequired\":true,\"valueName\":\"search_term_string\"}}],\"inLanguage\":\"es\"}]}<\/script>\n<!-- \/ Yoast SEO plugin. -->","yoast_head_json":{"title":"Adaptadores y cables alargadores - Road","robots":{"index":"index","follow":"follow","max-snippet":"max-snippet:-1","max-image-preview":"max-image-preview:large","max-video-preview":"max-video-preview:-1"},"canonical":"https:\/\/roadeu.com\/es\/oferta\/adaptadores-y-cables-alargadores\/","og_locale":"es_ES","og_type":"article","og_title":"Adaptadores y cables alargadores - Road","og_description":"PRODUCCI\u00d3N PROPIA Adaptadores para distintos tipos de conectores el\u00e9ctricos Los adaptadores se utilizan cuando el tipo de conector existente no se ajusta al receptor. El ejemplo m\u00e1s sencillo es una toma de corriente existente que no tenga una salida monof\u00e1sica adicional. El uso de un...","og_url":"https:\/\/roadeu.com\/es\/oferta\/adaptadores-y-cables-alargadores\/","og_site_name":"Road","article_modified_time":"2025-12-16T08:43:30+00:00","twitter_card":"summary_large_image","twitter_misc":{"Tiempo de lectura":"1 minuto"},"schema":{"@context":"https:\/\/schema.org","@graph":[{"@type":"WebPage","@id":"https:\/\/roadeu.com\/es\/oferta\/adaptadores-y-cables-alargadores\/","url":"https:\/\/roadeu.com\/es\/oferta\/adaptadores-y-cables-alargadores\/","name":"Adaptadores y cables alargadores - Road","isPartOf":{"@id":"https:\/\/roadeu.com\/es\/#website"},"datePublished":"2025-02-14T11:46:12+00:00","dateModified":"2025-12-16T08:43:30+00:00","breadcrumb":{"@id":"https:\/\/roadeu.com\/es\/oferta\/adaptadores-y-cables-alargadores\/#breadcrumb"},"inLanguage":"es","potentialAction":[{"@type":"ReadAction","target":["https:\/\/roadeu.com\/es\/oferta\/adaptadores-y-cables-alargadores\/"]}]},{"@type":"BreadcrumbList","@id":"https:\/\/roadeu.com\/es\/oferta\/adaptadores-y-cables-alargadores\/#breadcrumb","itemListElement":[{"@type":"ListItem","position":1,"name":"Strona g\u0142\u00f3wna","item":"https:\/\/roadeu.com\/es\/inicio\/"},{"@type":"ListItem","position":2,"name":"Oferta","item":"https:\/\/roadeu.com\/es\/oferta\/"},{"@type":"ListItem","position":3,"name":"Adaptadores y cables alargadores"}]},{"@type":"WebSite","@id":"https:\/\/roadeu.com\/es\/#website","url":"https:\/\/roadeu.com\/es\/","name":"Road","description":"","potentialAction":[{"@type":"SearchAction","target":{"@type":"EntryPoint","urlTemplate":"https:\/\/roadeu.com\/es\/?s={search_term_string}"},"query-input":{"@type":"PropertyValueSpecification","valueRequired":true,"valueName":"search_term_string"}}],"inLanguage":"es"}]}},"_links":{"self":[{"href":"https:\/\/roadeu.com\/es\/wp-json\/wp\/v2\/pages\/10590","targetHints":{"allow":["GET"]}}],"collection":[{"href":"https:\/\/roadeu.com\/es\/wp-json\/wp\/v2\/pages"}],"about":[{"href":"https:\/\/roadeu.com\/es\/wp-json\/wp\/v2\/types\/page"}],"author":[{"embeddable":true,"href":"https:\/\/roadeu.com\/es\/wp-json\/wp\/v2\/users\/1"}],"replies":[{"embeddable":true,"href":"https:\/\/roadeu.com\/es\/wp-json\/wp\/v2\/comments?post=10590"}],"version-history":[{"count":2,"href":"https:\/\/roadeu.com\/es\/wp-json\/wp\/v2\/pages\/10590\/revisions"}],"predecessor-version":[{"id":10635,"href":"https:\/\/roadeu.com\/es\/wp-json\/wp\/v2\/pages\/10590\/revisions\/10635"}],"up":[{"embeddable":true,"href":"https:\/\/roadeu.com\/es\/wp-json\/wp\/v2\/pages\/10585"}],"wp:attachment":[{"href":"https:\/\/roadeu.com\/es\/wp-json\/wp\/v2\/media?parent=10590"}],"curies":[{"name":"wp","href":"https:\/\/api.w.org\/{rel}","templated":true}]}}