{"id":10285,"date":"2025-02-14T12:01:53","date_gmt":"2025-02-14T11:01:53","guid":{"rendered":"https:\/\/roadeu.com\/angebot\/verteilerschraenke-steckschluesselsaetze\/"},"modified":"2025-05-28T10:15:04","modified_gmt":"2025-05-28T08:15:04","slug":"verteilerschraenke-steckschluesselsaetze","status":"publish","type":"page","link":"https:\/\/roadeu.com\/de\/angebot\/verteilerschraenke-steckschluesselsaetze\/","title":{"rendered":"Verteilerschr\u00e4nke &#8211; Steckschl\u00fcssels\u00e4tze"},"content":{"rendered":"\t\t<div data-elementor-type=\"wp-page\" data-elementor-id=\"10285\" class=\"elementor elementor-10285 elementor-9809\" data-elementor-post-type=\"page\">\n\t\t\t\t<div class=\"elementor-element elementor-element-c7bf356 e-con-full qode_elementor_container_inner e-flex parallax_section_no e-con e-parent\" data-id=\"c7bf356\" data-element_type=\"container\" data-settings=\"{&quot;background_background&quot;:&quot;classic&quot;}\">\n\t\t<div class=\"elementor-element elementor-element-6cfb9c3 e-flex e-con-boxed parallax_section_no qode_elementor_container_no e-con e-child\" data-id=\"6cfb9c3\" data-element_type=\"container\" data-settings=\"{&quot;background_background&quot;:&quot;classic&quot;}\">\n\t\t\t\t\t<div class=\"e-con-inner\">\n\t\t\t\t<div class=\"elementor-element elementor-element-1f10195 elementor-widget elementor-widget-text-editor\" data-id=\"1f10195\" data-element_type=\"widget\" data-widget_type=\"text-editor.default\">\n\t\t\t\t<div class=\"elementor-widget-container\">\n\t\t\t\t\t\t\t\t\t<p>GROSSHANDEL UND EINZELHANDEL<\/p>\t\t\t\t\t\t\t\t<\/div>\n\t\t\t\t<\/div>\n\t\t\t\t<div class=\"elementor-element elementor-element-97807dc elementor-widget elementor-widget-text-editor\" data-id=\"97807dc\" data-element_type=\"widget\" data-widget_type=\"text-editor.default\">\n\t\t\t\t<div class=\"elementor-widget-container\">\n\t\t\t\t\t\t\t\t\t<h2>Steckplatzkonfigurationen f\u00fcr jede Anwendung<\/h2>\t\t\t\t\t\t\t\t<\/div>\n\t\t\t\t<\/div>\n\t\t\t\t<div class=\"elementor-element elementor-element-259a712 elementor-widget elementor-widget-text-editor\" data-id=\"259a712\" data-element_type=\"widget\" data-widget_type=\"text-editor.default\">\n\t\t\t\t<div class=\"elementor-widget-container\">\n\t\t\t\t\t\t\t\t\t<p>Kompakte Steckschl\u00fcssels\u00e4tze auf Kunststoffgeh\u00e4usen.<\/p>\t\t\t\t\t\t\t\t<\/div>\n\t\t\t\t<\/div>\n\t\t\t\t<div class=\"elementor-element elementor-element-61fa580 elementor-widget elementor-widget-bridge_blockquote\" data-id=\"61fa580\" data-element_type=\"widget\" data-widget_type=\"bridge_blockquote.default\">\n\t\t\t\t<div class=\"elementor-widget-container\">\n\t\t\t\t\t<blockquote class=' with_quote_icon' style='border-left-color: #E8E8E9;'><i class='fa fa-quote-right' style='color: #ed4323;'><\/i><h5 class='blockquote-text' style=' line-height: 30px;'>Eine breite Palette von Baus\u00e4tzen f\u00fcr den Einsatz auf der Baustelle, in der Werkstatt, im Betrieb und im Haushalt.<\/h5><\/blockquote>\t\t\t\t<\/div>\n\t\t\t\t<\/div>\n\t\t\t\t<div class=\"elementor-element elementor-element-f941ebc elementor-widget elementor-widget-text-editor\" data-id=\"f941ebc\" data-element_type=\"widget\" data-widget_type=\"text-editor.default\">\n\t\t\t\t<div class=\"elementor-widget-container\">\n\t\t\t\t\t\t\t\t\t<p>Diese Art von Schaltanlage spart viel Platz und Zeit im Vergleich zur traditionellen Methode, separate Steckdosen zu installieren. Die Schaltanlage ist bereits &#8222;geschn\u00fcrt&#8220;, d.h. die Steckdosen sind angeschlossen und einsatzbereit. Bei Schaltanlagen mit Steckdosen, die durch \u00dcberstromschutzschalter gesch\u00fctzt sind, ist der gesamte Sicherungsbereich ebenfalls angeschlossen und f\u00fcr den Betrieb konfiguriert. Dank unserer langj\u00e4hrigen Erfahrung mit dieser Art der Produktion k\u00f6nnen wir optimale Konfigurationen f\u00fcr die unterschiedlichsten Anforderungen erstellen.   <\/p>\t\t\t\t\t\t\t\t<\/div>\n\t\t\t\t<\/div>\n\t\t\t\t\t<\/div>\n\t\t\t\t<\/div>\n\t\t\t\t<\/div>\n\t\t<div class=\"elementor-element elementor-element-e1093cc e-con-full e-flex parallax_section_no qode_elementor_container_no e-con e-parent\" data-id=\"e1093cc\" data-element_type=\"container\" data-settings=\"{&quot;background_background&quot;:&quot;classic&quot;}\">\n\t\t\t\t<div class=\"elementor-element elementor-element-5cceee3 elementor-widget elementor-widget-text-editor\" data-id=\"5cceee3\" data-element_type=\"widget\" data-widget_type=\"text-editor.default\">\n\t\t\t\t<div class=\"elementor-widget-container\">\n\t\t\t\t\t\t\t\t\t<h1><span style=\"color: #ffffff;\">Beispiele f\u00fcr Produkte<\/span><\/h1>\t\t\t\t\t\t\t\t<\/div>\n\t\t\t\t<\/div>\n\t\t\t\t<div class=\"elementor-element elementor-element-b19c861 elementor-widget elementor-widget-bridge_portfolio_slider\" data-id=\"b19c861\" data-element_type=\"widget\" data-widget_type=\"bridge_portfolio_slider.default\">\n\t\t\t\t<div class=\"elementor-widget-container\">\n\t\t\t\t\t<div class='portfolio_slider_holder clearfix'><div class='portfolio_slider'  data-number_of_items='3'  data-autoplay='yes'  ><ul class='portfolio_slides'><li class='item'><div class='image_holder'><span class='image'><span class='image_pixel_hover'><\/span><a itemprop='url' href='https:\/\/roadeu.com\/de\/portfolio_page\/schaltanlagen-fuer-garten-und-werkstatt\/' target='_self'><img fetchpriority=\"high\" decoding=\"async\" width=\"570\" height=\"570\" src=\"https:\/\/roadeu.com\/wp-content\/uploads\/2025\/02\/B09LS91RWC.PT04-570x570.jpg\" class=\"attachment-portfolio-square size-portfolio-square wp-post-image\" alt=\"\" srcset=\"https:\/\/roadeu.com\/wp-content\/uploads\/2025\/02\/B09LS91RWC.PT04-570x570.jpg 570w, https:\/\/roadeu.com\/wp-content\/uploads\/2025\/02\/B09LS91RWC.PT04-150x150.jpg 150w, https:\/\/roadeu.com\/wp-content\/uploads\/2025\/02\/B09LS91RWC.PT04-500x500.jpg 500w, https:\/\/roadeu.com\/wp-content\/uploads\/2025\/02\/B09LS91RWC.PT04-1000x1000.jpg 1000w, https:\/\/roadeu.com\/wp-content\/uploads\/2025\/02\/B09LS91RWC.PT04-650x650.jpg 650w\" sizes=\"(max-width: 570px) 100vw, 570px\" \/><\/a><\/span><div class='hover_feature_holder'><div class=\"hover_feature_holder_outer\"><div class=\"hover_feature_holder_inner\"><h4 itemprop=\"name\" class=\"portfolio_title entry_title\"><a itemprop=\"url\" href=\"https:\/\/roadeu.com\/de\/portfolio_page\/schaltanlagen-fuer-garten-und-werkstatt\/\" target=\"_self\">Schaltanlagen f\u00fcr Garten und Werkstatt<\/a><\/h4><span class=\"separator small transparent\"><\/span><div class=\"project_category\">Elektrisches Zubeh\u00f6r, Verteilerschr\u00e4nke - Steckschl\u00fcssels\u00e4tze<\/div><\/div><\/div><\/div><\/div><\/li><li class='item'><div class='image_holder'><span class='image'><span class='image_pixel_hover'><\/span><a itemprop='url' href='https:\/\/roadeu.com\/de\/portfolio_page\/schaltanlage-mit-schutz\/' target='_self'><img decoding=\"async\" width=\"570\" height=\"570\" src=\"https:\/\/roadeu.com\/wp-content\/uploads\/2025\/02\/6001-60-2-570x570.jpg\" class=\"attachment-portfolio-square size-portfolio-square wp-post-image\" alt=\"\" srcset=\"https:\/\/roadeu.com\/wp-content\/uploads\/2025\/02\/6001-60-2-570x570.jpg 570w, https:\/\/roadeu.com\/wp-content\/uploads\/2025\/02\/6001-60-2-150x150.jpg 150w, https:\/\/roadeu.com\/wp-content\/uploads\/2025\/02\/6001-60-2-500x500.jpg 500w, https:\/\/roadeu.com\/wp-content\/uploads\/2025\/02\/6001-60-2-650x650.jpg 650w\" sizes=\"(max-width: 570px) 100vw, 570px\" \/><\/a><\/span><div class='hover_feature_holder'><div class=\"hover_feature_holder_outer\"><div class=\"hover_feature_holder_inner\"><h4 itemprop=\"name\" class=\"portfolio_title entry_title\"><a itemprop=\"url\" href=\"https:\/\/roadeu.com\/de\/portfolio_page\/schaltanlage-mit-schutz\/\" target=\"_self\">Schaltanlage mit Schutz<\/a><\/h4><span class=\"separator small transparent\"><\/span><div class=\"project_category\">Elektrisches Zubeh\u00f6r, Verteilerschr\u00e4nke - Steckschl\u00fcssels\u00e4tze<\/div><\/div><\/div><\/div><\/div><\/li><li class='item'><div class='image_holder'><span class='image'><span class='image_pixel_hover'><\/span><a itemprop='url' href='https:\/\/roadeu.com\/de\/portfolio_page\/kombinierte-schaltanlage\/' target='_self'><img decoding=\"async\" width=\"570\" height=\"570\" src=\"https:\/\/roadeu.com\/wp-content\/uploads\/2025\/02\/slim03-570x570.jpg\" class=\"attachment-portfolio-square size-portfolio-square wp-post-image\" alt=\"\" srcset=\"https:\/\/roadeu.com\/wp-content\/uploads\/2025\/02\/slim03-570x570.jpg 570w, https:\/\/roadeu.com\/wp-content\/uploads\/2025\/02\/slim03-150x150.jpg 150w, https:\/\/roadeu.com\/wp-content\/uploads\/2025\/02\/slim03-500x500.jpg 500w, https:\/\/roadeu.com\/wp-content\/uploads\/2025\/02\/slim03-1000x1000.jpg 1000w, https:\/\/roadeu.com\/wp-content\/uploads\/2025\/02\/slim03-650x650.jpg 650w\" sizes=\"(max-width: 570px) 100vw, 570px\" \/><\/a><\/span><div class='hover_feature_holder'><div class=\"hover_feature_holder_outer\"><div class=\"hover_feature_holder_inner\"><h4 itemprop=\"name\" class=\"portfolio_title entry_title\"><a itemprop=\"url\" href=\"https:\/\/roadeu.com\/de\/portfolio_page\/kombinierte-schaltanlage\/\" target=\"_self\">Kombinierte Schaltanlage<\/a><\/h4><span class=\"separator small transparent\"><\/span><div class=\"project_category\">Elektrisches Zubeh\u00f6r, Verteilerschr\u00e4nke - Steckschl\u00fcssels\u00e4tze<\/div><\/div><\/div><\/div><\/div><\/li><\/ul><\/div><\/div>\t\t\t\t<\/div>\n\t\t\t\t<\/div>\n\t\t\t\t<\/div>\n\t\t\t\t<\/div>\n\t\t","protected":false},"excerpt":{"rendered":"<p>GROSSHANDEL UND EINZELHANDEL Steckplatzkonfigurationen f\u00fcr jede Anwendung Kompakte Steckschl\u00fcssels\u00e4tze auf Kunststoffgeh\u00e4usen. Eine breite Palette von Baus\u00e4tzen f\u00fcr den Einsatz auf der Baustelle, in der Werkstatt, im Betrieb und im Haushalt. Diese Art von Schaltanlage spart viel Platz und Zeit im Vergleich zur traditionellen Methode, separate&#8230;<\/p>\n","protected":false},"author":1,"featured_media":0,"parent":10281,"menu_order":0,"comment_status":"closed","ping_status":"closed","template":"full_width.php","meta":{"footnotes":""},"class_list":["post-10285","page","type-page","status-publish","hentry"],"yoast_head":"<!-- This site is optimized with the Yoast SEO plugin v25.1 - https:\/\/yoast.com\/wordpress\/plugins\/seo\/ -->\n<title>Verteilerschr\u00e4nke - Steckschl\u00fcssels\u00e4tze - Road<\/title>\n<meta name=\"robots\" content=\"index, follow, max-snippet:-1, max-image-preview:large, max-video-preview:-1\" \/>\n<link rel=\"canonical\" href=\"https:\/\/roadeu.com\/de\/angebot\/verteilerschraenke-steckschluesselsaetze\/\" \/>\n<meta property=\"og:locale\" content=\"de_DE\" \/>\n<meta property=\"og:type\" content=\"article\" \/>\n<meta property=\"og:title\" content=\"Verteilerschr\u00e4nke - Steckschl\u00fcssels\u00e4tze - Road\" \/>\n<meta property=\"og:description\" content=\"GROSSHANDEL UND EINZELHANDEL Steckplatzkonfigurationen f\u00fcr jede Anwendung Kompakte Steckschl\u00fcssels\u00e4tze auf Kunststoffgeh\u00e4usen. Eine breite Palette von Baus\u00e4tzen f\u00fcr den Einsatz auf der Baustelle, in der Werkstatt, im Betrieb und im Haushalt. Diese Art von Schaltanlage spart viel Platz und Zeit im Vergleich zur traditionellen Methode, separate...\" \/>\n<meta property=\"og:url\" content=\"https:\/\/roadeu.com\/de\/angebot\/verteilerschraenke-steckschluesselsaetze\/\" \/>\n<meta property=\"og:site_name\" content=\"Road\" \/>\n<meta property=\"article:modified_time\" content=\"2025-05-28T08:15:04+00:00\" \/>\n<meta property=\"og:image\" content=\"https:\/\/roadeu.com\/wp-content\/uploads\/2025\/02\/slim03-570x570.jpg\" \/>\n<meta name=\"twitter:card\" content=\"summary_large_image\" \/>\n<meta name=\"twitter:label1\" content=\"Gesch\u00e4tzte Lesezeit\" \/>\n\t<meta name=\"twitter:data1\" content=\"1\u00a0Minute\" \/>\n<script type=\"application\/ld+json\" class=\"yoast-schema-graph\">{\"@context\":\"https:\/\/schema.org\",\"@graph\":[{\"@type\":\"WebPage\",\"@id\":\"https:\/\/roadeu.com\/de\/angebot\/verteilerschraenke-steckschluesselsaetze\/\",\"url\":\"https:\/\/roadeu.com\/de\/angebot\/verteilerschraenke-steckschluesselsaetze\/\",\"name\":\"Verteilerschr\u00e4nke - Steckschl\u00fcssels\u00e4tze - Road\",\"isPartOf\":{\"@id\":\"https:\/\/roadeu.com\/de\/#website\"},\"primaryImageOfPage\":{\"@id\":\"https:\/\/roadeu.com\/de\/angebot\/verteilerschraenke-steckschluesselsaetze\/#primaryimage\"},\"image\":{\"@id\":\"https:\/\/roadeu.com\/de\/angebot\/verteilerschraenke-steckschluesselsaetze\/#primaryimage\"},\"thumbnailUrl\":\"https:\/\/roadeu.com\/wp-content\/uploads\/2025\/02\/slim03-570x570.jpg\",\"datePublished\":\"2025-02-14T11:01:53+00:00\",\"dateModified\":\"2025-05-28T08:15:04+00:00\",\"breadcrumb\":{\"@id\":\"https:\/\/roadeu.com\/de\/angebot\/verteilerschraenke-steckschluesselsaetze\/#breadcrumb\"},\"inLanguage\":\"de\",\"potentialAction\":[{\"@type\":\"ReadAction\",\"target\":[\"https:\/\/roadeu.com\/de\/angebot\/verteilerschraenke-steckschluesselsaetze\/\"]}]},{\"@type\":\"ImageObject\",\"inLanguage\":\"de\",\"@id\":\"https:\/\/roadeu.com\/de\/angebot\/verteilerschraenke-steckschluesselsaetze\/#primaryimage\",\"url\":\"https:\/\/roadeu.com\/wp-content\/uploads\/2025\/02\/slim03-570x570.jpg\",\"contentUrl\":\"https:\/\/roadeu.com\/wp-content\/uploads\/2025\/02\/slim03-570x570.jpg\"},{\"@type\":\"BreadcrumbList\",\"@id\":\"https:\/\/roadeu.com\/de\/angebot\/verteilerschraenke-steckschluesselsaetze\/#breadcrumb\",\"itemListElement\":[{\"@type\":\"ListItem\",\"position\":1,\"name\":\"Strona g\u0142\u00f3wna\",\"item\":\"https:\/\/roadeu.com\/de\/startseite\/\"},{\"@type\":\"ListItem\",\"position\":2,\"name\":\"Angebot\",\"item\":\"https:\/\/roadeu.com\/de\/angebot\/\"},{\"@type\":\"ListItem\",\"position\":3,\"name\":\"Verteilerschr\u00e4nke &#8211; Steckschl\u00fcssels\u00e4tze\"}]},{\"@type\":\"WebSite\",\"@id\":\"https:\/\/roadeu.com\/de\/#website\",\"url\":\"https:\/\/roadeu.com\/de\/\",\"name\":\"Road\",\"description\":\"\",\"potentialAction\":[{\"@type\":\"SearchAction\",\"target\":{\"@type\":\"EntryPoint\",\"urlTemplate\":\"https:\/\/roadeu.com\/de\/?s={search_term_string}\"},\"query-input\":{\"@type\":\"PropertyValueSpecification\",\"valueRequired\":true,\"valueName\":\"search_term_string\"}}],\"inLanguage\":\"de\"}]}<\/script>\n<!-- \/ Yoast SEO plugin. -->","yoast_head_json":{"title":"Verteilerschr\u00e4nke - Steckschl\u00fcssels\u00e4tze - Road","robots":{"index":"index","follow":"follow","max-snippet":"max-snippet:-1","max-image-preview":"max-image-preview:large","max-video-preview":"max-video-preview:-1"},"canonical":"https:\/\/roadeu.com\/de\/angebot\/verteilerschraenke-steckschluesselsaetze\/","og_locale":"de_DE","og_type":"article","og_title":"Verteilerschr\u00e4nke - Steckschl\u00fcssels\u00e4tze - Road","og_description":"GROSSHANDEL UND EINZELHANDEL Steckplatzkonfigurationen f\u00fcr jede Anwendung Kompakte Steckschl\u00fcssels\u00e4tze auf Kunststoffgeh\u00e4usen. Eine breite Palette von Baus\u00e4tzen f\u00fcr den Einsatz auf der Baustelle, in der Werkstatt, im Betrieb und im Haushalt. Diese Art von Schaltanlage spart viel Platz und Zeit im Vergleich zur traditionellen Methode, separate...","og_url":"https:\/\/roadeu.com\/de\/angebot\/verteilerschraenke-steckschluesselsaetze\/","og_site_name":"Road","article_modified_time":"2025-05-28T08:15:04+00:00","og_image":[{"url":"https:\/\/roadeu.com\/wp-content\/uploads\/2025\/02\/slim03-570x570.jpg","type":"","width":"","height":""}],"twitter_card":"summary_large_image","twitter_misc":{"Gesch\u00e4tzte Lesezeit":"1\u00a0Minute"},"schema":{"@context":"https:\/\/schema.org","@graph":[{"@type":"WebPage","@id":"https:\/\/roadeu.com\/de\/angebot\/verteilerschraenke-steckschluesselsaetze\/","url":"https:\/\/roadeu.com\/de\/angebot\/verteilerschraenke-steckschluesselsaetze\/","name":"Verteilerschr\u00e4nke - Steckschl\u00fcssels\u00e4tze - Road","isPartOf":{"@id":"https:\/\/roadeu.com\/de\/#website"},"primaryImageOfPage":{"@id":"https:\/\/roadeu.com\/de\/angebot\/verteilerschraenke-steckschluesselsaetze\/#primaryimage"},"image":{"@id":"https:\/\/roadeu.com\/de\/angebot\/verteilerschraenke-steckschluesselsaetze\/#primaryimage"},"thumbnailUrl":"https:\/\/roadeu.com\/wp-content\/uploads\/2025\/02\/slim03-570x570.jpg","datePublished":"2025-02-14T11:01:53+00:00","dateModified":"2025-05-28T08:15:04+00:00","breadcrumb":{"@id":"https:\/\/roadeu.com\/de\/angebot\/verteilerschraenke-steckschluesselsaetze\/#breadcrumb"},"inLanguage":"de","potentialAction":[{"@type":"ReadAction","target":["https:\/\/roadeu.com\/de\/angebot\/verteilerschraenke-steckschluesselsaetze\/"]}]},{"@type":"ImageObject","inLanguage":"de","@id":"https:\/\/roadeu.com\/de\/angebot\/verteilerschraenke-steckschluesselsaetze\/#primaryimage","url":"https:\/\/roadeu.com\/wp-content\/uploads\/2025\/02\/slim03-570x570.jpg","contentUrl":"https:\/\/roadeu.com\/wp-content\/uploads\/2025\/02\/slim03-570x570.jpg"},{"@type":"BreadcrumbList","@id":"https:\/\/roadeu.com\/de\/angebot\/verteilerschraenke-steckschluesselsaetze\/#breadcrumb","itemListElement":[{"@type":"ListItem","position":1,"name":"Strona g\u0142\u00f3wna","item":"https:\/\/roadeu.com\/de\/startseite\/"},{"@type":"ListItem","position":2,"name":"Angebot","item":"https:\/\/roadeu.com\/de\/angebot\/"},{"@type":"ListItem","position":3,"name":"Verteilerschr\u00e4nke &#8211; Steckschl\u00fcssels\u00e4tze"}]},{"@type":"WebSite","@id":"https:\/\/roadeu.com\/de\/#website","url":"https:\/\/roadeu.com\/de\/","name":"Road","description":"","potentialAction":[{"@type":"SearchAction","target":{"@type":"EntryPoint","urlTemplate":"https:\/\/roadeu.com\/de\/?s={search_term_string}"},"query-input":{"@type":"PropertyValueSpecification","valueRequired":true,"valueName":"search_term_string"}}],"inLanguage":"de"}]}},"_links":{"self":[{"href":"https:\/\/roadeu.com\/de\/wp-json\/wp\/v2\/pages\/10285","targetHints":{"allow":["GET"]}}],"collection":[{"href":"https:\/\/roadeu.com\/de\/wp-json\/wp\/v2\/pages"}],"about":[{"href":"https:\/\/roadeu.com\/de\/wp-json\/wp\/v2\/types\/page"}],"author":[{"embeddable":true,"href":"https:\/\/roadeu.com\/de\/wp-json\/wp\/v2\/users\/1"}],"replies":[{"embeddable":true,"href":"https:\/\/roadeu.com\/de\/wp-json\/wp\/v2\/comments?post=10285"}],"version-history":[{"count":4,"href":"https:\/\/roadeu.com\/de\/wp-json\/wp\/v2\/pages\/10285\/revisions"}],"predecessor-version":[{"id":10470,"href":"https:\/\/roadeu.com\/de\/wp-json\/wp\/v2\/pages\/10285\/revisions\/10470"}],"up":[{"embeddable":true,"href":"https:\/\/roadeu.com\/de\/wp-json\/wp\/v2\/pages\/10281"}],"wp:attachment":[{"href":"https:\/\/roadeu.com\/de\/wp-json\/wp\/v2\/media?parent=10285"}],"curies":[{"name":"wp","href":"https:\/\/api.w.org\/{rel}","templated":true}]}}